{"id":2035,"date":"2018-10-04T08:25:08","date_gmt":"2018-10-04T13:25:08","guid":{"rendered":"https:\/\/www.tamaulipas.gob.mx\/obraspublicas\/?page_id=2035"},"modified":"2022-11-18T11:05:42","modified_gmt":"2022-11-18T17:05:42","slug":"licitacion-lpe-n53-2018","status":"publish","type":"page","link":"https:\/\/www.tamaulipas.gob.mx\/obraspublicas\/licitaciones-concluidas\/licitacion-lpe-n53-2018\/","title":{"rendered":"Licitaci\u00f3n LPE-N53-2018"},"content":{"rendered":"<p>La obra esta ubicada en el municipio de <strong>Varios municipios del estado de Tamaulipas.<\/strong><\/p>\n<p>Se convoca a los interesados en participar en la Licitaci\u00f3n de car\u00e1cter Nacional para la contrataci\u00f3n de <strong>LPE-N53-2018, \u201cObras complementarias en: casa de asistencia a ni\u00f1os con capacidades diferentes San Antonio en Cd. Victoria y en inmueble que ocupa la Sala de Control del Nuevo Sistema de Justicia Penal en Tula; Trabajos varios en: interior del CEDES de Cd. Victoria; Terminaci\u00f3n de: diversas obras en San Carlos; Plaza principal en Estaci\u00f3n Colonia, Altamira y plaza principal en Villa Cuauht\u00e9moc, Altamira, en Tamaulipas.\u201d<\/strong><\/p>\n<p>Descarga aqu\u00ed la Convocatoria y sus\u00a0Bases:<\/p>\n<ul>\n<li style=\"list-style-type: none\">\n<ul>\n<li><a href=\"https:\/\/www.tamaulipas.gob.mx\/obraspublicas\/wp-content\/uploads\/sites\/9\/2018\/10\/convest-039-2018.pdf\" target=\"_blank\" rel=\"noopener noreferrer\"><i class=\"fa fa-file-pdf-o\"><\/i> Convocatoria 039<\/a><\/li>\n<li><a href=\"https:\/\/www.tamaulipas.gob.mx\/inc\/bases-lpe-n53-18.zip\"><i class=\"fa fa-file-zip-o\"><\/i> Bases para Licitaci\u00f3n 53<\/a><\/li>\n<\/ul>\n<\/li>\n<\/ul>\n<p>Visita y junta de Aclaraciones<\/p>\n<ul>\n<li><a href=\"https:\/\/www.tamaulipas.gob.mx\/obraspublicas\/wp-content\/uploads\/sites\/9\/2018\/10\/acta-de-visita-y-junta-de-aclaraciones-n53.pdf\" target=\"_blank\" rel=\"noopener noreferrer\"><i class=\"fa fa-file-pdf-o\"><\/i> Documento de Visita y Junta de Aclaraciones Licitaci\u00f3n 53<\/a><\/li>\n<\/ul>\n<p>Acta de presentaci\u00f3n y apertura de propuestas<\/p>\n<ul>\n<li><a href=\"https:\/\/www.tamaulipas.gob.mx\/obraspublicas\/wp-content\/uploads\/sites\/9\/2018\/10\/acta-de-apertura-de-proposiciones-n53.pdf\" target=\"_blank\" rel=\"noopener noreferrer\"><i class=\"fa fa-file-pdf-o\"><\/i> Documento de Acta de presentaci\u00f3n y apertura de propuestas Licitaci\u00f3n 53<\/a><\/li>\n<\/ul>\n<p>Acta de Fallo<\/p>\n<ul>\n<li><a href=\"https:\/\/www.tamaulipas.gob.mx\/obraspublicas\/wp-content\/uploads\/sites\/9\/2018\/11\/acta-de-fallo-n53.pdf\" target=\"_blank\" rel=\"noopener noreferrer\"><i class=\"fa fa-file-pdf-o\"><\/i> Documento de Acta de fallo Licitaci\u00f3n 53<\/a><\/li>\n<\/ul>\n","protected":false},"excerpt":{"rendered":"<p>La obra esta ubicada en el municipio de Varios municipios del estado de Tamaulipas. Se convoca a los interesados en participar en la Licitaci\u00f3n de\u2026<\/p>\n","protected":false},"author":48,"featured_media":0,"parent":8604,"menu_order":0,"comment_status":"closed","ping_status":"closed","template":"","meta":{"footnotes":""},"class_list":["post-2035","page","type-page","status-publish","hentry"],"publishpress_future_action":{"enabled":false,"date":"2026-05-15 12:44:43","action":"change-status","newStatus":"draft","terms":[],"taxonomy":""},"_links":{"self":[{"href":"https:\/\/www.tamaulipas.gob.mx\/obraspublicas\/wp-json\/wp\/v2\/pages\/2035"}],"collection":[{"href":"https:\/\/www.tamaulipas.gob.mx\/obraspublicas\/wp-json\/wp\/v2\/pages"}],"about":[{"href":"https:\/\/www.tamaulipas.gob.mx\/obraspublicas\/wp-json\/wp\/v2\/types\/page"}],"author":[{"embeddable":true,"href":"https:\/\/www.tamaulipas.gob.mx\/obraspublicas\/wp-json\/wp\/v2\/users\/48"}],"replies":[{"embeddable":true,"href":"https:\/\/www.tamaulipas.gob.mx\/obraspublicas\/wp-json\/wp\/v2\/comments?post=2035"}],"version-history":[{"count":10,"href":"https:\/\/www.tamaulipas.gob.mx\/obraspublicas\/wp-json\/wp\/v2\/pages\/2035\/revisions"}],"predecessor-version":[{"id":5362,"href":"https:\/\/www.tamaulipas.gob.mx\/obraspublicas\/wp-json\/wp\/v2\/pages\/2035\/revisions\/5362"}],"up":[{"embeddable":true,"href":"https:\/\/www.tamaulipas.gob.mx\/obraspublicas\/wp-json\/wp\/v2\/pages\/8604"}],"wp:attachment":[{"href":"https:\/\/www.tamaulipas.gob.mx\/obraspublicas\/wp-json\/wp\/v2\/media?parent=2035"}],"curies":[{"name":"wp","href":"https:\/\/api.w.org\/{rel}","templated":true}]}}