{"id":197,"date":"2016-11-22T10:21:17","date_gmt":"2016-11-22T16:21:17","guid":{"rendered":"http:\/\/www.tamaulipas.gob.mx\/obraspublicas\/?page_id=197"},"modified":"2023-05-12T14:49:21","modified_gmt":"2023-05-12T20:49:21","slug":"construccion","status":"publish","type":"page","link":"https:\/\/www.tamaulipas.gob.mx\/obraspublicas\/construccion\/","title":{"rendered":"Subsecretar\u00eda de Construcci\u00f3n"},"content":{"rendered":"<p><span style=\"font-weight: 400;\">Coordina las acciones de construcci\u00f3n, de ampliaci\u00f3n y rehabilitaci\u00f3n de edificios p\u00fablicos, de seguridad, de salud y\/o instalaciones deportivas.<\/span><\/p>\n<p><span style=\"font-weight: 400;\">Da seguimiento a las obras no relacionadas con construcci\u00f3n de puentes peatonales, puentes vehiculares, caminos rurales y carreteras en las distintas regiones del estado.<\/span><\/p>\n<p>&nbsp;<\/p>\n","protected":false},"excerpt":{"rendered":"<p>Coordina las acciones de construcci\u00f3n, de ampliaci\u00f3n y rehabilitaci\u00f3n de edificios p\u00fablicos, de seguridad, de salud y\/o instalaciones deportivas. Da seguimiento a las obras no\u2026<\/p>\n","protected":false},"author":7,"featured_media":0,"parent":0,"menu_order":0,"comment_status":"closed","ping_status":"closed","template":"","meta":{"footnotes":""},"class_list":["post-197","page","type-page","status-publish","hentry"],"publishpress_future_action":{"enabled":false,"date":"2026-05-15 11:38:58","action":"change-status","newStatus":"draft","terms":[],"taxonomy":""},"_links":{"self":[{"href":"https:\/\/www.tamaulipas.gob.mx\/obraspublicas\/wp-json\/wp\/v2\/pages\/197"}],"collection":[{"href":"https:\/\/www.tamaulipas.gob.mx\/obraspublicas\/wp-json\/wp\/v2\/pages"}],"about":[{"href":"https:\/\/www.tamaulipas.gob.mx\/obraspublicas\/wp-json\/wp\/v2\/types\/page"}],"author":[{"embeddable":true,"href":"https:\/\/www.tamaulipas.gob.mx\/obraspublicas\/wp-json\/wp\/v2\/users\/7"}],"replies":[{"embeddable":true,"href":"https:\/\/www.tamaulipas.gob.mx\/obraspublicas\/wp-json\/wp\/v2\/comments?post=197"}],"version-history":[{"count":6,"href":"https:\/\/www.tamaulipas.gob.mx\/obraspublicas\/wp-json\/wp\/v2\/pages\/197\/revisions"}],"predecessor-version":[{"id":8996,"href":"https:\/\/www.tamaulipas.gob.mx\/obraspublicas\/wp-json\/wp\/v2\/pages\/197\/revisions\/8996"}],"wp:attachment":[{"href":"https:\/\/www.tamaulipas.gob.mx\/obraspublicas\/wp-json\/wp\/v2\/media?parent=197"}],"curies":[{"name":"wp","href":"https:\/\/api.w.org\/{rel}","templated":true}]}}