{"id":1930,"date":"2018-09-19T15:59:26","date_gmt":"2018-09-19T20:59:26","guid":{"rendered":"https:\/\/www.tamaulipas.gob.mx\/obraspublicas\/?page_id=1930"},"modified":"2022-11-18T11:05:41","modified_gmt":"2022-11-18T17:05:41","slug":"licitacion-lpe-n45-2018","status":"publish","type":"page","link":"https:\/\/www.tamaulipas.gob.mx\/obraspublicas\/licitaciones-concluidas\/licitacion-lpe-n45-2018\/","title":{"rendered":"Licitaci\u00f3n LPE-N45-2018"},"content":{"rendered":"<p>La obra esta ubicada en el municipio de <strong>Altamira, Tamaulipas.<\/strong><\/p>\n<p>Se convoca a los interesados en participar en la Licitaci\u00f3n de car\u00e1cter Nacional para la contrataci\u00f3n de <strong>LPE-N45-2018, \u201cReposici\u00f3n de 700 m de tuber\u00eda de PVC para alcantarillado 91 cm de di\u00e1metro, serie 25 en calle Blvd. de Los R\u00edos entre calle 11 y Av. de La Industria, fraccionamiento FIMEX, incluye: descargas, en Altamira, Tamaulipas.\u201d<\/strong><\/p>\n<p>Descarga aqu\u00ed la Convocatoria y sus\u00a0Bases:<\/p>\n<ul>\n<li><a href=\"https:\/\/www.tamaulipas.gob.mx\/obraspublicas\/wp-content\/uploads\/sites\/9\/2018\/09\/convest-032-2018.pdf\" target=\"_blank\" rel=\"noopener noreferrer\"><i class=\"fa fa-file-pdf-o\"><\/i> Convocatoria 032<\/a><\/li>\n<li><a href=\"https:\/\/www.tamaulipas.gob.mx\/obraspublicas\/wp-content\/uploads\/sites\/9\/2018\/09\/bases-lpe-n45-18.zip\" target=\"_blank\" rel=\"noopener noreferrer\"><i class=\"fa fa-file-zip-o\"><\/i> Bases para Licitaci\u00f3n 45<\/a><\/li>\n<\/ul>\n<p>Visita y junta de Aclaraciones<\/p>\n<ul>\n<li><a href=\"https:\/\/www.tamaulipas.gob.mx\/obraspublicas\/wp-content\/uploads\/sites\/9\/2018\/09\/acta-de-visita-y-junta-de-aclaraciones-n45.pdf\" target=\"_blank\" rel=\"noopener noreferrer\"><i class=\"fa fa-file-pdf-o\"><\/i> Documento de Visita y Junta de Aclaraciones Licitaci\u00f3n 45<\/a><\/li>\n<li><a href=\"https:\/\/www.tamaulipas.gob.mx\/obraspublicas\/wp-content\/uploads\/sites\/9\/2018\/09\/oficio-de-aclaraciones-n1-n45.pdf\" target=\"_blank\" rel=\"noopener noreferrer\"><i class=\"fa fa-file-pdf-o\"><\/i> Documento de Oficio de Aclaraciones N\u00b01 Licitaci\u00f3n 45<\/a><\/li>\n<\/ul>\n<p>Acta de presentaci\u00f3n y apertura de propuestas<\/p>\n<ul>\n<li><a href=\"https:\/\/www.tamaulipas.gob.mx\/obraspublicas\/wp-content\/uploads\/sites\/9\/2018\/10\/acta-de-apertura-de-proposiciones-n45.pdf\" target=\"_blank\" rel=\"noopener noreferrer\"><i class=\"fa fa-file-pdf-o\"><\/i> Documento de Acta de presentaci\u00f3n y apertura de propuestas Licitaci\u00f3n 45<\/a><\/li>\n<\/ul>\n<p>Acta de Fallo<\/p>\n<ul>\n<li><a href=\"https:\/\/www.tamaulipas.gob.mx\/obraspublicas\/wp-content\/uploads\/sites\/9\/2018\/10\/acta-de-fallo-n45.pdf\" target=\"_blank\" rel=\"noopener noreferrer\"><i class=\"fa fa-file-pdf-o\"><\/i> Documento de Acta de fallo Licitaci\u00f3n 45<\/a><\/li>\n<\/ul>\n","protected":false},"excerpt":{"rendered":"<p>La obra esta ubicada en el municipio de Altamira, Tamaulipas. Se convoca a los interesados en participar en la Licitaci\u00f3n de car\u00e1cter Nacional para la\u2026<\/p>\n","protected":false},"author":48,"featured_media":0,"parent":8604,"menu_order":0,"comment_status":"closed","ping_status":"closed","template":"","meta":{"footnotes":""},"class_list":["post-1930","page","type-page","status-publish","hentry"],"publishpress_future_action":{"enabled":false,"date":"2026-05-15 12:44:50","action":"change-status","newStatus":"draft","terms":[],"taxonomy":""},"_links":{"self":[{"href":"https:\/\/www.tamaulipas.gob.mx\/obraspublicas\/wp-json\/wp\/v2\/pages\/1930"}],"collection":[{"href":"https:\/\/www.tamaulipas.gob.mx\/obraspublicas\/wp-json\/wp\/v2\/pages"}],"about":[{"href":"https:\/\/www.tamaulipas.gob.mx\/obraspublicas\/wp-json\/wp\/v2\/types\/page"}],"author":[{"embeddable":true,"href":"https:\/\/www.tamaulipas.gob.mx\/obraspublicas\/wp-json\/wp\/v2\/users\/48"}],"replies":[{"embeddable":true,"href":"https:\/\/www.tamaulipas.gob.mx\/obraspublicas\/wp-json\/wp\/v2\/comments?post=1930"}],"version-history":[{"count":6,"href":"https:\/\/www.tamaulipas.gob.mx\/obraspublicas\/wp-json\/wp\/v2\/pages\/1930\/revisions"}],"predecessor-version":[{"id":5379,"href":"https:\/\/www.tamaulipas.gob.mx\/obraspublicas\/wp-json\/wp\/v2\/pages\/1930\/revisions\/5379"}],"up":[{"embeddable":true,"href":"https:\/\/www.tamaulipas.gob.mx\/obraspublicas\/wp-json\/wp\/v2\/pages\/8604"}],"wp:attachment":[{"href":"https:\/\/www.tamaulipas.gob.mx\/obraspublicas\/wp-json\/wp\/v2\/media?parent=1930"}],"curies":[{"name":"wp","href":"https:\/\/api.w.org\/{rel}","templated":true}]}}