{"id":1503,"date":"2018-05-15T10:32:43","date_gmt":"2018-05-15T15:32:43","guid":{"rendered":"https:\/\/www.tamaulipas.gob.mx\/obraspublicas\/?page_id=1503"},"modified":"2022-11-18T11:05:40","modified_gmt":"2022-11-18T17:05:40","slug":"licitacion-lpe-n23-2018","status":"publish","type":"page","link":"https:\/\/www.tamaulipas.gob.mx\/obraspublicas\/licitaciones-concluidas\/licitacion-lpe-n23-2018\/","title":{"rendered":"Licitaci\u00f3n LPE-N23-2018"},"content":{"rendered":"<p>Ubicaci\u00f3n de la obra: <strong>Tamaulipas.<\/strong><\/p>\n<p>Se\u00a0convoca a los interesados en participar en la licitaci\u00f3n para la contrataci\u00f3n de <strong>LPE-N23-2018,<\/strong> <strong>\u201cProyecto ejecutivo de la construcci\u00f3n de la unidad deportiva en el municipio de Burgos; proyecto ejecutivo del techado de canchas de usos m\u00faltiples en la unidad deportiva Adolfo Ruiz Cortines, en Cd. Victoria Tam; proyecto ejecutivo de construcci\u00f3n de alberca techada, construcci\u00f3n de cancha de futbol 7 y gradas en unidad deportiva IPSSET, en Cd. Victoria, Tamaulipas; elaboraci\u00f3n de proyecto ejecutivo para la ampliaci\u00f3n del estadio ol\u00edmpico Marte R. G\u00f3mez en Cd. Victoria, Tamaulipas.\u201d<\/strong><\/p>\n<p>Descarga aqu\u00ed la Convocatoria y sus\u00a0Bases:<\/p>\n<ul>\n<li><i class=\"fa fa-file-pdf-o\"><\/i> Convocatoria 013<\/li>\n<li><i class=\"fa fa-file-zip-o\"><\/i> Bases para Licitaci\u00f3n N23<\/li>\n<\/ul>\n<p>Visita y junta de Aclaraciones<\/p>\n<ul>\n<li><i class=\"fa fa-file-pdf-o\"><\/i> Documento de Visita y Junta de Aclaraciones N23<\/li>\n<\/ul>\n<p>Acta de presentaci\u00f3n y apertura de propuestas<\/p>\n<ul>\n<li><i class=\"fa fa-file-pdf-o\"><\/i> Documento de Acta de presentaci\u00f3n y apertura de propuestas N23<\/li>\n<\/ul>\n<p>Acta de Fallo<\/p>\n<ul>\n<li><i class=\"fa fa-file-pdf-o\"><\/i> Documento de Acta de fallo N23<\/li>\n<\/ul>\n","protected":false},"excerpt":{"rendered":"<p>Ubicaci\u00f3n de la obra: Tamaulipas. Se\u00a0convoca a los interesados en participar en la licitaci\u00f3n para la contrataci\u00f3n de LPE-N23-2018, \u201cProyecto ejecutivo de la construcci\u00f3n de\u2026<\/p>\n","protected":false},"author":48,"featured_media":0,"parent":8604,"menu_order":0,"comment_status":"closed","ping_status":"closed","template":"","meta":{"footnotes":""},"class_list":["post-1503","page","type-page","status-publish","hentry"],"publishpress_future_action":{"enabled":false,"date":"2026-05-15 12:43:16","action":"change-status","newStatus":"draft","terms":[],"taxonomy":""},"_links":{"self":[{"href":"https:\/\/www.tamaulipas.gob.mx\/obraspublicas\/wp-json\/wp\/v2\/pages\/1503"}],"collection":[{"href":"https:\/\/www.tamaulipas.gob.mx\/obraspublicas\/wp-json\/wp\/v2\/pages"}],"about":[{"href":"https:\/\/www.tamaulipas.gob.mx\/obraspublicas\/wp-json\/wp\/v2\/types\/page"}],"author":[{"embeddable":true,"href":"https:\/\/www.tamaulipas.gob.mx\/obraspublicas\/wp-json\/wp\/v2\/users\/48"}],"replies":[{"embeddable":true,"href":"https:\/\/www.tamaulipas.gob.mx\/obraspublicas\/wp-json\/wp\/v2\/comments?post=1503"}],"version-history":[{"count":5,"href":"https:\/\/www.tamaulipas.gob.mx\/obraspublicas\/wp-json\/wp\/v2\/pages\/1503\/revisions"}],"predecessor-version":[{"id":5274,"href":"https:\/\/www.tamaulipas.gob.mx\/obraspublicas\/wp-json\/wp\/v2\/pages\/1503\/revisions\/5274"}],"up":[{"embeddable":true,"href":"https:\/\/www.tamaulipas.gob.mx\/obraspublicas\/wp-json\/wp\/v2\/pages\/8604"}],"wp:attachment":[{"href":"https:\/\/www.tamaulipas.gob.mx\/obraspublicas\/wp-json\/wp\/v2\/media?parent=1503"}],"curies":[{"name":"wp","href":"https:\/\/api.w.org\/{rel}","templated":true}]}}