{"id":12,"date":"2016-11-17T14:29:32","date_gmt":"2016-11-17T20:29:32","guid":{"rendered":"http:\/\/www.tamaulipas.gob.mx\/obraspublicas\/?page_id=12"},"modified":"2016-11-22T10:59:17","modified_gmt":"2016-11-22T16:59:17","slug":"secretaria-de-obras-publicas","status":"publish","type":"page","link":"https:\/\/www.tamaulipas.gob.mx\/obraspublicas\/secretaria-de-obras-publicas\/","title":{"rendered":"Secretar\u00eda de Obras P\u00fablicas"},"content":{"rendered":"<h3>Con\u00f3cenos<\/h3>\n<p>Conoce la Visi\u00f3n y los Objetivos que rigen a la Secretar\u00eda de Obras P\u00fablicas<\/p>\n<div class=\"row\"><div class=\"col-sm-12\"><a href=\"http:\/\/www.tamaulipas.gob.mx\/obraspublicas\/secretaria-de-obras-publicas\/conocenos\/\" class=\"btn btn-primary btn-sm pull-right\"><i class=\"fa fa-external-link\"><\/i> M\u00e1s informaci\u00f3n <\/a><\/div><\/div>\n<hr \/>\n<h3>Estructura<\/h3>\n<p>Conoce como esta\u00a0estructurada la Secretar\u00eda de Obras P\u00fablicas<\/p>\n<div class=\"row\"><div class=\"col-sm-12\"><a href=\"http:\/\/www.tamaulipas.gob.mx\/obraspublicas\/secretaria-de-obras-publicas\/estructura\/\" class=\"btn btn-primary btn-sm pull-right\"><i class=\"fa fa-external-link\"><\/i> M\u00e1s informaci\u00f3n <\/a><\/div><\/div>\n<hr \/>\n<h3>Rese\u00f1a Hist\u00f3rica<\/h3>\n<p>Conoce de los inicios de la Secretar\u00eda de Obras P\u00fablicas<\/p>\n<div class=\"row\"><div class=\"col-sm-12\"><a href=\"http:\/\/www.tamaulipas.gob.mx\/obraspublicas\/secretaria-de-obras-publicas\/resena-historica\/\" class=\"btn btn-primary btn-sm pull-right\"><i class=\"fa fa-external-link\"><\/i> M\u00e1s informaci\u00f3n <\/a><\/div><\/div>\n<hr \/>\n","protected":false},"excerpt":{"rendered":"<p>Con\u00f3cenos Conoce la Visi\u00f3n y los Objetivos que rigen a la Secretar\u00eda de Obras P\u00fablicas Estructura Conoce como esta\u00a0estructurada la Secretar\u00eda de Obras P\u00fablicas Rese\u00f1a\u2026<\/p>\n","protected":false},"author":3,"featured_media":0,"parent":0,"menu_order":0,"comment_status":"closed","ping_status":"closed","template":"","meta":{"footnotes":""},"class_list":["post-12","page","type-page","status-publish","hentry"],"publishpress_future_action":{"enabled":false,"date":"2026-05-01 02:56:24","action":"change-status","newStatus":"draft","terms":[],"taxonomy":""},"_links":{"self":[{"href":"https:\/\/www.tamaulipas.gob.mx\/obraspublicas\/wp-json\/wp\/v2\/pages\/12"}],"collection":[{"href":"https:\/\/www.tamaulipas.gob.mx\/obraspublicas\/wp-json\/wp\/v2\/pages"}],"about":[{"href":"https:\/\/www.tamaulipas.gob.mx\/obraspublicas\/wp-json\/wp\/v2\/types\/page"}],"author":[{"embeddable":true,"href":"https:\/\/www.tamaulipas.gob.mx\/obraspublicas\/wp-json\/wp\/v2\/users\/3"}],"replies":[{"embeddable":true,"href":"https:\/\/www.tamaulipas.gob.mx\/obraspublicas\/wp-json\/wp\/v2\/comments?post=12"}],"version-history":[{"count":4,"href":"https:\/\/www.tamaulipas.gob.mx\/obraspublicas\/wp-json\/wp\/v2\/pages\/12\/revisions"}],"predecessor-version":[{"id":212,"href":"https:\/\/www.tamaulipas.gob.mx\/obraspublicas\/wp-json\/wp\/v2\/pages\/12\/revisions\/212"}],"wp:attachment":[{"href":"https:\/\/www.tamaulipas.gob.mx\/obraspublicas\/wp-json\/wp\/v2\/media?parent=12"}],"curies":[{"name":"wp","href":"https:\/\/api.w.org\/{rel}","templated":true}]}}