{"id":11922,"date":"2026-05-12T16:17:36","date_gmt":"2026-05-12T22:17:36","guid":{"rendered":"https:\/\/www.tamaulipas.gob.mx\/obraspublicas\/?page_id=11922"},"modified":"2026-05-12T16:17:36","modified_gmt":"2026-05-12T22:17:36","slug":"licitacion-lpe-itife-n001-2026","status":"publish","type":"page","link":"https:\/\/www.tamaulipas.gob.mx\/obraspublicas\/licitaciones\/licitacion-lpe-itife-n001-2026\/","title":{"rendered":"Licitaci\u00f3n LPE-ITIFE-N001-2026"},"content":{"rendered":"<p>La obra est\u00e1 ubicada en el municipio de <strong>Madero, Tamaulipas.<\/strong><\/p>\n<p style=\"text-align: justify\">Se convoca a los interesados en participar en la Licitaci\u00f3n de car\u00e1cter Nacional: <strong>LPE-ITIFE-N001-2026,<\/strong> para la contrataci\u00f3n relativa a: <strong>\u201cREHABILITACI\u00d3N EN LA SEC. GRAL. No. 7, ISAAC NEWTON DE MADERO, TAMAULIPAS (PAQ 17 PROGRAMA FAM BASICO 2026)\u201d<\/strong><\/p>\n<p>Descarga aqu\u00ed la Convocatoria y sus\u00a0Bases:<\/p>\n<ul>\n<li><a href=\"https:\/\/www.tamaulipas.gob.mx\/obraspublicas\/wp-content\/uploads\/sites\/9\/2026\/05\/convest-001-2026-itife.pdf\" target=\"_blank\" rel=\"noopener\"><i class=\"fa fa-file-pdf-o\"><\/i> Convocatoria 001<\/a><\/li>\n<li><a href=\"https:\/\/www.tamaulipas.gob.mx\/obraspublicas\/wp-content\/uploads\/sites\/9\/2026\/05\/bases-lpe-n001-26-itife.zip\" target=\"_blank\" rel=\"noopener\"><i class=\"fa fa-file-zip-o\"><\/i> Bases para Licitaci\u00f3n N001<\/a><\/li>\n<\/ul>\n<p>Visita y junta de Aclaraciones<\/p>\n<ul>\n<li><i class=\"fa fa-file-pdf-o\"><\/i> Documento de Visita y Junta de Aclaraciones N001<\/li>\n<\/ul>\n<p>Acta de presentaci\u00f3n y apertura de propuestas<\/p>\n<ul>\n<li><i class=\"fa fa-file-pdf-o\"><\/i> Documento de Acta de presentaci\u00f3n y apertura de propuestas N001<\/li>\n<\/ul>\n<p>Acta de Fallo<\/p>\n<ul>\n<li><i class=\"fa fa-file-pdf-o\"><\/i> Documento de Acta de fallo N001<\/li>\n<\/ul>\n","protected":false},"excerpt":{"rendered":"<p>La obra est\u00e1 ubicada en el municipio de Madero, Tamaulipas. Se convoca a los interesados en participar en la Licitaci\u00f3n de car\u00e1cter Nacional: LPE-ITIFE-N001-2026, para\u2026<\/p>\n","protected":false},"author":48,"featured_media":0,"parent":342,"menu_order":0,"comment_status":"closed","ping_status":"closed","template":"","meta":{"footnotes":""},"class_list":["post-11922","page","type-page","status-publish","hentry"],"publishpress_future_action":{"enabled":false,"date":"2026-05-22 09:29:00","action":"change-status","newStatus":"draft","terms":[],"taxonomy":""},"_links":{"self":[{"href":"https:\/\/www.tamaulipas.gob.mx\/obraspublicas\/wp-json\/wp\/v2\/pages\/11922"}],"collection":[{"href":"https:\/\/www.tamaulipas.gob.mx\/obraspublicas\/wp-json\/wp\/v2\/pages"}],"about":[{"href":"https:\/\/www.tamaulipas.gob.mx\/obraspublicas\/wp-json\/wp\/v2\/types\/page"}],"author":[{"embeddable":true,"href":"https:\/\/www.tamaulipas.gob.mx\/obraspublicas\/wp-json\/wp\/v2\/users\/48"}],"replies":[{"embeddable":true,"href":"https:\/\/www.tamaulipas.gob.mx\/obraspublicas\/wp-json\/wp\/v2\/comments?post=11922"}],"version-history":[{"count":1,"href":"https:\/\/www.tamaulipas.gob.mx\/obraspublicas\/wp-json\/wp\/v2\/pages\/11922\/revisions"}],"predecessor-version":[{"id":11925,"href":"https:\/\/www.tamaulipas.gob.mx\/obraspublicas\/wp-json\/wp\/v2\/pages\/11922\/revisions\/11925"}],"up":[{"embeddable":true,"href":"https:\/\/www.tamaulipas.gob.mx\/obraspublicas\/wp-json\/wp\/v2\/pages\/342"}],"wp:attachment":[{"href":"https:\/\/www.tamaulipas.gob.mx\/obraspublicas\/wp-json\/wp\/v2\/media?parent=11922"}],"curies":[{"name":"wp","href":"https:\/\/api.w.org\/{rel}","templated":true}]}}