{"id":10964,"date":"2025-09-10T11:14:00","date_gmt":"2025-09-10T17:14:00","guid":{"rendered":"https:\/\/www.tamaulipas.gob.mx\/obraspublicas\/?page_id=10964"},"modified":"2025-10-06T16:29:18","modified_gmt":"2025-10-06T22:29:18","slug":"licitacion-lpe-n012-2025","status":"publish","type":"page","link":"https:\/\/www.tamaulipas.gob.mx\/obraspublicas\/licitaciones-concluidas\/licitacion-lpe-n012-2025\/","title":{"rendered":"Licitaci\u00f3n LPE-N012-2025"},"content":{"rendered":"<p>La obra est\u00e1 ubicada en el municipio de <strong>Altamira, Tamaulipas.<\/strong><\/p>\n<p>Se convoca a los interesados en participar en la Licitaci\u00f3n de car\u00e1cter Nacional: <strong>LPE-N012-2025, <\/strong>para la contrataci\u00f3n relativa a:<strong> \u201cCONSTRUCCI\u00d3N DE TANQUE DE REGULARIZACI\u00d3N PARA ABASTECIMIENTO DE AGUA POTABLE A LA ZONA ORIENTE DEL MUNICIPIO DE ALTAMIRA, TAMAULIPAS\u201d<\/strong><\/p>\n<p>Descarga aqu\u00ed la Convocatoria y sus\u00a0Bases:<\/p>\n<ul>\n<li><a href=\"https:\/\/www.tamaulipas.gob.mx\/obraspublicas\/wp-content\/uploads\/sites\/9\/2025\/09\/convest-011-2025.pdf\" target=\"_blank\" rel=\"noopener\"><i class=\"fa fa-file-pdf-o\"><\/i> Convocatoria 011<\/a><\/li>\n<li><a href=\"https:\/\/www.tamaulipas.gob.mx\/obraspublicas\/wp-content\/uploads\/sites\/9\/2025\/09\/bases-lpe-n012-25.zip\" target=\"_blank\" rel=\"noopener\"><i class=\"fa fa-file-zip-o\"><\/i> Bases para Licitaci\u00f3n N012<\/a><\/li>\n<\/ul>\n<p>Visita y junta de Aclaraciones<\/p>\n<ul>\n<li><a href=\"https:\/\/www.tamaulipas.gob.mx\/obraspublicas\/wp-content\/uploads\/sites\/9\/2025\/09\/acta-de-visita-y-junta-de-aclaraciones-n012-25.pdf\" target=\"_blank\" rel=\"noopener\"><i class=\"fa fa-file-pdf-o\"><\/i> Documento de Visita y Junta de Aclaraciones N012<\/a><\/li>\n<\/ul>\n<p>Acta de presentaci\u00f3n y apertura de propuestas<\/p>\n<ul>\n<li><a href=\"https:\/\/www.tamaulipas.gob.mx\/obraspublicas\/wp-content\/uploads\/sites\/9\/2025\/09\/acta-de-presentacion-y-apertura-de-proposiciones-apap-n012-25.pdf\" target=\"_blank\" rel=\"noopener\"><i class=\"fa fa-file-pdf-o\"><\/i> Documento de Acta de presentaci\u00f3n y apertura de propuestas N012<\/a><\/li>\n<\/ul>\n<p>Acta de Fallo<\/p>\n<ul>\n<li><a href=\"https:\/\/www.tamaulipas.gob.mx\/obraspublicas\/wp-content\/uploads\/sites\/9\/2025\/10\/oficio-de-diferimiento-n012-25.pdf\" target=\"_blank\" rel=\"noopener\"><i class=\"fa fa-file-pdf-o\"><\/i> Documento de Oficio de diferimiento de fallo N012<\/a><\/li>\n<li><a href=\"https:\/\/www.tamaulipas.gob.mx\/obraspublicas\/wp-content\/uploads\/sites\/9\/2025\/10\/acta-de-fallo-n012-25.pdf\" target=\"_blank\" rel=\"noopener\"><i class=\"fa fa-file-pdf-o\"><\/i> Documento de Acta de fallo N012<\/a><\/li>\n<\/ul>\n","protected":false},"excerpt":{"rendered":"<p>La obra est\u00e1 ubicada en el municipio de Altamira, Tamaulipas. Se convoca a los interesados en participar en la Licitaci\u00f3n de car\u00e1cter Nacional: LPE-N012-2025, para\u2026<\/p>\n","protected":false},"author":48,"featured_media":0,"parent":8604,"menu_order":0,"comment_status":"closed","ping_status":"closed","template":"","meta":{"footnotes":""},"class_list":["post-10964","page","type-page","status-publish","hentry"],"publishpress_future_action":{"enabled":false,"date":"2026-05-15 12:45:19","action":"change-status","newStatus":"draft","terms":[],"taxonomy":""},"_links":{"self":[{"href":"https:\/\/www.tamaulipas.gob.mx\/obraspublicas\/wp-json\/wp\/v2\/pages\/10964"}],"collection":[{"href":"https:\/\/www.tamaulipas.gob.mx\/obraspublicas\/wp-json\/wp\/v2\/pages"}],"about":[{"href":"https:\/\/www.tamaulipas.gob.mx\/obraspublicas\/wp-json\/wp\/v2\/types\/page"}],"author":[{"embeddable":true,"href":"https:\/\/www.tamaulipas.gob.mx\/obraspublicas\/wp-json\/wp\/v2\/users\/48"}],"replies":[{"embeddable":true,"href":"https:\/\/www.tamaulipas.gob.mx\/obraspublicas\/wp-json\/wp\/v2\/comments?post=10964"}],"version-history":[{"count":5,"href":"https:\/\/www.tamaulipas.gob.mx\/obraspublicas\/wp-json\/wp\/v2\/pages\/10964\/revisions"}],"predecessor-version":[{"id":11067,"href":"https:\/\/www.tamaulipas.gob.mx\/obraspublicas\/wp-json\/wp\/v2\/pages\/10964\/revisions\/11067"}],"up":[{"embeddable":true,"href":"https:\/\/www.tamaulipas.gob.mx\/obraspublicas\/wp-json\/wp\/v2\/pages\/8604"}],"wp:attachment":[{"href":"https:\/\/www.tamaulipas.gob.mx\/obraspublicas\/wp-json\/wp\/v2\/media?parent=10964"}],"curies":[{"name":"wp","href":"https:\/\/api.w.org\/{rel}","templated":true}]}}