{"id":10264,"date":"2024-10-09T15:03:12","date_gmt":"2024-10-09T21:03:12","guid":{"rendered":"https:\/\/www.tamaulipas.gob.mx\/obraspublicas\/?page_id=10264"},"modified":"2024-11-12T16:43:21","modified_gmt":"2024-11-12T22:43:21","slug":"licitaciones-lpe-n032-2024-lpe-n033-2024-y-lpe-n034-2024","status":"publish","type":"page","link":"https:\/\/www.tamaulipas.gob.mx\/obraspublicas\/licitaciones-concluidas\/licitaciones-lpe-n032-2024-lpe-n033-2024-y-lpe-n034-2024\/","title":{"rendered":"Licitaciones LPE-N032-2024, LPE-N033-2024 y LPE-N034-2024"},"content":{"rendered":"<p>Las obras est\u00e1n ubicadas en el municipio de <strong>Cd. Victoria, Tamaulipas.<\/strong><\/p>\n<p style=\"text-align: justify\">Se convoca a los interesados en participar en la Licitaci\u00f3n de car\u00e1cter Nacional: <strong>LPE-N032-2024, <\/strong>para la contrataci\u00f3n relativa a:<strong> \u201cPROLONGACI\u00d3N DEL BULEVAR JOS\u00c9 L\u00d3PEZ PORTILLO, DEL TRAMO COMPRENDIDO DE BULEVAR FIDEL VEL\u00c1ZQUEZ CON AVENIDA CARLOS ADRI\u00c1N AVIL\u00c9S, EN CIUDAD VICTORIA, TAMAULIPAS (PRIMERA ETAPA)\u201d,\u00a0 LPE-N033-2024<\/strong>, para la contrataci\u00f3n relativa a<strong>: \u201cPROLONGACI\u00d3N DEL BULEVAR JOS\u00c9 L\u00d3PEZ PORTILLO, DEL TRAMO COMPRENDIDO DE BULEVAR FIDEL VEL\u00c1ZQUEZ CON AVENIDA CARLOS ADRI\u00c1N AVIL\u00c9S, EN CIUDAD VICTORIA, TAMAULIPAS (SEGUNDA ETAPA)\u201d<\/strong> Y <strong>LPE-N034-2024, <\/strong>para la contrataci\u00f3n relativa a:<strong> \u201cPROLONGACI\u00d3N DEL BULEVAR JOS\u00c9 L\u00d3PEZ PORTILLO, DEL TRAMO COMPRENDIDO DE BULEVAR FIDEL VEL\u00c1ZQUEZ CON AVENIDA CARLOS ADRI\u00c1N AVIL\u00c9S, EN CIUDAD VICTORIA, TAMAULIPAS (TERCERA ETAPA)\u201d<\/strong><\/p>\n<p>Descarga aqu\u00ed la Convocatoria y sus\u00a0Bases:<\/p>\n<ul>\n<li><a href=\"https:\/\/www.tamaulipas.gob.mx\/obraspublicas\/wp-content\/uploads\/sites\/9\/2024\/10\/convest-017-2024.pdf\" target=\"_blank\" rel=\"noopener\"><i class=\"fa fa-file-pdf-o\"><\/i> Convocatoria 017<\/a><\/li>\n<li><a href=\"https:\/\/www.tamaulipas.gob.mx\/inc\/bases-lpe-n032-24.zip\" target=\"_blank\" rel=\"noopener\"><i class=\"fa fa-file-zip-o\"><\/i> Bases para Licitaci\u00f3n N032<\/a><\/li>\n<li><a href=\"https:\/\/www.tamaulipas.gob.mx\/inc\/bases-lpe-n033-24.zip\" target=\"_blank\" rel=\"noopener\"><i class=\"fa fa-file-zip-o\"><\/i> Bases para Licitaci\u00f3n N033<\/a><\/li>\n<li><a href=\"https:\/\/www.tamaulipas.gob.mx\/inc\/bases-lpe-n034-24.zip\" target=\"_blank\" rel=\"noopener\"><i class=\"fa fa-file-zip-o\"><\/i> Bases para Licitaci\u00f3n N034<\/a><\/li>\n<\/ul>\n<p>Visita y junta de Aclaraciones<\/p>\n<ul>\n<li><a href=\"https:\/\/www.tamaulipas.gob.mx\/obraspublicas\/wp-content\/uploads\/sites\/9\/2024\/10\/acta-de-visita-y-junta-de-aclaraciones-n032-24.pdf\" target=\"_blank\" rel=\"noopener\"><i class=\"fa fa-file-pdf-o\"><\/i> Documento de Visita y Junta de Aclaraciones N032<\/a><\/li>\n<li><a href=\"https:\/\/www.tamaulipas.gob.mx\/obraspublicas\/wp-content\/uploads\/sites\/9\/2024\/10\/oficio-de-aclaraciones-n032-24.pdf\" target=\"_blank\" rel=\"noopener\"><i class=\"fa fa-file-pdf-o\"><\/i> Documento de Oficio de aclaraciones N032<\/a><\/li>\n<li><a href=\"https:\/\/www.tamaulipas.gob.mx\/obraspublicas\/wp-content\/uploads\/sites\/9\/2024\/10\/anexo-de-oficio-de-aclaraciones-n032-24.zip\" target=\"_blank\" rel=\"noopener\"><i class=\"fa fa-file-pdf-o\"><\/i> Documento de Anexo de Oficio de aclaraciones N032<\/a><\/li>\n<li><a href=\"https:\/\/www.tamaulipas.gob.mx\/obraspublicas\/wp-content\/uploads\/sites\/9\/2024\/10\/acta-de-visita-y-junta-de-aclaraciones-n033-24.pdf\" target=\"_blank\" rel=\"noopener\"><i class=\"fa fa-file-pdf-o\"><\/i> Documento de Visita y Junta de Aclaraciones N033<\/a><\/li>\n<li><a href=\"https:\/\/www.tamaulipas.gob.mx\/obraspublicas\/wp-content\/uploads\/sites\/9\/2024\/10\/oficio-de-aclaraciones-n033-24.pdf\" target=\"_blank\" rel=\"noopener\"><i class=\"fa fa-file-pdf-o\"><\/i> Documento de Oficio de aclaraciones N033<\/a><\/li>\n<li><a href=\"https:\/\/www.tamaulipas.gob.mx\/obraspublicas\/wp-content\/uploads\/sites\/9\/2024\/10\/anexo-de-oficio-de-aclaraciones-n033-24.zip\" target=\"_blank\" rel=\"noopener\"><i class=\"fa fa-file-pdf-o\"><\/i> Documento de Anexo de Oficio de aclaraciones N033<\/a><\/li>\n<li><a href=\"https:\/\/www.tamaulipas.gob.mx\/obraspublicas\/wp-content\/uploads\/sites\/9\/2024\/10\/acta-de-visita-y-junta-de-aclaraciones-n034-24.pdf\" target=\"_blank\" rel=\"noopener\"><i class=\"fa fa-file-pdf-o\"><\/i> Documento de Visita y Junta de Aclaraciones N034<\/a><\/li>\n<li><a href=\"https:\/\/www.tamaulipas.gob.mx\/obraspublicas\/wp-content\/uploads\/sites\/9\/2024\/10\/oficio-de-aclaraciones-n034-24.pdf\" target=\"_blank\" rel=\"noopener\"><i class=\"fa fa-file-pdf-o\"><\/i> Documento de Oficio de aclaraciones N034<\/a><\/li>\n<li><a href=\"https:\/\/www.tamaulipas.gob.mx\/obraspublicas\/wp-content\/uploads\/sites\/9\/2024\/10\/anexo-de-oficio-de-aclaraciones-n034-24.zip\" target=\"_blank\" rel=\"noopener\"><i class=\"fa fa-file-pdf-o\"><\/i> Documento de Anexo de Oficio de aclaraciones N034<\/a><\/li>\n<\/ul>\n<p>Acta de presentaci\u00f3n y apertura de propuestas<\/p>\n<ul>\n<li><a href=\"https:\/\/www.tamaulipas.gob.mx\/obraspublicas\/wp-content\/uploads\/sites\/9\/2024\/10\/acta-de-presentacion-y-apertura-de-proposiciones-n032-24.pdf\" target=\"_blank\" rel=\"noopener\"><i class=\"fa fa-file-pdf-o\"><\/i> Documento de Acta de presentaci\u00f3n y apertura de propuestas N032<\/a><\/li>\n<li><a href=\"https:\/\/www.tamaulipas.gob.mx\/obraspublicas\/wp-content\/uploads\/sites\/9\/2024\/10\/acta-de-presentacion-y-apertura-de-proposiciones-n033-24.pdf\" target=\"_blank\" rel=\"noopener\"><i class=\"fa fa-file-pdf-o\"><\/i> Documento de Acta de presentaci\u00f3n y apertura de propuestas N033<\/a><\/li>\n<li><a href=\"https:\/\/www.tamaulipas.gob.mx\/obraspublicas\/wp-content\/uploads\/sites\/9\/2024\/10\/acta-de-presentacion-y-apertura-de-proposiciones-n034-24.pdf\" target=\"_blank\" rel=\"noopener\"><i class=\"fa fa-file-pdf-o\"><\/i> Documento de Acta de presentaci\u00f3n y apertura de propuestas N034<\/a><\/li>\n<\/ul>\n<p>Acta de Fallo<\/p>\n<ul>\n<li><a href=\"https:\/\/www.tamaulipas.gob.mx\/obraspublicas\/wp-content\/uploads\/sites\/9\/2024\/10\/oficio-de-diferimiento-de-fallo-n032-24.pdf\" target=\"_blank\" rel=\"noopener\"><i class=\"fa fa-file-pdf-o\"><\/i> Documento de Oficio de Diferimiento de fallo N032<\/a><\/li>\n<li><a href=\"https:\/\/www.tamaulipas.gob.mx\/obraspublicas\/wp-content\/uploads\/sites\/9\/2024\/11\/oficio-2-de-diferimiento-de-fallo-n032-24.pdf\" target=\"_blank\" rel=\"noopener\"><i class=\"fa fa-file-pdf-o\"><\/i> Documento de Oficio 2 de Diferimiento de fallo N032<\/a><\/li>\n<li><a href=\"https:\/\/www.tamaulipas.gob.mx\/obraspublicas\/wp-content\/uploads\/sites\/9\/2024\/11\/acta-de-fallo-n032-24.pdf\" target=\"_blank\" rel=\"noopener\"><i class=\"fa fa-file-pdf-o\"><\/i> Documento de Acta de fallo N032<\/a><\/li>\n<li><a href=\"https:\/\/www.tamaulipas.gob.mx\/obraspublicas\/wp-content\/uploads\/sites\/9\/2024\/11\/oficio-de-diferimiento-de-fallo-n033-24.pdf\" target=\"_blank\" rel=\"noopener\"><i class=\"fa fa-file-pdf-o\"><\/i> Documento de Oficio de diferimiento de fallo N033<\/a><\/li>\n<li><a href=\"https:\/\/www.tamaulipas.gob.mx\/obraspublicas\/wp-content\/uploads\/sites\/9\/2024\/11\/acta-de-fallo-n033-24.pdf\" target=\"_blank\" rel=\"noopener\"><i class=\"fa fa-file-pdf-o\"><\/i> Documento de Acta de fallo N033<\/a><\/li>\n<li><a href=\"https:\/\/www.tamaulipas.gob.mx\/obraspublicas\/wp-content\/uploads\/sites\/9\/2024\/11\/oficio-de-diferimiento-de-fallo-n034-24.pdf\" target=\"_blank\" rel=\"noopener\"><i class=\"fa fa-file-pdf-o\"><\/i> Documento de Oficio de diferimento de fallo N034<\/a><\/li>\n<li><a href=\"https:\/\/www.tamaulipas.gob.mx\/obraspublicas\/wp-content\/uploads\/sites\/9\/2024\/11\/acta-de-fallo-n034-24.pdf\" target=\"_blank\" rel=\"noopener\"><i class=\"fa fa-file-pdf-o\"><\/i> Documento de Acta de fallo N034<\/a><\/li>\n<\/ul>\n","protected":false},"excerpt":{"rendered":"<p>Las obras est\u00e1n ubicadas en el municipio de Cd. Victoria, Tamaulipas. Se convoca a los interesados en participar en la Licitaci\u00f3n de car\u00e1cter Nacional: LPE-N032-2024,\u2026<\/p>\n","protected":false},"author":48,"featured_media":0,"parent":8604,"menu_order":0,"comment_status":"closed","ping_status":"closed","template":"","meta":{"footnotes":""},"class_list":["post-10264","page","type-page","status-publish","hentry"],"publishpress_future_action":{"enabled":false,"date":"2026-05-15 12:44:47","action":"change-status","newStatus":"draft","terms":[],"taxonomy":""},"_links":{"self":[{"href":"https:\/\/www.tamaulipas.gob.mx\/obraspublicas\/wp-json\/wp\/v2\/pages\/10264"}],"collection":[{"href":"https:\/\/www.tamaulipas.gob.mx\/obraspublicas\/wp-json\/wp\/v2\/pages"}],"about":[{"href":"https:\/\/www.tamaulipas.gob.mx\/obraspublicas\/wp-json\/wp\/v2\/types\/page"}],"author":[{"embeddable":true,"href":"https:\/\/www.tamaulipas.gob.mx\/obraspublicas\/wp-json\/wp\/v2\/users\/48"}],"replies":[{"embeddable":true,"href":"https:\/\/www.tamaulipas.gob.mx\/obraspublicas\/wp-json\/wp\/v2\/comments?post=10264"}],"version-history":[{"count":13,"href":"https:\/\/www.tamaulipas.gob.mx\/obraspublicas\/wp-json\/wp\/v2\/pages\/10264\/revisions"}],"predecessor-version":[{"id":10523,"href":"https:\/\/www.tamaulipas.gob.mx\/obraspublicas\/wp-json\/wp\/v2\/pages\/10264\/revisions\/10523"}],"up":[{"embeddable":true,"href":"https:\/\/www.tamaulipas.gob.mx\/obraspublicas\/wp-json\/wp\/v2\/pages\/8604"}],"wp:attachment":[{"href":"https:\/\/www.tamaulipas.gob.mx\/obraspublicas\/wp-json\/wp\/v2\/media?parent=10264"}],"curies":[{"name":"wp","href":"https:\/\/api.w.org\/{rel}","templated":true}]}}