{"id":10031,"date":"2024-09-11T14:56:28","date_gmt":"2024-09-11T20:56:28","guid":{"rendered":"https:\/\/www.tamaulipas.gob.mx\/obraspublicas\/?page_id=10031"},"modified":"2024-10-28T16:39:37","modified_gmt":"2024-10-28T22:39:37","slug":"licitaciones-lpe-n020-2024-lpe-n021-2024-y-lpe-n022-2024","status":"publish","type":"page","link":"https:\/\/www.tamaulipas.gob.mx\/obraspublicas\/licitaciones-concluidas\/licitaciones-lpe-n020-2024-lpe-n021-2024-y-lpe-n022-2024\/","title":{"rendered":"Licitaciones LPE-N020-2024, LPE-N021-2024 y LPE-N022-2024"},"content":{"rendered":"<p>Las obras est\u00e1n ubicadas en el municipio de <strong>Tampico, Tamaulipas.<\/strong><\/p>\n<p style=\"text-align: justify\">Se convoca a los interesados en participar en las Licitaciones de car\u00e1cter Nacional: <strong>LPE-N020-2024, <\/strong>para la contrataci\u00f3n relativa a: <strong>\u201cPROGRAMA 2024 DE PAVIMENTACI\u00d3N, REHABILITACI\u00d3N HIDR\u00c1ULICA Y\/O ASF\u00c1LTICA EN DIVERSAS VIALIDADES DEL MUNICIPIO DE TAMPICO, TAMAULIPAS. PAQUETE 3\u201d, LPE-N021-2024, <\/strong>para la contrataci\u00f3n relativa a<strong>: \u201cREHABILITACI\u00d3N CON CONCRETO HIDR\u00c1ULICO DE CALLE PRIMERA ENTRE CALLE PALAFOX Y AV. MONTERREY, EN LA COLONIA ENRIQUE C\u00c1RDENAS, EN TAMPICO, TAMAULIPAS (ETAPA 2)\u201d <\/strong>y<strong> LPE-N022-2024, <\/strong>para la contrataci\u00f3n relativa a<strong>: \u201cREHABILITACI\u00d3N CON CONCRETO HIDR\u00c1ULICO DE CALLE PRIMERA ENTRE CALLE PALAFOX Y AV. MONTERREY, EN LA COLONIA ENRIQUE C\u00c1RDENAS, EN TAMPICO, TAMAULIPAS (ETAPA 3)\u201d <\/strong><\/p>\n<p>Descarga aqu\u00ed la Convocatoria y sus\u00a0Bases:<\/p>\n<ul>\n<li><a href=\"https:\/\/www.tamaulipas.gob.mx\/obraspublicas\/wp-content\/uploads\/sites\/9\/2024\/09\/convest-011-2024.pdf\" target=\"_blank\" rel=\"noopener\"><i class=\"fa fa-file-pdf-o\"><\/i> Convocatoria 011<\/a><\/li>\n<li><a href=\"https:\/\/www.tamaulipas.gob.mx\/obraspublicas\/wp-content\/uploads\/sites\/9\/2024\/09\/bases-lpe-n020-24.zip\" target=\"_blank\" rel=\"noopener\"><i class=\"fa fa-file-zip-o\"><\/i> Bases para Licitaci\u00f3n N020<\/a><\/li>\n<li><a href=\"https:\/\/www.tamaulipas.gob.mx\/obraspublicas\/wp-content\/uploads\/sites\/9\/2024\/09\/bases-lpe-n021-24.zip\" target=\"_blank\" rel=\"noopener\"><i class=\"fa fa-file-zip-o\"><\/i> Bases para Licitaci\u00f3n N021<\/a><\/li>\n<li><a href=\"https:\/\/www.tamaulipas.gob.mx\/obraspublicas\/wp-content\/uploads\/sites\/9\/2024\/09\/bases-lpe-n022-24.zip\" target=\"_blank\" rel=\"noopener\"><i class=\"fa fa-file-zip-o\"><\/i> Bases para Licitaci\u00f3n N022<\/a><\/li>\n<\/ul>\n<p>Visita y junta de Aclaraciones<\/p>\n<ul>\n<li><a href=\"https:\/\/www.tamaulipas.gob.mx\/obraspublicas\/wp-content\/uploads\/sites\/9\/2024\/09\/oficio-de-aclaraciones-n020-24.pdf\" target=\"_blank\" rel=\"noopener\"><i class=\"fa fa-file-pdf-o\"><\/i> Documento de Oficio de aclaraciones N020<\/a><\/li>\n<li><a href=\"https:\/\/www.tamaulipas.gob.mx\/obraspublicas\/wp-content\/uploads\/sites\/9\/2024\/09\/anexo-de-oficio-de-aclaraciones-n020-24.zip\" target=\"_blank\" rel=\"noopener\"><i class=\"fa fa-file-pdf-o\"><\/i> Documento de Anexo de oficio de aclaraciones N020<\/a><\/li>\n<li><a href=\"https:\/\/www.tamaulipas.gob.mx\/obraspublicas\/wp-content\/uploads\/sites\/9\/2024\/09\/actas-de-visita-y-junta-de-aclaraciones-n020-24.pdf\" target=\"_blank\" rel=\"noopener\"><i class=\"fa fa-file-pdf-o\"><\/i> Documento de Visita y Junta de Aclaraciones N020<\/a><\/li>\n<li><a href=\"https:\/\/www.tamaulipas.gob.mx\/obraspublicas\/wp-content\/uploads\/sites\/9\/2024\/09\/oficio-de-aclaraciones-n021-24.pdf\" target=\"_blank\" rel=\"noopener\"><i class=\"fa fa-file-pdf-o\"><\/i> Documento de Oficio de aclaraciones N021<\/a><\/li>\n<li><a href=\"https:\/\/www.tamaulipas.gob.mx\/obraspublicas\/wp-content\/uploads\/sites\/9\/2024\/09\/anexo-de-oficio-de-aclaraciones-n021-24.zip\" target=\"_blank\" rel=\"noopener\"><i class=\"fa fa-file-pdf-o\"><\/i> Documento de Anexo de oficio de aclaraciones N021<\/a><\/li>\n<li><a href=\"https:\/\/www.tamaulipas.gob.mx\/obraspublicas\/wp-content\/uploads\/sites\/9\/2024\/09\/acta-de-visita-y-junta-de-aclaraciones-n021-24.pdf\" target=\"_blank\" rel=\"noopener\"><i class=\"fa fa-file-pdf-o\"><\/i> Documento de Visita y Junta de Aclaraciones N021<\/a><\/li>\n<li><a href=\"https:\/\/www.tamaulipas.gob.mx\/obraspublicas\/wp-content\/uploads\/sites\/9\/2024\/09\/oficio-de-aclaraciones-n022-24.pdf\" target=\"_blank\" rel=\"noopener\"><i class=\"fa fa-file-pdf-o\"><\/i> Documento de Oficio de aclaraciones N022<\/a><\/li>\n<li><a href=\"https:\/\/www.tamaulipas.gob.mx\/obraspublicas\/wp-content\/uploads\/sites\/9\/2024\/09\/anexo-de-oficio-de-aclaraciones-n022-24.zip\" target=\"_blank\" rel=\"noopener\"><i class=\"fa fa-file-pdf-o\"><\/i> Documento de Anexo de oficio de aclaraciones N022<\/a><\/li>\n<li><a href=\"https:\/\/www.tamaulipas.gob.mx\/obraspublicas\/wp-content\/uploads\/sites\/9\/2024\/09\/acta-visita-y-junta-de-aclaraciones-n022-24.pdf\" target=\"_blank\" rel=\"noopener\"><i class=\"fa fa-file-pdf-o\"><\/i> Documento de Visita y Junta de Aclaraciones N022<\/a><\/li>\n<\/ul>\n<p>Acta de presentaci\u00f3n y apertura de propuestas<\/p>\n<ul>\n<li><a href=\"https:\/\/www.tamaulipas.gob.mx\/obraspublicas\/wp-content\/uploads\/sites\/9\/2024\/09\/acta-de-apertura-de-proposiciones-n020-24.pdf\" target=\"_blank\" rel=\"noopener\"><i class=\"fa fa-file-pdf-o\"><\/i> Documento de Acta de presentaci\u00f3n y apertura de propuestas N020<\/a><\/li>\n<li><a href=\"https:\/\/www.tamaulipas.gob.mx\/obraspublicas\/wp-content\/uploads\/sites\/9\/2024\/10\/acta-de-presentacion-y-apertura-de-proposiciones-n021-24.pdf\" target=\"_blank\" rel=\"noopener\"><i class=\"fa fa-file-pdf-o\"><\/i> Documento de Acta de presentaci\u00f3n y apertura de propuestas N021<\/a><\/li>\n<li><a href=\"https:\/\/www.tamaulipas.gob.mx\/obraspublicas\/wp-content\/uploads\/sites\/9\/2024\/10\/acta-de-presentacion-y-apertura-de-proposiciones-n022-24.pdf\" target=\"_blank\" rel=\"noopener\"><i class=\"fa fa-file-pdf-o\"><\/i> Documento de Acta de presentaci\u00f3n y apertura de propuestas N022<\/a><\/li>\n<\/ul>\n<p>Acta de Fallo<\/p>\n<ul>\n<li><a href=\"https:\/\/www.tamaulipas.gob.mx\/obraspublicas\/wp-content\/uploads\/sites\/9\/2024\/10\/oficio-de-diferimiento-de-fallo-n020-24.pdf\" target=\"_blank\" rel=\"noopener\"><i class=\"fa fa-file-pdf-o\"><\/i> Documento de Oficio de diferimiento de fallo N020<\/a><\/li>\n<li><a href=\"https:\/\/www.tamaulipas.gob.mx\/obraspublicas\/wp-content\/uploads\/sites\/9\/2024\/10\/acta-de-fallo-n020-24.pdf\" target=\"_blank\" rel=\"noopener\"><i class=\"fa fa-file-pdf-o\"><\/i> Documento de Acta de fallo N020<\/a><\/li>\n<li><a href=\"https:\/\/www.tamaulipas.gob.mx\/obraspublicas\/wp-content\/uploads\/sites\/9\/2024\/10\/oficio-de-diferimiento-de-fallo-n021-24.pdf\" target=\"_blank\" rel=\"noopener\"><i class=\"fa fa-file-pdf-o\"><\/i> Documento de Oficio de diferimiento de fallo N021<\/a><\/li>\n<li><a href=\"https:\/\/www.tamaulipas.gob.mx\/obraspublicas\/wp-content\/uploads\/sites\/9\/2024\/10\/oficio-2-de-diferimiento-de-fallo-n021-24.pdf\" target=\"_blank\" rel=\"noopener\"><i class=\"fa fa-file-pdf-o\"><\/i> Documento de Oficio 2 de diferimiento de fallo N021<\/a><\/li>\n<li><a href=\"https:\/\/www.tamaulipas.gob.mx\/obraspublicas\/wp-content\/uploads\/sites\/9\/2024\/10\/oficio-3-de-diferimiento-de-fallo-n021-24.pdf\" target=\"_blank\" rel=\"noopener\"><i class=\"fa fa-file-pdf-o\"><\/i> Documento de Oficio 3 de diferimiento de fallo N021<\/a><\/li>\n<li><a href=\"https:\/\/www.tamaulipas.gob.mx\/obraspublicas\/wp-content\/uploads\/sites\/9\/2024\/10\/acta-de-fallo-n021-24.pdf\" target=\"_blank\" rel=\"noopener\"><i class=\"fa fa-file-pdf-o\"><\/i> Documento de Acta de fallo N021<\/a><\/li>\n<li><a href=\"https:\/\/www.tamaulipas.gob.mx\/obraspublicas\/wp-content\/uploads\/sites\/9\/2024\/10\/oficio-de-diferimiento-de-fallo-n022-24.pdf\" target=\"_blank\" rel=\"noopener\"><i class=\"fa fa-file-pdf-o\"><\/i> Documento de Oficio de diferimiento de fallo N022<\/a><\/li>\n<li><a href=\"https:\/\/www.tamaulipas.gob.mx\/obraspublicas\/wp-content\/uploads\/sites\/9\/2024\/10\/oficio-2-de-diferimiento-de-fallo-n022-24.pdf\" target=\"_blank\" rel=\"noopener\"><i class=\"fa fa-file-pdf-o\"><\/i> Documento de Oficio 2 de diferimiento de fallo N022<\/a><\/li>\n<li><a href=\"https:\/\/www.tamaulipas.gob.mx\/obraspublicas\/wp-content\/uploads\/sites\/9\/2024\/10\/oficio-3-de-diferimiento-de-fallo-n022-24.pdf\" target=\"_blank\" rel=\"noopener\"><i class=\"fa fa-file-pdf-o\"><\/i> Documento de Oficio 3 de diferimiento de fallo N022<\/a><\/li>\n<li><a href=\"https:\/\/www.tamaulipas.gob.mx\/obraspublicas\/wp-content\/uploads\/sites\/9\/2024\/10\/acta-de-fallo-n022-24.pdf\" target=\"_blank\" rel=\"noopener\"><i class=\"fa fa-file-pdf-o\"><\/i> Documento de Acta de fallo N022<\/a><\/li>\n<\/ul>\n","protected":false},"excerpt":{"rendered":"<p>Las obras est\u00e1n ubicadas en el municipio de Tampico, Tamaulipas. Se convoca a los interesados en participar en las Licitaciones de car\u00e1cter Nacional: LPE-N020-2024, para\u2026<\/p>\n","protected":false},"author":48,"featured_media":0,"parent":8604,"menu_order":0,"comment_status":"closed","ping_status":"closed","template":"","meta":{"footnotes":""},"class_list":["post-10031","page","type-page","status-publish","hentry"],"publishpress_future_action":{"enabled":false,"date":"2026-05-15 12:45:19","action":"change-status","newStatus":"draft","terms":[],"taxonomy":""},"_links":{"self":[{"href":"https:\/\/www.tamaulipas.gob.mx\/obraspublicas\/wp-json\/wp\/v2\/pages\/10031"}],"collection":[{"href":"https:\/\/www.tamaulipas.gob.mx\/obraspublicas\/wp-json\/wp\/v2\/pages"}],"about":[{"href":"https:\/\/www.tamaulipas.gob.mx\/obraspublicas\/wp-json\/wp\/v2\/types\/page"}],"author":[{"embeddable":true,"href":"https:\/\/www.tamaulipas.gob.mx\/obraspublicas\/wp-json\/wp\/v2\/users\/48"}],"replies":[{"embeddable":true,"href":"https:\/\/www.tamaulipas.gob.mx\/obraspublicas\/wp-json\/wp\/v2\/comments?post=10031"}],"version-history":[{"count":24,"href":"https:\/\/www.tamaulipas.gob.mx\/obraspublicas\/wp-json\/wp\/v2\/pages\/10031\/revisions"}],"predecessor-version":[{"id":10436,"href":"https:\/\/www.tamaulipas.gob.mx\/obraspublicas\/wp-json\/wp\/v2\/pages\/10031\/revisions\/10436"}],"up":[{"embeddable":true,"href":"https:\/\/www.tamaulipas.gob.mx\/obraspublicas\/wp-json\/wp\/v2\/pages\/8604"}],"wp:attachment":[{"href":"https:\/\/www.tamaulipas.gob.mx\/obraspublicas\/wp-json\/wp\/v2\/media?parent=10031"}],"curies":[{"name":"wp","href":"https:\/\/api.w.org\/{rel}","templated":true}]}}