{"id":99,"date":"2016-11-25T12:02:55","date_gmt":"2016-11-25T18:02:55","guid":{"rendered":"http:\/\/www.tamaulipas.gob.mx\/nuevoleon\/?page_id=99"},"modified":"2020-10-13T12:25:55","modified_gmt":"2020-10-13T17:25:55","slug":"cultura","status":"publish","type":"page","link":"https:\/\/www.tamaulipas.gob.mx\/nuevoleon\/promocion\/cultura\/","title":{"rendered":"Cultura"},"content":{"rendered":"<p>Es uno de los factores fundamentales para el desarrollo de la sociedad. Es por eso que la representaci\u00f3n enfocada en este tema busca la promoci\u00f3n y difusi\u00f3n de todos los entes culturales del Estado; Los materiales, institucionales, simb\u00f3licos y familiares. Buscando la transculturaci\u00f3n del noreste, compartiendo as\u00ed la riqueza cultural del Estado; Dando a conocer sus diferentes grupos sociales, \u00e9tnicos y regionales.<\/p>\n<h4>Objetivos<\/h4>\n<ul>\n<li>Dar a conocer los or\u00edgenes de nuestro Estado compartiendo sus antecedentes hist\u00f3ricos.<\/li>\n<li>Canalizar hacia los diferentes foros de expresi\u00f3n a talentos tamaulipecos, con el fin de difundir su arte y promover la calidad art\u00edstica.<\/li>\n<li>Promover en la zona noreste la riqueza gastron\u00f3mica de nuestro Estado.<\/li>\n<li>Mostrar la tradici\u00f3n social que identifica a los Tamaulipecos y sus costumbres.<\/li>\n<\/ul>\n<p><strong>Contacto:\u00a0 <\/strong><strong>Instituto Tamaulipeco para la Cultura y las Artes<\/strong><\/p>\n<blockquote><p>Vicente Guerrero 421<br \/>\nZona Centro<br \/>\n87000 Cd Victoria, Tamps.<\/p>\n<p>Tel\u00e9fono: (834) 315 2977<\/p>\n<h4><strong>Visita la p\u00e1gina de Cultura Tamaulipas y conoce m\u00e1s del Instituto Tamaulipeco para la Cultura y las Artes<\/strong><\/h4>\n<p><a href=\"https:\/\/www.tamaulipas.gob.mx\/cultura\/\">https:\/\/www.tamaulipas.gob.mx\/cultura\/<\/a><\/p>\n<p>&nbsp;<\/p>\n<p>&nbsp;<\/p><\/blockquote>\n","protected":false},"excerpt":{"rendered":"<p>Es uno de los factores fundamentales para el desarrollo de la sociedad. Es por eso que la representaci\u00f3n enfocada en este tema busca la promoci\u00f3n\u2026<\/p>\n","protected":false},"author":7,"featured_media":0,"parent":95,"menu_order":0,"comment_status":"closed","ping_status":"closed","template":"","meta":{"footnotes":""},"class_list":["post-99","page","type-page","status-publish","hentry"],"publishpress_future_action":{"enabled":false,"date":"2026-04-23 11:13:33","action":"change-status","newStatus":"draft","terms":[],"taxonomy":""},"_links":{"self":[{"href":"https:\/\/www.tamaulipas.gob.mx\/nuevoleon\/wp-json\/wp\/v2\/pages\/99"}],"collection":[{"href":"https:\/\/www.tamaulipas.gob.mx\/nuevoleon\/wp-json\/wp\/v2\/pages"}],"about":[{"href":"https:\/\/www.tamaulipas.gob.mx\/nuevoleon\/wp-json\/wp\/v2\/types\/page"}],"author":[{"embeddable":true,"href":"https:\/\/www.tamaulipas.gob.mx\/nuevoleon\/wp-json\/wp\/v2\/users\/7"}],"replies":[{"embeddable":true,"href":"https:\/\/www.tamaulipas.gob.mx\/nuevoleon\/wp-json\/wp\/v2\/comments?post=99"}],"version-history":[{"count":3,"href":"https:\/\/www.tamaulipas.gob.mx\/nuevoleon\/wp-json\/wp\/v2\/pages\/99\/revisions"}],"predecessor-version":[{"id":399,"href":"https:\/\/www.tamaulipas.gob.mx\/nuevoleon\/wp-json\/wp\/v2\/pages\/99\/revisions\/399"}],"up":[{"embeddable":true,"href":"https:\/\/www.tamaulipas.gob.mx\/nuevoleon\/wp-json\/wp\/v2\/pages\/95"}],"wp:attachment":[{"href":"https:\/\/www.tamaulipas.gob.mx\/nuevoleon\/wp-json\/wp\/v2\/media?parent=99"}],"curies":[{"name":"wp","href":"https:\/\/api.w.org\/{rel}","templated":true}]}}