{"id":97,"date":"2016-11-25T12:01:36","date_gmt":"2016-11-25T18:01:36","guid":{"rendered":"http:\/\/www.tamaulipas.gob.mx\/nuevoleon\/?page_id=97"},"modified":"2026-02-27T15:11:51","modified_gmt":"2026-02-27T21:11:51","slug":"turismo","status":"publish","type":"page","link":"https:\/\/www.tamaulipas.gob.mx\/nuevoleon\/promocion\/turismo\/","title":{"rendered":"Promoci\u00f3n Tur\u00edstica"},"content":{"rendered":"<h2>Punto Tamaulipas<\/h2>\n<p><span style=\"font-weight: 400;\">Contamos con un espacio de promoci\u00f3n y comercializaci\u00f3n de productos hechos\u00a0 por manos tamaulipecas. Aqu\u00ed convergen la tradici\u00f3n, el talento y la identidad de\u00a0 nuestro estado, impulsando a artesanos y productores locales.\u00a0<\/span><\/p>\n<p><strong>Encontrar\u00e1s:<\/strong><\/p>\n<ul>\n<li><span style=\"font-weight: 400;\"> Artesan\u00edas (llaveros, textiles, piezas decorativas, bolsas)\u00a0<\/span><\/li>\n<li><span style=\"font-weight: 400;\"> Productos regionales (alimentos, dulces, salsas, caf\u00e9, miel)\u00a0<\/span><\/li>\n<\/ul>\n<h2>Camino de luz<\/h2>\n<p><span style=\"font-weight: 400;\">Tenemos un espacio con artesan\u00edas de la escuela \u00ab<\/span><strong>Camino de Luz<\/strong><span style=\"font-weight: 400;\">\u00ab<\/span><span style=\"font-weight: 400;\"> del DIF <\/span><span style=\"font-weight: 400;\">Tamaulipas, <\/span><span style=\"font-weight: 400;\">programa especializado en la inclusi\u00f3n social, educativa y laboral de\u00a0 personas con discapacidad visual<\/span><span style=\"font-weight: 400;\">.<\/span><\/p>\n<p>&nbsp;<\/p>\n<h4>Responsable:<\/h4>\n<blockquote><p><strong>LIC. LORENA HINOJOSA PERALES<\/strong><\/p>\n<p>Jefa de Atenci\u00f3n al Tamaulipeco de la Oficina de Representaci\u00f3n del Gobierno de Tamaulipas en Nuevo Le\u00f3n<\/p><\/blockquote>\n","protected":false},"excerpt":{"rendered":"<p>Punto Tamaulipas Contamos con un espacio de promoci\u00f3n y comercializaci\u00f3n de productos hechos\u00a0 por manos tamaulipecas. Aqu\u00ed convergen la tradici\u00f3n, el talento y la identidad\u2026<\/p>\n","protected":false},"author":7,"featured_media":0,"parent":95,"menu_order":0,"comment_status":"closed","ping_status":"closed","template":"","meta":{"footnotes":""},"class_list":["post-97","page","type-page","status-publish","hentry"],"publishpress_future_action":{"enabled":false,"date":"2026-04-23 11:12:07","action":"change-status","newStatus":"draft","terms":[],"taxonomy":""},"_links":{"self":[{"href":"https:\/\/www.tamaulipas.gob.mx\/nuevoleon\/wp-json\/wp\/v2\/pages\/97"}],"collection":[{"href":"https:\/\/www.tamaulipas.gob.mx\/nuevoleon\/wp-json\/wp\/v2\/pages"}],"about":[{"href":"https:\/\/www.tamaulipas.gob.mx\/nuevoleon\/wp-json\/wp\/v2\/types\/page"}],"author":[{"embeddable":true,"href":"https:\/\/www.tamaulipas.gob.mx\/nuevoleon\/wp-json\/wp\/v2\/users\/7"}],"replies":[{"embeddable":true,"href":"https:\/\/www.tamaulipas.gob.mx\/nuevoleon\/wp-json\/wp\/v2\/comments?post=97"}],"version-history":[{"count":10,"href":"https:\/\/www.tamaulipas.gob.mx\/nuevoleon\/wp-json\/wp\/v2\/pages\/97\/revisions"}],"predecessor-version":[{"id":782,"href":"https:\/\/www.tamaulipas.gob.mx\/nuevoleon\/wp-json\/wp\/v2\/pages\/97\/revisions\/782"}],"up":[{"embeddable":true,"href":"https:\/\/www.tamaulipas.gob.mx\/nuevoleon\/wp-json\/wp\/v2\/pages\/95"}],"wp:attachment":[{"href":"https:\/\/www.tamaulipas.gob.mx\/nuevoleon\/wp-json\/wp\/v2\/media?parent=97"}],"curies":[{"name":"wp","href":"https:\/\/api.w.org\/{rel}","templated":true}]}}