{"id":95,"date":"2016-11-25T12:00:41","date_gmt":"2016-11-25T18:00:41","guid":{"rendered":"http:\/\/www.tamaulipas.gob.mx\/nuevoleon\/?page_id=95"},"modified":"2016-11-25T12:44:21","modified_gmt":"2016-11-25T18:44:21","slug":"promocion","status":"publish","type":"page","link":"https:\/\/www.tamaulipas.gob.mx\/nuevoleon\/promocion\/","title":{"rendered":"Promoci\u00f3n"},"content":{"rendered":"<h3>Turismo<\/h3>\n<p>Conoce como la Oficina del Gobierno de Tamaulipas en Nuevo Le\u00f3n fomenta el turismo en Tamaulipas<br \/>\n<div class=\"row\"><div class=\"col-sm-12\"><a href=\"http:\/\/www.tamaulipas.gob.mx\/nuevoleon\/promocion\/turismo\/\" class=\"btn btn-primary btn-sm pull-right\"> <i class=\"fa fa-external-link\"><\/i> M\u00e1s informaci\u00f3n <\/a><\/div><\/div>\n<hr \/>\n<h3>Cultura<\/h3>\n<p>Conoce como la Oficina del Gobierno de Tamaulipas en Nuevo Le\u00f3n fomenta la promoci\u00f3n y difusi\u00f3n de todos los entes culturales del Estado de Tamaulipas<br \/>\n<div class=\"row\"><div class=\"col-sm-12\"><a href=\"http:\/\/www.tamaulipas.gob.mx\/nuevoleon\/promocion\/cultura\/\" class=\"btn btn-primary btn-sm pull-right\"> <i class=\"fa fa-external-link\"><\/i> M\u00e1s informaci\u00f3n <\/a><\/div><\/div>\n<hr \/>\n","protected":false},"excerpt":{"rendered":"<p>Turismo Conoce como la Oficina del Gobierno de Tamaulipas en Nuevo Le\u00f3n fomenta el turismo en Tamaulipas Cultura Conoce como la Oficina del Gobierno de\u2026<\/p>\n","protected":false},"author":7,"featured_media":0,"parent":0,"menu_order":0,"comment_status":"closed","ping_status":"closed","template":"","meta":{"footnotes":""},"class_list":["post-95","page","type-page","status-publish","hentry"],"publishpress_future_action":{"enabled":false,"date":"2026-04-23 12:51:08","action":"change-status","newStatus":"draft","terms":[],"taxonomy":""},"_links":{"self":[{"href":"https:\/\/www.tamaulipas.gob.mx\/nuevoleon\/wp-json\/wp\/v2\/pages\/95"}],"collection":[{"href":"https:\/\/www.tamaulipas.gob.mx\/nuevoleon\/wp-json\/wp\/v2\/pages"}],"about":[{"href":"https:\/\/www.tamaulipas.gob.mx\/nuevoleon\/wp-json\/wp\/v2\/types\/page"}],"author":[{"embeddable":true,"href":"https:\/\/www.tamaulipas.gob.mx\/nuevoleon\/wp-json\/wp\/v2\/users\/7"}],"replies":[{"embeddable":true,"href":"https:\/\/www.tamaulipas.gob.mx\/nuevoleon\/wp-json\/wp\/v2\/comments?post=95"}],"version-history":[{"count":5,"href":"https:\/\/www.tamaulipas.gob.mx\/nuevoleon\/wp-json\/wp\/v2\/pages\/95\/revisions"}],"predecessor-version":[{"id":148,"href":"https:\/\/www.tamaulipas.gob.mx\/nuevoleon\/wp-json\/wp\/v2\/pages\/95\/revisions\/148"}],"wp:attachment":[{"href":"https:\/\/www.tamaulipas.gob.mx\/nuevoleon\/wp-json\/wp\/v2\/media?parent=95"}],"curies":[{"name":"wp","href":"https:\/\/api.w.org\/{rel}","templated":true}]}}