{"id":765,"date":"2026-02-25T15:24:38","date_gmt":"2026-02-25T21:24:38","guid":{"rendered":"https:\/\/www.tamaulipas.gob.mx\/nuevoleon\/?page_id=765"},"modified":"2026-02-25T15:44:55","modified_gmt":"2026-02-25T21:44:55","slug":"atencion-a-victimas","status":"publish","type":"page","link":"https:\/\/www.tamaulipas.gob.mx\/nuevoleon\/atencion-a-victimas\/","title":{"rendered":"Atenci\u00f3n a V\u00edctimas"},"content":{"rendered":"<h3>Apoyo de Becas<\/h3>\n<p>Se brinda acompa\u00f1amiento y gesti\u00f3n para el acceso a programas de becas \u00a0educativas dirigidas a personas en situaci\u00f3n de v\u00edctima.<\/p>\n<h3>Apoyo y Acompa\u00f1amiento de Trabajo Social<\/h3>\n<p>Ofrece atenci\u00f3n y seguimiento personalizado a las personas en situaci\u00f3n de \u00a0v\u00edctima, a fin de identificar sus necesidades, facilitar el acceso a servicios \u00a0institucionales y coadyuvar en el proceso de restituci\u00f3n de sus derechos.<\/p>\n<h3>Registro Estatal de V\u00edctimas<\/h3>\n<p>Se proporciona asesor\u00eda y asistencia t\u00e9cnica para el tr\u00e1mite de inscripci\u00f3n al \u00a0Registro Estatal de V\u00edctimas, lo cual permite el reconocimiento formal de la calidad \u00a0de v\u00edctima y el acceso a medidas de atenci\u00f3n, asistencia y reparaci\u00f3n \u00a0contempladas en la normativa vigente.<\/p>\n<h3>Apoyos de Primer Contacto<\/h3>\n<p>Se otorgan apoyos inmediatos a personas en situaci\u00f3n de v\u00edctima, en el marco de \u00a0la atenci\u00f3n inicial, y canalizaci\u00f3n a servicios especializados.<\/p>\n","protected":false},"excerpt":{"rendered":"<p>Apoyo de Becas Se brinda acompa\u00f1amiento y gesti\u00f3n para el acceso a programas de becas \u00a0educativas dirigidas a personas en situaci\u00f3n de v\u00edctima. Apoyo y\u2026<\/p>\n","protected":false},"author":1,"featured_media":0,"parent":0,"menu_order":0,"comment_status":"closed","ping_status":"closed","template":"","meta":{"footnotes":""},"class_list":["post-765","page","type-page","status-publish","hentry"],"publishpress_future_action":{"enabled":false,"date":"2026-04-23 11:12:20","action":"change-status","newStatus":"draft","terms":[],"taxonomy":""},"_links":{"self":[{"href":"https:\/\/www.tamaulipas.gob.mx\/nuevoleon\/wp-json\/wp\/v2\/pages\/765"}],"collection":[{"href":"https:\/\/www.tamaulipas.gob.mx\/nuevoleon\/wp-json\/wp\/v2\/pages"}],"about":[{"href":"https:\/\/www.tamaulipas.gob.mx\/nuevoleon\/wp-json\/wp\/v2\/types\/page"}],"author":[{"embeddable":true,"href":"https:\/\/www.tamaulipas.gob.mx\/nuevoleon\/wp-json\/wp\/v2\/users\/1"}],"replies":[{"embeddable":true,"href":"https:\/\/www.tamaulipas.gob.mx\/nuevoleon\/wp-json\/wp\/v2\/comments?post=765"}],"version-history":[{"count":3,"href":"https:\/\/www.tamaulipas.gob.mx\/nuevoleon\/wp-json\/wp\/v2\/pages\/765\/revisions"}],"predecessor-version":[{"id":778,"href":"https:\/\/www.tamaulipas.gob.mx\/nuevoleon\/wp-json\/wp\/v2\/pages\/765\/revisions\/778"}],"wp:attachment":[{"href":"https:\/\/www.tamaulipas.gob.mx\/nuevoleon\/wp-json\/wp\/v2\/media?parent=765"}],"curies":[{"name":"wp","href":"https:\/\/api.w.org\/{rel}","templated":true}]}}