{"id":762,"date":"2026-02-25T15:22:34","date_gmt":"2026-02-25T21:22:34","guid":{"rendered":"https:\/\/www.tamaulipas.gob.mx\/nuevoleon\/?page_id=762"},"modified":"2026-02-25T15:22:34","modified_gmt":"2026-02-25T21:22:34","slug":"atencion-al-tamaulipeco","status":"publish","type":"page","link":"https:\/\/www.tamaulipas.gob.mx\/nuevoleon\/atencion-al-tamaulipeco\/","title":{"rendered":"Atenci\u00f3n al Tamaulipeco"},"content":{"rendered":"<p>Brindamos informaci\u00f3n sobre los tr\u00e1mites y servicios del Gobierno de Tamaulipas, con el objetivo de facilitar el acceso a los residentes tamaulipecos que viven en Nuevo Le\u00f3n.<\/p>\n<p>Esta iniciativa busca acercar los servicios gubernamentales a los Tamaulipecos.<\/p>\n","protected":false},"excerpt":{"rendered":"<p>Brindamos informaci\u00f3n sobre los tr\u00e1mites y servicios del Gobierno de Tamaulipas, con el objetivo de facilitar el acceso a los residentes tamaulipecos que viven en\u2026<\/p>\n","protected":false},"author":1,"featured_media":0,"parent":0,"menu_order":0,"comment_status":"closed","ping_status":"closed","template":"","meta":{"footnotes":""},"class_list":["post-762","page","type-page","status-publish","hentry"],"publishpress_future_action":{"enabled":false,"date":"2026-04-23 11:13:34","action":"change-status","newStatus":"draft","terms":[],"taxonomy":""},"_links":{"self":[{"href":"https:\/\/www.tamaulipas.gob.mx\/nuevoleon\/wp-json\/wp\/v2\/pages\/762"}],"collection":[{"href":"https:\/\/www.tamaulipas.gob.mx\/nuevoleon\/wp-json\/wp\/v2\/pages"}],"about":[{"href":"https:\/\/www.tamaulipas.gob.mx\/nuevoleon\/wp-json\/wp\/v2\/types\/page"}],"author":[{"embeddable":true,"href":"https:\/\/www.tamaulipas.gob.mx\/nuevoleon\/wp-json\/wp\/v2\/users\/1"}],"replies":[{"embeddable":true,"href":"https:\/\/www.tamaulipas.gob.mx\/nuevoleon\/wp-json\/wp\/v2\/comments?post=762"}],"version-history":[{"count":1,"href":"https:\/\/www.tamaulipas.gob.mx\/nuevoleon\/wp-json\/wp\/v2\/pages\/762\/revisions"}],"predecessor-version":[{"id":763,"href":"https:\/\/www.tamaulipas.gob.mx\/nuevoleon\/wp-json\/wp\/v2\/pages\/762\/revisions\/763"}],"wp:attachment":[{"href":"https:\/\/www.tamaulipas.gob.mx\/nuevoleon\/wp-json\/wp\/v2\/media?parent=762"}],"curies":[{"name":"wp","href":"https:\/\/api.w.org\/{rel}","templated":true}]}}