{"id":755,"date":"2026-02-25T14:47:02","date_gmt":"2026-02-25T20:47:02","guid":{"rendered":"https:\/\/www.tamaulipas.gob.mx\/nuevoleon\/?page_id=755"},"modified":"2026-02-25T14:47:02","modified_gmt":"2026-02-25T20:47:02","slug":"modulo-de-control-vehicular","status":"publish","type":"page","link":"https:\/\/www.tamaulipas.gob.mx\/nuevoleon\/modulo-de-control-vehicular\/","title":{"rendered":"M\u00f3dulo de Control Vehicular"},"content":{"rendered":"<p>El servicio de control vehicular facilita al contribuyente el pago en l\u00ednea de Derechos de Control Vehicular e Impuesto sobre Tenencia.<\/p>\n<p>Para realizar este tr\u00e1mite, es necesario contar con los datos de la <strong>tarjeta de circulaci\u00f3n<\/strong> vigente. El proceso se lleva a cabo a trav\u00e9s del portal oficial de la Secretar\u00eda de Finanzas del Gobierno de Tamaulipas, siguiendo estos pasos:<\/p>\n<ol>\n<li>Ingresa al sitio web oficial: <a href=\"https:\/\/finanzas.tamaulipas.gob.mx\/pago-de-contribuciones\/pago-de-derechos-en-Nuevo-Leon\/iniciar-tramite.php\" target=\"_blank\" rel=\"noopener\">Portal de Finanzas Tamaulipas &#8211; Pago de derechos en Nuevo Le\u00f3n<\/a><\/li>\n<li>Selecciona la opci\u00f3n <strong>\u00abPago de contribuciones\u00bb.<\/strong><\/li>\n<li>Da clic en <strong>\u00abPago de derechos y\/o tenencia en Nuevo Le\u00f3n\u00bb.<\/strong><\/li>\n<li>Elige tu m\u00e9todo de pago:<\/li>\n<\/ol>\n<ul>\n<li>Pago con tarjeta bancaria.<\/li>\n<li>Generaci\u00f3n de referencia bancaria para pago en instituciones autorizadas.<\/li>\n<\/ul>\n<p>Una vez realizado el pago contacta a la Oficina de Representaci\u00f3n del Gobierno de Tamaulipas en Nuevo Le\u00f3n para el registro de tu n\u00famero de folio, el pago puede acreditarse de 3 a 5 d\u00edas h\u00e1biles.<\/p>\n<h3>Requisitos para la entrega de placas y\/o tarjetas de circulaci\u00f3n:<\/h3>\n<ul>\n<li>Tarjeta de circulaci\u00f3n anterior.<\/li>\n<li>Copia de identificaci\u00f3n oficial con fotograf\u00eda (INE) vigente.<\/li>\n<li>Copia de comprobante de domicilio reciente del estado de Nuevo Le\u00f3n (no mayor a 3 meses).<\/li>\n<li>Comprobante de pago correspondiente.<\/li>\n<li>Placas anteriores del veh\u00edculo<\/li>\n<\/ul>\n<p><strong>Si el tr\u00e1mite es realizado por un tercero, deber\u00e1 presentar:<\/strong><\/p>\n<ul>\n<li>Carta poder simple firmada por el propietario del veh\u00edculo y dos testigos.<\/li>\n<li>Identificaciones oficiales (INE) del propietario y de los testigos<\/li>\n<\/ul>\n<h4>Responsable:<\/h4>\n<blockquote><p><b>MTRA. NANCY VER\u00d3NICA CRUZ GARC\u00cdA<\/b><\/p>\n<p>Jefa de Comunicaci\u00f3n Social de la Oficina de Representaci\u00f3n del Gobierno de Tamaulipas en Nuevo Le\u00f3n.<\/p><\/blockquote>\n","protected":false},"excerpt":{"rendered":"<p>El servicio de control vehicular facilita al contribuyente el pago en l\u00ednea de Derechos de Control Vehicular e Impuesto sobre Tenencia. Para realizar este tr\u00e1mite,\u2026<\/p>\n","protected":false},"author":1,"featured_media":0,"parent":0,"menu_order":0,"comment_status":"closed","ping_status":"closed","template":"","meta":{"footnotes":""},"class_list":["post-755","page","type-page","status-publish","hentry"],"publishpress_future_action":{"enabled":false,"date":"2026-04-23 11:13:58","action":"change-status","newStatus":"draft","terms":[],"taxonomy":""},"_links":{"self":[{"href":"https:\/\/www.tamaulipas.gob.mx\/nuevoleon\/wp-json\/wp\/v2\/pages\/755"}],"collection":[{"href":"https:\/\/www.tamaulipas.gob.mx\/nuevoleon\/wp-json\/wp\/v2\/pages"}],"about":[{"href":"https:\/\/www.tamaulipas.gob.mx\/nuevoleon\/wp-json\/wp\/v2\/types\/page"}],"author":[{"embeddable":true,"href":"https:\/\/www.tamaulipas.gob.mx\/nuevoleon\/wp-json\/wp\/v2\/users\/1"}],"replies":[{"embeddable":true,"href":"https:\/\/www.tamaulipas.gob.mx\/nuevoleon\/wp-json\/wp\/v2\/comments?post=755"}],"version-history":[{"count":1,"href":"https:\/\/www.tamaulipas.gob.mx\/nuevoleon\/wp-json\/wp\/v2\/pages\/755\/revisions"}],"predecessor-version":[{"id":756,"href":"https:\/\/www.tamaulipas.gob.mx\/nuevoleon\/wp-json\/wp\/v2\/pages\/755\/revisions\/756"}],"wp:attachment":[{"href":"https:\/\/www.tamaulipas.gob.mx\/nuevoleon\/wp-json\/wp\/v2\/media?parent=755"}],"curies":[{"name":"wp","href":"https:\/\/api.w.org\/{rel}","templated":true}]}}