{"id":59,"date":"2016-11-25T11:21:25","date_gmt":"2016-11-25T17:21:25","guid":{"rendered":"http:\/\/www.tamaulipas.gob.mx\/nuevoleon\/?page_id=59"},"modified":"2023-07-03T13:01:37","modified_gmt":"2023-07-03T19:01:37","slug":"asociaciones-de-tamaulipecos-en-las-universidades","status":"publish","type":"page","link":"https:\/\/www.tamaulipas.gob.mx\/nuevoleon\/servicios\/asuntos-estudiantiles\/asociaciones-de-tamaulipecos-en-las-universidades\/","title":{"rendered":"Asociaciones de Tamaulipecos en las Universidades"},"content":{"rendered":"<p>Las Federaciones y\/o Asociaciones de Estudiantes Tamaulipecos en diversas Universidades en Nuevo Le\u00f3n, buscan fomentar la participaci\u00f3n de los estudiantes Tamaulipecos en actividades dentro de su Alma mater y en conjunto con la Oficina del Gobierno de Tamaulipas en Nuevo Le\u00f3n, a trav\u00e9s de la coordinaci\u00f3n de Asuntos Estudiantiles.<\/p>\n<p>Actualmente contamos con 4 Federaciones y\/o asociaciones en las siguientes Universidades: UANL, ITESM, UDEM y UR.<\/p>\n<p>&nbsp;<\/p>\n<p>&nbsp;<\/p>\n","protected":false},"excerpt":{"rendered":"<p>Las Federaciones y\/o Asociaciones de Estudiantes Tamaulipecos en diversas Universidades en Nuevo Le\u00f3n, buscan fomentar la participaci\u00f3n de los estudiantes Tamaulipecos en actividades dentro de\u2026<\/p>\n","protected":false},"author":7,"featured_media":0,"parent":48,"menu_order":0,"comment_status":"closed","ping_status":"closed","template":"","meta":{"footnotes":""},"class_list":["post-59","page","type-page","status-publish","hentry"],"publishpress_future_action":{"enabled":false,"date":"2026-04-23 11:30:15","action":"change-status","newStatus":"draft","terms":[],"taxonomy":""},"_links":{"self":[{"href":"https:\/\/www.tamaulipas.gob.mx\/nuevoleon\/wp-json\/wp\/v2\/pages\/59"}],"collection":[{"href":"https:\/\/www.tamaulipas.gob.mx\/nuevoleon\/wp-json\/wp\/v2\/pages"}],"about":[{"href":"https:\/\/www.tamaulipas.gob.mx\/nuevoleon\/wp-json\/wp\/v2\/types\/page"}],"author":[{"embeddable":true,"href":"https:\/\/www.tamaulipas.gob.mx\/nuevoleon\/wp-json\/wp\/v2\/users\/7"}],"replies":[{"embeddable":true,"href":"https:\/\/www.tamaulipas.gob.mx\/nuevoleon\/wp-json\/wp\/v2\/comments?post=59"}],"version-history":[{"count":21,"href":"https:\/\/www.tamaulipas.gob.mx\/nuevoleon\/wp-json\/wp\/v2\/pages\/59\/revisions"}],"predecessor-version":[{"id":508,"href":"https:\/\/www.tamaulipas.gob.mx\/nuevoleon\/wp-json\/wp\/v2\/pages\/59\/revisions\/508"}],"up":[{"embeddable":true,"href":"https:\/\/www.tamaulipas.gob.mx\/nuevoleon\/wp-json\/wp\/v2\/pages\/48"}],"wp:attachment":[{"href":"https:\/\/www.tamaulipas.gob.mx\/nuevoleon\/wp-json\/wp\/v2\/media?parent=59"}],"curies":[{"name":"wp","href":"https:\/\/api.w.org\/{rel}","templated":true}]}}