{"id":502,"date":"2023-07-03T12:52:08","date_gmt":"2023-07-03T18:52:08","guid":{"rendered":"https:\/\/www.tamaulipas.gob.mx\/nuevoleon\/?page_id=502"},"modified":"2026-02-23T13:20:32","modified_gmt":"2026-02-23T19:20:32","slug":"cajero","status":"publish","type":"page","link":"https:\/\/www.tamaulipas.gob.mx\/nuevoleon\/cajero\/","title":{"rendered":"Tarifas por la expedici\u00f3n de Actas Certificadas en el cajero autom\u00e1tico de Tamaulipas"},"content":{"rendered":"<div class=\"table-responsive\"><table style=\"border-collapse: collapse; width: 100%; height: 120px;\" class=\" table table-gobtam\"><tbody><tr style=\"height: 24px;\"><td style=\"width: 50%; text-align: center; height: 24px;\"><strong>Actos Registrales<\/strong><\/td>\n<td style=\"width: 50%; text-align: center; height: 24px;\"><strong>Precios<\/strong><\/td>\n<\/tr><tr style=\"height: 24px;\"><td style=\"width: 50%; height: 24px; text-align: center;\">Acta de Nacimiento<\/td>\n<td style=\"width: 50%; height: 24px; text-align: center;\">$ 118.00 Impresi&#xF3;n en cajero<\/td>\n<\/tr><tr style=\"height: 24px;\"><td style=\"width: 50%; height: 24px; text-align: center;\">Acta de Matrimonio<\/td>\n<td style=\"width: 50%; height: 24px; text-align: center;\">$ 118.00 Impresi&#xF3;n en cajero<\/td>\n<\/tr><tr style=\"height: 24px;\"><td style=\"width: 50%; height: 24px; text-align: center;\">Acta de Defunci&#xF3;n<\/td>\n<td style=\"width: 50%; height: 24px; text-align: center;\">$ 118.00 Impresi&#xF3;n en cajero<\/td>\n<\/tr><tr style=\"height: 24px;\"><td style=\"width: 50%; height: 24px; text-align: center;\">Acta de Divorcio<\/td>\n<td style=\"width: 50%; height: 24px; text-align: center;\">$ 118.00 Impresi&#xF3;n en cajero<\/td>\n<\/tr><\/tbody><\/table><\/div>\n<p>Para la b\u00fasqueda e impresi\u00f3n de las actas en el cajero autom\u00e1tico, es importante que cuente con los datos generales del documento a buscar.<\/p>\n<p>Si requiere de ayuda, favor de dirigirse con el personal de Tamaulipas en el \u00e1rea de Enlace con el Registro Civil de Tamaulipas, ubicado en el Pabell\u00f3n Ciudadano<\/p>\n<p><strong>Horario:<\/strong> Lunes a Viernes de 8:00 horas a 15:00 horas.<\/p>\n<p>&nbsp;<\/p>\n<h4>Responsable:<\/h4>\n<blockquote><p><b>MTRA. NANCY VER\u00d3NICA CRUZ GARC\u00cdA<\/b><\/p>\n<p>Jefa de Comunicaci\u00f3n Social de la Oficina de Representaci\u00f3n del Gobierno de Tamaulipas en Nuevo Le\u00f3n.<\/p><\/blockquote>\n","protected":false},"excerpt":{"rendered":"<p>Para la b\u00fasqueda e impresi\u00f3n de las actas en el cajero autom\u00e1tico, es importante que cuente con los datos generales del documento a buscar. Si\u2026<\/p>\n","protected":false},"author":1,"featured_media":0,"parent":0,"menu_order":0,"comment_status":"closed","ping_status":"closed","template":"","meta":{"footnotes":""},"class_list":["post-502","page","type-page","status-publish","hentry"],"publishpress_future_action":{"enabled":false,"date":"2026-04-23 13:07:23","action":"change-status","newStatus":"draft","terms":[],"taxonomy":""},"_links":{"self":[{"href":"https:\/\/www.tamaulipas.gob.mx\/nuevoleon\/wp-json\/wp\/v2\/pages\/502"}],"collection":[{"href":"https:\/\/www.tamaulipas.gob.mx\/nuevoleon\/wp-json\/wp\/v2\/pages"}],"about":[{"href":"https:\/\/www.tamaulipas.gob.mx\/nuevoleon\/wp-json\/wp\/v2\/types\/page"}],"author":[{"embeddable":true,"href":"https:\/\/www.tamaulipas.gob.mx\/nuevoleon\/wp-json\/wp\/v2\/users\/1"}],"replies":[{"embeddable":true,"href":"https:\/\/www.tamaulipas.gob.mx\/nuevoleon\/wp-json\/wp\/v2\/comments?post=502"}],"version-history":[{"count":6,"href":"https:\/\/www.tamaulipas.gob.mx\/nuevoleon\/wp-json\/wp\/v2\/pages\/502\/revisions"}],"predecessor-version":[{"id":753,"href":"https:\/\/www.tamaulipas.gob.mx\/nuevoleon\/wp-json\/wp\/v2\/pages\/502\/revisions\/753"}],"wp:attachment":[{"href":"https:\/\/www.tamaulipas.gob.mx\/nuevoleon\/wp-json\/wp\/v2\/media?parent=502"}],"curies":[{"name":"wp","href":"https:\/\/api.w.org\/{rel}","templated":true}]}}