{"id":48,"date":"2016-11-25T11:09:49","date_gmt":"2016-11-25T17:09:49","guid":{"rendered":"http:\/\/www.tamaulipas.gob.mx\/nuevoleon\/?page_id=48"},"modified":"2026-02-25T15:16:03","modified_gmt":"2026-02-25T21:16:03","slug":"asuntos-estudiantiles","status":"publish","type":"page","link":"https:\/\/www.tamaulipas.gob.mx\/nuevoleon\/servicios\/asuntos-estudiantiles\/","title":{"rendered":"Asuntos Estudiantiles"},"content":{"rendered":"<p>La Oficina del Gobierno de Tamaulipas en Nuevo Le\u00f3n a trav\u00e9s de este departamento, mantiene un estrecho v\u00ednculo con los estudiantes tamaulipecos. Las Federaciones y\/o Asociaciones de Estudiantes Tamaulipecos en diversas Universidades en Nuevo Le\u00f3n, buscan fomentar la participaci\u00f3n de los estudiantes Tamaulipecos en actividades dentro de su Alma mater y en conjunto con la Oficina del Gobierno de Tamaulipas en Nuevo Le\u00f3n, a trav\u00e9s de la coordinaci\u00f3n de Asuntos Estudiantiles.<\/p>\n<h3>Tarjeta Tamaulipeco de Coraz\u00f3n<\/h3>\n<p>Es una tarjeta digital de beneficios dise\u00f1ada para estudiantes tamaulipecos que estudian en Nuevo Le\u00f3n.<\/p>\n<p>Esta tarjeta permite a los estudiantes acceder a descuentos y promociones especiales en establecimientos y servicios que tienen convenio con la Oficina de Representaci\u00f3n de Tamaulipas en Nuevo Le\u00f3n.<\/p>\n<p><strong>Pasos para tramitarla:<\/strong><\/p>\n<ol>\n<li>Llenar el siguiente formulario: <a href=\"https:\/\/docs.google.com\/forms\/d\/e\/1FAIpQLSfdpkXDDXOSXq4PkZ4T1waW10oXqdapa-kiq0vJ3h5JxfgtpQ\/viewform\" target=\"_blank\" rel=\"noopener\">Tramita tu Tarjeta<\/a><\/li>\n<li>Esperar correo de confirmaci\u00f3n y requisitos.<\/li>\n<li>Mandar documentaci\u00f3n solicitada (Acta de nacimiento, comprobante de estudios en Nuevo Le\u00f3n e imagen de tu rostro).<\/li>\n<li>Aprobaci\u00f3n de documentos y recepci\u00f3n de tarjeta digital.<\/li>\n<\/ol>\n<h4>Responsable:<\/h4>\n<blockquote><p><strong>LIC. LORENA HINOJOSA PERALES<\/strong><\/p>\n<p>Jefa de Atenci\u00f3n al Tamaulipeco de la Oficina de Representaci\u00f3n del Gobierno de Tamaulipas en Nuevo Le\u00f3n<\/p><\/blockquote>\n","protected":false},"excerpt":{"rendered":"<p>La Oficina del Gobierno de Tamaulipas en Nuevo Le\u00f3n a trav\u00e9s de este departamento, mantiene un estrecho v\u00ednculo con los estudiantes tamaulipecos. Las Federaciones y\/o\u2026<\/p>\n","protected":false},"author":7,"featured_media":0,"parent":46,"menu_order":0,"comment_status":"closed","ping_status":"closed","template":"","meta":{"footnotes":""},"class_list":["post-48","page","type-page","status-publish","hentry"],"publishpress_future_action":{"enabled":false,"date":"2026-04-23 11:12:19","action":"change-status","newStatus":"draft","terms":[],"taxonomy":""},"_links":{"self":[{"href":"https:\/\/www.tamaulipas.gob.mx\/nuevoleon\/wp-json\/wp\/v2\/pages\/48"}],"collection":[{"href":"https:\/\/www.tamaulipas.gob.mx\/nuevoleon\/wp-json\/wp\/v2\/pages"}],"about":[{"href":"https:\/\/www.tamaulipas.gob.mx\/nuevoleon\/wp-json\/wp\/v2\/types\/page"}],"author":[{"embeddable":true,"href":"https:\/\/www.tamaulipas.gob.mx\/nuevoleon\/wp-json\/wp\/v2\/users\/7"}],"replies":[{"embeddable":true,"href":"https:\/\/www.tamaulipas.gob.mx\/nuevoleon\/wp-json\/wp\/v2\/comments?post=48"}],"version-history":[{"count":12,"href":"https:\/\/www.tamaulipas.gob.mx\/nuevoleon\/wp-json\/wp\/v2\/pages\/48\/revisions"}],"predecessor-version":[{"id":760,"href":"https:\/\/www.tamaulipas.gob.mx\/nuevoleon\/wp-json\/wp\/v2\/pages\/48\/revisions\/760"}],"up":[{"embeddable":true,"href":"https:\/\/www.tamaulipas.gob.mx\/nuevoleon\/wp-json\/wp\/v2\/pages\/46"}],"wp:attachment":[{"href":"https:\/\/www.tamaulipas.gob.mx\/nuevoleon\/wp-json\/wp\/v2\/media?parent=48"}],"curies":[{"name":"wp","href":"https:\/\/api.w.org\/{rel}","templated":true}]}}