{"id":43,"date":"2016-11-25T11:06:32","date_gmt":"2016-11-25T17:06:32","guid":{"rendered":"http:\/\/www.tamaulipas.gob.mx\/nuevoleon\/?page_id=43"},"modified":"2023-05-24T16:35:54","modified_gmt":"2023-05-24T22:35:54","slug":"historia-mision-y-vision","status":"publish","type":"page","link":"https:\/\/www.tamaulipas.gob.mx\/nuevoleon\/quienes-somos\/historia-mision-y-vision\/","title":{"rendered":"Historia, Misi\u00f3n y Visi\u00f3n"},"content":{"rendered":"<h3>Historia<\/h3>\n<p>La oficina abri\u00f3 sus puertas el 12 de mayo de 1999, creando un lazo de apoyo y servicio a los tamaulipecos que\u00a0 radican en la Regi\u00f3n Noreste.<\/p>\n<h3>Misi\u00f3n<\/h3>\n<p><span style=\"font-weight: 400;\">La Oficina del Gobierno de Tamaulipas en Nuevo Le\u00f3n tiene como meta el fortalecer y ser un v\u00ednculo importante para nuestro Estado en la regi\u00f3n Noreste. El principal objetivo va enfocado a la generaci\u00f3n de espacios para los tamaulipecos que residen en la regi\u00f3n, brindando servicios integrales de gesti\u00f3n, buscando facilitar tr\u00e1mites indispensables a la poblaci\u00f3n, apoyar la excelencia educativa entre sus estudiantes, generar oportunidades de inversi\u00f3n, promoci\u00f3n tur\u00edstica y cultural: as\u00ed como el desarrollo productivo para el Estado.<\/span><\/p>\n<h3>Visi\u00f3n<\/h3>\n<p><span style=\"font-weight: 400;\">Ser el enlace m\u00e1s importante entre el gobierno de Tamaulipas y la regi\u00f3n Noreste, trabajando con honestidad y servicio en los diferentes entes p\u00fablicos y privados; logrando el impulso de nuestro Estado a trav\u00e9s de la continua gesti\u00f3n de proyectos y servicios para el desarrollo en cinco ejes rectores: Acad\u00e9mico, Empresarial, Asistencial, Turismo y Cultura.<\/span><\/p>\n<p><span style=\"font-weight: 400;\">Acad\u00e9mico, brindando apoyo a la excelencia educativa; Empresarial, generando ambientes de oportunidad para la inversi\u00f3n; Asistencial, gestionando servicios de salud, registro civil, Refrendo y Canje de Placas; Tur\u00edstico, dando a conocer la riqueza de nuestro estado y Cultura, siendo un foro de expresi\u00f3n para las diferentes costumbres de la regi\u00f3n.<\/span><\/p>\n","protected":false},"excerpt":{"rendered":"<p>Historia La oficina abri\u00f3 sus puertas el 12 de mayo de 1999, creando un lazo de apoyo y servicio a los tamaulipecos que\u00a0 radican en\u2026<\/p>\n","protected":false},"author":7,"featured_media":0,"parent":28,"menu_order":0,"comment_status":"closed","ping_status":"closed","template":"","meta":{"footnotes":""},"class_list":["post-43","page","type-page","status-publish","hentry"],"publishpress_future_action":{"enabled":false,"date":"2026-04-23 11:13:35","action":"change-status","newStatus":"draft","terms":[],"taxonomy":""},"_links":{"self":[{"href":"https:\/\/www.tamaulipas.gob.mx\/nuevoleon\/wp-json\/wp\/v2\/pages\/43"}],"collection":[{"href":"https:\/\/www.tamaulipas.gob.mx\/nuevoleon\/wp-json\/wp\/v2\/pages"}],"about":[{"href":"https:\/\/www.tamaulipas.gob.mx\/nuevoleon\/wp-json\/wp\/v2\/types\/page"}],"author":[{"embeddable":true,"href":"https:\/\/www.tamaulipas.gob.mx\/nuevoleon\/wp-json\/wp\/v2\/users\/7"}],"replies":[{"embeddable":true,"href":"https:\/\/www.tamaulipas.gob.mx\/nuevoleon\/wp-json\/wp\/v2\/comments?post=43"}],"version-history":[{"count":3,"href":"https:\/\/www.tamaulipas.gob.mx\/nuevoleon\/wp-json\/wp\/v2\/pages\/43\/revisions"}],"predecessor-version":[{"id":479,"href":"https:\/\/www.tamaulipas.gob.mx\/nuevoleon\/wp-json\/wp\/v2\/pages\/43\/revisions\/479"}],"up":[{"embeddable":true,"href":"https:\/\/www.tamaulipas.gob.mx\/nuevoleon\/wp-json\/wp\/v2\/pages\/28"}],"wp:attachment":[{"href":"https:\/\/www.tamaulipas.gob.mx\/nuevoleon\/wp-json\/wp\/v2\/media?parent=43"}],"curies":[{"name":"wp","href":"https:\/\/api.w.org\/{rel}","templated":true}]}}