{"id":387,"date":"2020-10-13T11:59:47","date_gmt":"2020-10-13T16:59:47","guid":{"rendered":"https:\/\/www.tamaulipas.gob.mx\/nuevoleon\/?page_id=387"},"modified":"2023-06-05T10:39:51","modified_gmt":"2023-06-05T16:39:51","slug":"empleo","status":"publish","type":"page","link":"https:\/\/www.tamaulipas.gob.mx\/nuevoleon\/servicios\/empleo\/","title":{"rendered":"Peri\u00f3dico de Empleo"},"content":{"rendered":"<p>Para ampliar las opciones de trabajo, el Gobierno de Tamaulipas puso a disposici\u00f3n de los solicitantes de empleo el Peri\u00f3dico de Ofertas de Empleo, con m\u00e1s de 800 plazas disponibles.<\/p>\n<p>Se trata de una publicaci\u00f3n digital que realiza peri\u00f3dicamente la Secretar\u00eda del Trabajo en coordinaci\u00f3n con el Servicio Nacional de Empleo Tamaulipas, para ofertar de manera sencilla y accesible las oportunidades laborales que hay en el mercado.<\/p>\n<p>Una de las prioridades del gobierno es consolidar los lazos de colaboraci\u00f3n para eficientizar los recursos que se obtienen del capital humano y vincularlo al sector productivo, dio a conocer el encargado de la pol\u00edtica laboral, Miguel \u00c1ngel Villarreal Ongay.<\/p>\n<p>El Peri\u00f3dico de Ofertas de Empleo, se puede consultar y descargar de las redes oficiales del SNETam o de la Secretar\u00eda del Trabajo, con actualizaciones los d\u00edas 1 y 16 de cada mes, en el cual se podr\u00e1n encontrar atractivas vacantes de acuerdo a la escolaridad, especialidad, monto ofertado y municipio en el que se encuentra.<\/p>\n","protected":false},"excerpt":{"rendered":"<p>Para ampliar las opciones de trabajo, el Gobierno de Tamaulipas puso a disposici\u00f3n de los solicitantes de empleo el Peri\u00f3dico de Ofertas de Empleo, con\u2026<\/p>\n","protected":false},"author":18,"featured_media":0,"parent":46,"menu_order":0,"comment_status":"closed","ping_status":"closed","template":"","meta":{"footnotes":""},"class_list":["post-387","page","type-page","status-publish","hentry"],"publishpress_future_action":{"enabled":false,"date":"2026-04-23 11:13:34","action":"change-status","newStatus":"draft","terms":[],"taxonomy":""},"_links":{"self":[{"href":"https:\/\/www.tamaulipas.gob.mx\/nuevoleon\/wp-json\/wp\/v2\/pages\/387"}],"collection":[{"href":"https:\/\/www.tamaulipas.gob.mx\/nuevoleon\/wp-json\/wp\/v2\/pages"}],"about":[{"href":"https:\/\/www.tamaulipas.gob.mx\/nuevoleon\/wp-json\/wp\/v2\/types\/page"}],"author":[{"embeddable":true,"href":"https:\/\/www.tamaulipas.gob.mx\/nuevoleon\/wp-json\/wp\/v2\/users\/18"}],"replies":[{"embeddable":true,"href":"https:\/\/www.tamaulipas.gob.mx\/nuevoleon\/wp-json\/wp\/v2\/comments?post=387"}],"version-history":[{"count":5,"href":"https:\/\/www.tamaulipas.gob.mx\/nuevoleon\/wp-json\/wp\/v2\/pages\/387\/revisions"}],"predecessor-version":[{"id":482,"href":"https:\/\/www.tamaulipas.gob.mx\/nuevoleon\/wp-json\/wp\/v2\/pages\/387\/revisions\/482"}],"up":[{"embeddable":true,"href":"https:\/\/www.tamaulipas.gob.mx\/nuevoleon\/wp-json\/wp\/v2\/pages\/46"}],"wp:attachment":[{"href":"https:\/\/www.tamaulipas.gob.mx\/nuevoleon\/wp-json\/wp\/v2\/media?parent=387"}],"curies":[{"name":"wp","href":"https:\/\/api.w.org\/{rel}","templated":true}]}}