{"id":30,"date":"2016-11-25T09:53:01","date_gmt":"2016-11-25T15:53:01","guid":{"rendered":"http:\/\/www.tamaulipas.gob.mx\/nuevoleon\/?page_id=30"},"modified":"2026-02-23T16:17:55","modified_gmt":"2026-02-23T22:17:55","slug":"conocenos","status":"publish","type":"page","link":"https:\/\/www.tamaulipas.gob.mx\/nuevoleon\/quienes-somos\/conocenos\/","title":{"rendered":"Con\u00f3cenos"},"content":{"rendered":"<p>La Oficina del Gobierno del Estado de Tamaulipas en Nuevo Le\u00f3n, tiene como objetivos vincular y representar a nuestro estado en los \u00e1mbitos econ\u00f3mico, educativo, social, tur\u00edstico y cultural.<\/p>\n<p>Brindamos servicios de registro civil, atenci\u00f3n ciudadana, control vehicular, desarrollo econ\u00f3mico, cultural, tur\u00edstico y empresarial; siendo una extensi\u00f3n m\u00e1s del Gobierno de Tamaulipas.<\/p>\n<p>Promovemos las inversiones tamaulipecas y programas especiales; as\u00ed como la aplicaci\u00f3n de proyectos que el Estado de Tamaulipas ofrece a su gente en Nuevo Le\u00f3n.<\/p>\n<p style=\"text-align: center;\">\n<p style=\"text-align: center;\">\n<h4 style=\"text-align: center;\">Lic. Lorena Hinojosa Perales<\/h4>\n<p style=\"text-align: center;\">Jefe del Departamento de Atenci\u00f3n a Tamaulipecos<\/p>\n<p>&nbsp;<\/p>\n<h4 style=\"text-align: center;\">Mtra. Nancy Ver\u00f3nica Cruz Garc\u00eda<\/h4>\n<p style=\"text-align: center;\">Jefe del Departamento de Comunicaci\u00f3n Social.<\/p>\n<p>&nbsp;<\/p>\n","protected":false},"excerpt":{"rendered":"<p>La Oficina del Gobierno del Estado de Tamaulipas en Nuevo Le\u00f3n, tiene como objetivos vincular y representar a nuestro estado en los \u00e1mbitos econ\u00f3mico, educativo,\u2026<\/p>\n","protected":false},"author":7,"featured_media":0,"parent":28,"menu_order":0,"comment_status":"closed","ping_status":"closed","template":"","meta":{"footnotes":""},"class_list":["post-30","page","type-page","status-publish","hentry"],"publishpress_future_action":{"enabled":false,"date":"2026-04-23 11:12:19","action":"change-status","newStatus":"draft","terms":[],"taxonomy":""},"_links":{"self":[{"href":"https:\/\/www.tamaulipas.gob.mx\/nuevoleon\/wp-json\/wp\/v2\/pages\/30"}],"collection":[{"href":"https:\/\/www.tamaulipas.gob.mx\/nuevoleon\/wp-json\/wp\/v2\/pages"}],"about":[{"href":"https:\/\/www.tamaulipas.gob.mx\/nuevoleon\/wp-json\/wp\/v2\/types\/page"}],"author":[{"embeddable":true,"href":"https:\/\/www.tamaulipas.gob.mx\/nuevoleon\/wp-json\/wp\/v2\/users\/7"}],"replies":[{"embeddable":true,"href":"https:\/\/www.tamaulipas.gob.mx\/nuevoleon\/wp-json\/wp\/v2\/comments?post=30"}],"version-history":[{"count":25,"href":"https:\/\/www.tamaulipas.gob.mx\/nuevoleon\/wp-json\/wp\/v2\/pages\/30\/revisions"}],"predecessor-version":[{"id":754,"href":"https:\/\/www.tamaulipas.gob.mx\/nuevoleon\/wp-json\/wp\/v2\/pages\/30\/revisions\/754"}],"up":[{"embeddable":true,"href":"https:\/\/www.tamaulipas.gob.mx\/nuevoleon\/wp-json\/wp\/v2\/pages\/28"}],"wp:attachment":[{"href":"https:\/\/www.tamaulipas.gob.mx\/nuevoleon\/wp-json\/wp\/v2\/media?parent=30"}],"curies":[{"name":"wp","href":"https:\/\/api.w.org\/{rel}","templated":true}]}}