{"id":28,"date":"2016-11-25T09:52:35","date_gmt":"2016-11-25T15:52:35","guid":{"rendered":"http:\/\/www.tamaulipas.gob.mx\/nuevoleon\/?page_id=28"},"modified":"2016-11-25T12:29:03","modified_gmt":"2016-11-25T18:29:03","slug":"quienes-somos","status":"publish","type":"page","link":"https:\/\/www.tamaulipas.gob.mx\/nuevoleon\/quienes-somos\/","title":{"rendered":"Quienes Somos"},"content":{"rendered":"<h3>Con\u00f3cenos<\/h3>\n<p>Conoce quienes conforman la Oficina del Gobierno de Tamaulipas en Nuevo Le\u00f3n.<br \/>\n<div class=\"row\"><div class=\"col-sm-12\"><a href=\"http:\/\/www.tamaulipas.gob.mx\/nuevoleon\/quienes-somos\/conocenos\/\" class=\"btn btn-primary btn-sm pull-right\"> <i class=\"fa fa-external-link\"><\/i> M\u00e1s informaci\u00f3n <\/a><\/div><\/div>\n<hr \/>\n<h3>Historia, Misi\u00f3n y Visi\u00f3n<\/h3>\n<p>Conoce la Historia, Misi\u00f3n y Visi\u00f3n de la Oficina del Gobierno de Tamaulipas en Nuevo Le\u00f3n.<br \/>\n<div class=\"row\"><div class=\"col-sm-12\"><a href=\"http:\/\/www.tamaulipas.gob.mx\/nuevoleon\/quienes-somos\/historia-mision-y-vision\/\" class=\"btn btn-primary btn-sm pull-right\"> <i class=\"fa fa-external-link\"><\/i> M\u00e1s informaci\u00f3n <\/a><\/div><\/div>\n<hr \/>\n","protected":false},"excerpt":{"rendered":"<p>Con\u00f3cenos Conoce quienes conforman la Oficina del Gobierno de Tamaulipas en Nuevo Le\u00f3n. Historia, Misi\u00f3n y Visi\u00f3n Conoce la Historia, Misi\u00f3n y Visi\u00f3n de la\u2026<\/p>\n","protected":false},"author":7,"featured_media":0,"parent":0,"menu_order":0,"comment_status":"closed","ping_status":"closed","template":"","meta":{"footnotes":""},"class_list":["post-28","page","type-page","status-publish","hentry"],"publishpress_future_action":{"enabled":false,"date":"2026-04-23 13:07:15","action":"change-status","newStatus":"draft","terms":[],"taxonomy":""},"_links":{"self":[{"href":"https:\/\/www.tamaulipas.gob.mx\/nuevoleon\/wp-json\/wp\/v2\/pages\/28"}],"collection":[{"href":"https:\/\/www.tamaulipas.gob.mx\/nuevoleon\/wp-json\/wp\/v2\/pages"}],"about":[{"href":"https:\/\/www.tamaulipas.gob.mx\/nuevoleon\/wp-json\/wp\/v2\/types\/page"}],"author":[{"embeddable":true,"href":"https:\/\/www.tamaulipas.gob.mx\/nuevoleon\/wp-json\/wp\/v2\/users\/7"}],"replies":[{"embeddable":true,"href":"https:\/\/www.tamaulipas.gob.mx\/nuevoleon\/wp-json\/wp\/v2\/comments?post=28"}],"version-history":[{"count":6,"href":"https:\/\/www.tamaulipas.gob.mx\/nuevoleon\/wp-json\/wp\/v2\/pages\/28\/revisions"}],"predecessor-version":[{"id":518,"href":"https:\/\/www.tamaulipas.gob.mx\/nuevoleon\/wp-json\/wp\/v2\/pages\/28\/revisions\/518"}],"wp:attachment":[{"href":"https:\/\/www.tamaulipas.gob.mx\/nuevoleon\/wp-json\/wp\/v2\/media?parent=28"}],"curies":[{"name":"wp","href":"https:\/\/api.w.org\/{rel}","templated":true}]}}