{"id":54,"date":"2017-03-29T12:54:41","date_gmt":"2017-03-29T18:54:41","guid":{"rendered":"http:\/\/www.tamaulipas.gob.mx\/mujeres\/?page_id=54"},"modified":"2017-05-08T13:15:10","modified_gmt":"2017-05-08T18:15:10","slug":"departamento-de-atencion-a-la-mujer","status":"publish","type":"page","link":"https:\/\/www.tamaulipas.gob.mx\/mujeres\/departamento-de-atencion-a-la-mujer\/","title":{"rendered":"Departamento de Atenci\u00f3n a la Mujer"},"content":{"rendered":"<p>Se brinda atenci\u00f3n psicol\u00f3gica gratuita a mujeres en situaci\u00f3n de violencia.<\/p>\n<p><strong>Requisitos:<\/strong><\/p>\n<ul>\n<li>Identificaci\u00f3n oficial<\/li>\n<li>Ser mayor de 15 a\u00f1os<\/li>\n<li>Previa entrevista en el \u00e1rea de trabajo social<\/li>\n<\/ul>\n<p><strong>Servicios:<\/strong><\/p>\n<ul>\n<li>Terapia individual<\/li>\n<li>Terapia de pareja para prevenci\u00f3n de violencia<\/li>\n<li>Intervenci\u00f3n en crisis<\/li>\n<li>Asesor\u00eda psicologica<\/li>\n<li>Acompa\u00f1amiento en su proceso legal<\/li>\n<li>Canalizaciones a traves del departamento de trabajo social<\/li>\n<li>Platicas de prevenci\u00f3n y sensibilizaci\u00f3n en violencia<\/li>\n<\/ul>\n<div class='cuadro-interior azul-oscuro'><h2>Atenci\u00f3n e Informaci\u00f3n al p\u00fablico en horario<\/h2>\n<p style=\"text-align: center\">Lunes a Viernes de 8:00 am a 7:00 pm<\/p>\n<\/div>\n","protected":false},"excerpt":{"rendered":"<p>Se brinda atenci\u00f3n psicol\u00f3gica gratuita a mujeres en situaci\u00f3n de violencia. Requisitos: Identificaci\u00f3n oficial Ser mayor de 15 a\u00f1os Previa entrevista en el \u00e1rea de\u2026<\/p>\n","protected":false},"author":7,"featured_media":0,"parent":0,"menu_order":0,"comment_status":"closed","ping_status":"closed","template":"","meta":{"footnotes":""},"class_list":["post-54","page","type-page","status-publish","hentry"],"publishpress_future_action":{"enabled":false,"date":"2026-04-11 15:55:33","action":"change-status","newStatus":"draft","terms":[],"taxonomy":""},"_links":{"self":[{"href":"https:\/\/www.tamaulipas.gob.mx\/mujeres\/wp-json\/wp\/v2\/pages\/54"}],"collection":[{"href":"https:\/\/www.tamaulipas.gob.mx\/mujeres\/wp-json\/wp\/v2\/pages"}],"about":[{"href":"https:\/\/www.tamaulipas.gob.mx\/mujeres\/wp-json\/wp\/v2\/types\/page"}],"author":[{"embeddable":true,"href":"https:\/\/www.tamaulipas.gob.mx\/mujeres\/wp-json\/wp\/v2\/users\/7"}],"replies":[{"embeddable":true,"href":"https:\/\/www.tamaulipas.gob.mx\/mujeres\/wp-json\/wp\/v2\/comments?post=54"}],"version-history":[{"count":4,"href":"https:\/\/www.tamaulipas.gob.mx\/mujeres\/wp-json\/wp\/v2\/pages\/54\/revisions"}],"predecessor-version":[{"id":149,"href":"https:\/\/www.tamaulipas.gob.mx\/mujeres\/wp-json\/wp\/v2\/pages\/54\/revisions\/149"}],"wp:attachment":[{"href":"https:\/\/www.tamaulipas.gob.mx\/mujeres\/wp-json\/wp\/v2\/media?parent=54"}],"curies":[{"name":"wp","href":"https:\/\/api.w.org\/{rel}","templated":true}]}}