{"id":3785,"date":"2022-12-09T15:51:49","date_gmt":"2022-12-09T21:51:49","guid":{"rendered":"https:\/\/www.tamaulipas.gob.mx\/mujeres\/?page_id=3785"},"modified":"2025-05-27T09:03:57","modified_gmt":"2025-05-27T15:03:57","slug":"servicios","status":"publish","type":"page","link":"https:\/\/www.tamaulipas.gob.mx\/mujeres\/servicios\/","title":{"rendered":"Servicios gratuitos"},"content":{"rendered":"<div class=\"panel-group\" id=\"custom-collapse-0\">\n<div class=\"panel panel-default\">\n\t\t\t\t<div class=\"panel-heading\">\n\t\t\t\t\t<h4 class=\"panel-title\">\n\t\t\t\t\t\t<a class=\"\" data-toggle=\"collapse\" data-parent=\"#custom-collapse-0\" href=\"#custom-collapse-0-0\">Pl\u00e1ticas Prematrimoniales<\/a>\n\t\t\t\t\t<\/h4>\n\t\t\t\t<\/div>\n\t\t\t\t<div id=\"custom-collapse-0-0\" class=\"panel-collapse in\">\n\t\t\t\t\t<div class=\"panel-body\">\n<p><strong>Las personas que pretendan contraer matrimonio deber\u00e1n tener:<\/strong><\/p>\n<p style=\"text-align: justify;\"><em>Art. 85 Fracci\u00f3n VIII.- Constancia de haber recibido pl\u00e1tica para evitar la violencia familiar impartidas por el Instituto de la Mujer Tamaulipeca en conjunto con el Instituto Nacional de las Mujeres (INMUJERES).<\/em><\/p>\n<p><strong>Cobertura<\/strong><\/p>\n<p>Las Pl\u00e1ticas Prematrimoniales se imparten en todo el Estado a trav\u00e9s de\u00a0 los Centros Regionales del Instituto de las Mujeres.<\/p>\n<p><strong>Temas<\/strong><\/p>\n<ul>\n<li>Prevenci\u00f3n de Violencia Familiar<\/li>\n<li>Igualdad de G\u00e9nero<\/li>\n<li>Derechos Humanos<\/li>\n<\/ul>\n<p><strong>Horarios y Requisitos para agendar las Pl\u00e1ticas Prematrimoniales de manera virtual<\/strong><\/p>\n<blockquote>\n<p style=\"text-align: left;\">Martes de 11:00 AM\u00a0 a 12:00 PM y Jueves de 3:00 PM a 4:00 PM<\/p>\n<p><strong>Requisitos: <\/strong>INE al 200%<\/p>\n<p><strong>Link de Registro:<\/strong>\u00a0<a href=\"https:\/\/siplamat.tamaulipas.gob.mx\/siplamat\/registro\">https:\/\/siplamat.tamaulipas.gob.mx\/siplamat\/registro<\/a><\/p><\/blockquote>\n<img loading=\"lazy\" decoding=\"async\" class=\"alignnone wp-image-3988 size-full img-rounded  img-responsive\" src=\"https:\/\/www.tamaulipas.gob.mx\/mujeres\/wp-content\/uploads\/sites\/22\/2025\/05\/platicas-prematrimoniales-img.png\" alt=\"\" width=\"1200\" height=\"1200\">\n<\/div>\n\t\t\t\t<\/div>\n\t\t\t<\/div>\n<div class=\"panel panel-default\">\n\t\t\t\t<div class=\"panel-heading\">\n\t\t\t\t\t<h4 class=\"panel-title\">\n\t\t\t\t\t\t<a class=\"collapsed\" data-toggle=\"collapse\" data-parent=\"#custom-collapse-0\" href=\"#custom-collapse-0-1\">\u00c1rea de Trabajo Social<\/a>\n\t\t\t\t\t<\/h4>\n\t\t\t\t<\/div>\n\t\t\t\t<div id=\"custom-collapse-0-1\" class=\"panel-collapse collapse\">\n\t\t\t\t\t<div class=\"panel-body\">\n<p>El \u00e1rea de trabajo social es el primer filtro a los servicios que brinda el Instituto de las Mujeres de Tamaulipas, a trav\u00e9s de una entrevista con la trabajadora social la solicitante es canalizada al \u00e1rea correspondiente (\u00c1rea Jur\u00eddica o \u00c1rea Psicol\u00f3gica) seg\u00fan sea su caso.<\/p>\n<p><strong>Requisitos<\/strong><\/p>\n<ul>\n<li>INE de la solicitante<\/li>\n<\/ul>\n<\/div>\n\t\t\t\t<\/div>\n\t\t\t<\/div>\n<div class=\"panel panel-default\">\n\t\t\t\t<div class=\"panel-heading\">\n\t\t\t\t\t<h4 class=\"panel-title\">\n\t\t\t\t\t\t<a class=\"collapsed\" data-toggle=\"collapse\" data-parent=\"#custom-collapse-0\" href=\"#custom-collapse-0-2\">\u00c1rea Jur\u00eddica<\/a>\n\t\t\t\t\t<\/h4>\n\t\t\t\t<\/div>\n\t\t\t\t<div id=\"custom-collapse-0-2\" class=\"panel-collapse collapse\">\n\t\t\t\t\t<div class=\"panel-body\">\n<p>Informaci\u00f3n jur\u00eddica para la resoluci\u00f3n de asuntos que tienen que ver con la aplicaci\u00f3n de las leyes, normativas, reglamentos y cualquier otra materia del Derecho (civil, familiar, penal, etc.)<\/p>\n<ul>\n<li>Asesor\u00eda Jur\u00eddica<\/li>\n<li>Tr\u00e1mite de Divorcio voluntario e incausado<\/li>\n<li>Tr\u00e1mite de Pensi\u00f3n Alimenticia<\/li>\n<li>Acompa\u00f1amiento Jur\u00eddico<\/li>\n<\/ul>\n<\/div>\n\t\t\t\t<\/div>\n\t\t\t<\/div>\n<div class=\"panel panel-default\">\n\t\t\t\t<div class=\"panel-heading\">\n\t\t\t\t\t<h4 class=\"panel-title\">\n\t\t\t\t\t\t<a class=\"collapsed\" data-toggle=\"collapse\" data-parent=\"#custom-collapse-0\" href=\"#custom-collapse-0-3\">\u00c1rea de Psicol\u00f3gica<\/a>\n\t\t\t\t\t<\/h4>\n\t\t\t\t<\/div>\n\t\t\t\t<div id=\"custom-collapse-0-3\" class=\"panel-collapse collapse\">\n\t\t\t\t\t<div class=\"panel-body\">\n<p>Es el \u00e1rea encargada de atender a las mujeres que presentan problemas emocionales, derivados de las diferentes problem\u00e1ticas sociales generadas por la violencia.<\/p>\n<p>A trav\u00e9s de terapias individuales las mujeres realizan un an\u00e1lisis personal de la situaci\u00f3n que las motiv\u00f3 a buscar ayuda en el Instituto, buscando aprender a manejar el estr\u00e9s emocional, resolviendo su problem\u00e1tica, elevando su autoestima y su seguridad personal; y de esta manera generan modelos de vida y convivencia diferentes, fuera de toda situaci\u00f3n de violencia.<\/p>\n<p>\u00c1rea psicol\u00f3gica te ayuda a:<\/p>\n<ul>\n<li>Buscar alternativas que te permitan solucionar la violencia que se genera en tu familia.<\/li>\n<li>Te fortalece para exigir tus derechos, elevar tu autoestima y mejorar tu calidad de vida.<\/li>\n<li>Aprender a tomar decisiones y a resolver conflictos de manera pac\u00edfica, justa e igualitaria.<\/li>\n<\/ul>\n<p>Tipos de Atenci\u00f3n psicol\u00f3gica:<\/p>\n<ul>\n<li>Intervenci\u00f3n en crisis<\/li>\n<li>Asesor\u00eda Psicol\u00f3gica<\/li>\n<li>Atenci\u00f3n Psicol\u00f3gica Especializada<\/li>\n<li>Acompa\u00f1amiento en el Proceso Jur\u00eddico<\/li>\n<\/ul>\n<\/div>\n\t\t\t\t<\/div>\n\t\t\t<\/div>\n<div class=\"panel panel-default\">\n\t\t\t\t<div class=\"panel-heading\">\n\t\t\t\t\t<h4 class=\"panel-title\">\n\t\t\t\t\t\t<a class=\"collapsed\" data-toggle=\"collapse\" data-parent=\"#custom-collapse-0\" href=\"#custom-collapse-0-4\">\u00c1rea Capacitaci\u00f3n<\/a>\n\t\t\t\t\t<\/h4>\n\t\t\t\t<\/div>\n\t\t\t\t<div id=\"custom-collapse-0-4\" class=\"panel-collapse collapse\">\n\t\t\t\t\t<div class=\"panel-body\">\n<p>Act\u00faa como \u00f3rgano de consulta,\u00a0capacitaci\u00f3n\u00a0y asesor\u00eda de las dependencias y entidades de la Administraci\u00f3n P\u00fablica del Estado, as\u00ed como de las municipales, y de los sectores social y privado, en materia de equidad e Igualdad de derechos y oportunidades para las mujeres.<\/p>\n<p>Promover la transversalizaci\u00f3n \u00a0de la perspectiva de g\u00e9nero y su implementaci\u00f3n, a trav\u00e9s de la\u00a0capacitaci\u00f3n\u00a0y profesionalizaci\u00f3n de las y los servidores p\u00fablicos responsables de la planeaci\u00f3n, aplicaci\u00f3n y evaluaci\u00f3n de las pol\u00edticas p\u00fablicas, as\u00ed como de los programas en cada sector gubernamental, con el fin de incidir en el Plan Estatal de Desarrollo.<\/p>\n<p>Esta \u00c1rea tambi\u00e9n es la encargada de impartir diferentes talleres, pl\u00e1ticas y conferencias a las instituciones y escuelas que lo requieran mediante un oficio debidamente requisitado.<\/p>\n<div><strong>Temas:<\/strong><\/div>\n<div>\n<ul>\n<li>Perspectiva de g\u00e9nero.<\/li>\n<li>Prevenci\u00f3n y sensibilizaci\u00f3n contra la violencia de g\u00e9nero.<\/li>\n<li>Lenguaje incluyente y no sexista.<\/li>\n<li>Derechos sexuales y reproductivos de las mujeres.<\/li>\n<li>Derechos sexuales de las y los adolescentes.<\/li>\n<li>Prevenci\u00f3n de la Violencia en la Pareja.<\/li>\n<li>Acoso y hostigamiento sexual.<\/li>\n<li>Pl\u00e1ticas prematrimoniales.<\/li>\n<li>Empoderamiento de las mujeres.<\/li>\n<li>Nuevas Masculinidades.<\/li>\n<li>Machismos y Micromachismos.<\/li>\n<\/ul>\n<\/div>\n<\/div>\n\t\t\t\t<\/div>\n\t\t\t<\/div>\n<\/div>\n<blockquote><p><strong>Horario de atenci\u00f3n e informaci\u00f3n<\/strong><\/p>\n<p><strong>Centro Regional Victoria<\/strong><\/p>\n<p>Lunes a Viernes de 8:00 am a 7:00 pm.<\/p>\n<p>S\u00e1bados de 9:00 am a 2:00pm<\/p>\n<p><strong>Centros Regionales de Reynosa, San Fernando, Altamira, CD. Mante y Tula<\/strong><\/p>\n<p>Lunes a Viernes de 9:00 am a 5:00 pm<\/p>\n<p><span style=\"font-size: 16px;\"><strong>Centro Regional Matamoros<\/strong><\/span><\/p>\n<p><span style=\"font-size: 16px;\">Lunes a Viernes de 8:00 am a 4:00pm.<\/span><\/p>\n<p><strong>Requisitos: <\/strong>INE<\/p><\/blockquote>\n","protected":false},"excerpt":{"rendered":"<p>Horario de atenci\u00f3n e informaci\u00f3n Centro Regional Victoria Lunes a Viernes de 8:00 am a 7:00 pm. S\u00e1bados de 9:00 am a 2:00pm Centros Regionales\u2026<\/p>\n","protected":false},"author":1,"featured_media":0,"parent":0,"menu_order":0,"comment_status":"closed","ping_status":"closed","template":"","meta":{"footnotes":""},"class_list":["post-3785","page","type-page","status-publish","hentry"],"publishpress_future_action":{"enabled":false,"date":"2026-04-11 10:27:37","action":"change-status","newStatus":"draft","terms":[],"taxonomy":""},"_links":{"self":[{"href":"https:\/\/www.tamaulipas.gob.mx\/mujeres\/wp-json\/wp\/v2\/pages\/3785"}],"collection":[{"href":"https:\/\/www.tamaulipas.gob.mx\/mujeres\/wp-json\/wp\/v2\/pages"}],"about":[{"href":"https:\/\/www.tamaulipas.gob.mx\/mujeres\/wp-json\/wp\/v2\/types\/page"}],"author":[{"embeddable":true,"href":"https:\/\/www.tamaulipas.gob.mx\/mujeres\/wp-json\/wp\/v2\/users\/1"}],"replies":[{"embeddable":true,"href":"https:\/\/www.tamaulipas.gob.mx\/mujeres\/wp-json\/wp\/v2\/comments?post=3785"}],"version-history":[{"count":22,"href":"https:\/\/www.tamaulipas.gob.mx\/mujeres\/wp-json\/wp\/v2\/pages\/3785\/revisions"}],"predecessor-version":[{"id":4040,"href":"https:\/\/www.tamaulipas.gob.mx\/mujeres\/wp-json\/wp\/v2\/pages\/3785\/revisions\/4040"}],"wp:attachment":[{"href":"https:\/\/www.tamaulipas.gob.mx\/mujeres\/wp-json\/wp\/v2\/media?parent=3785"}],"curies":[{"name":"wp","href":"https:\/\/api.w.org\/{rel}","templated":true}]}}