{"id":315,"date":"2017-06-19T14:48:30","date_gmt":"2017-06-19T19:48:30","guid":{"rendered":"http:\/\/www.tamaulipas.gob.mx\/mujeres\/?page_id=315"},"modified":"2017-06-19T14:48:30","modified_gmt":"2017-06-19T19:48:30","slug":"proyectos-productivos","status":"publish","type":"page","link":"https:\/\/www.tamaulipas.gob.mx\/mujeres\/proyectos-productivos\/","title":{"rendered":"Proyectos Productivos"},"content":{"rendered":"<p>Objetivo: Promover el autoempleo y la autosuficiencia econ\u00f3mica de las mujeres tamaulipecas.<\/p>\n<p>Descripci\u00f3n: Entrega de herramienta, maquinaria y equipo a mujeres que sean due\u00f1as de proyectos productivos en operaci\u00f3n, y que necesiten apoyo para el fortalecimiento del mismo.<\/p>\n<p>Monto de Apoyo:\u00a0El monto m\u00e1ximo de apoyo por proyecto productivo ser\u00e1 de $10,000.<\/p>\n<p>&nbsp;<\/p>\n<p><img loading=\"lazy\" decoding=\"async\" class=\"size-full wp-image-316 aligncenter\" src=\"http:\/\/www.tamaulipas.gob.mx\/mujeres\/wp-content\/uploads\/sites\/22\/2017\/06\/requisitos-proyectos-sostenibles_proyectos-productvos.jpg\" alt=\"\" width=\"800\" height=\"800\" \/><\/p>\n","protected":false},"excerpt":{"rendered":"<p>Objetivo: Promover el autoempleo y la autosuficiencia econ\u00f3mica de las mujeres tamaulipecas. Descripci\u00f3n: Entrega de herramienta, maquinaria y equipo a mujeres que sean due\u00f1as de\u2026<\/p>\n","protected":false},"author":33,"featured_media":0,"parent":0,"menu_order":0,"comment_status":"closed","ping_status":"closed","template":"","meta":{"footnotes":""},"class_list":["post-315","page","type-page","status-publish","hentry"],"publishpress_future_action":{"enabled":false,"date":"2026-05-05 15:46:25","action":"change-status","newStatus":"draft","terms":[],"taxonomy":""},"_links":{"self":[{"href":"https:\/\/www.tamaulipas.gob.mx\/mujeres\/wp-json\/wp\/v2\/pages\/315"}],"collection":[{"href":"https:\/\/www.tamaulipas.gob.mx\/mujeres\/wp-json\/wp\/v2\/pages"}],"about":[{"href":"https:\/\/www.tamaulipas.gob.mx\/mujeres\/wp-json\/wp\/v2\/types\/page"}],"author":[{"embeddable":true,"href":"https:\/\/www.tamaulipas.gob.mx\/mujeres\/wp-json\/wp\/v2\/users\/33"}],"replies":[{"embeddable":true,"href":"https:\/\/www.tamaulipas.gob.mx\/mujeres\/wp-json\/wp\/v2\/comments?post=315"}],"version-history":[{"count":1,"href":"https:\/\/www.tamaulipas.gob.mx\/mujeres\/wp-json\/wp\/v2\/pages\/315\/revisions"}],"predecessor-version":[{"id":317,"href":"https:\/\/www.tamaulipas.gob.mx\/mujeres\/wp-json\/wp\/v2\/pages\/315\/revisions\/317"}],"wp:attachment":[{"href":"https:\/\/www.tamaulipas.gob.mx\/mujeres\/wp-json\/wp\/v2\/media?parent=315"}],"curies":[{"name":"wp","href":"https:\/\/api.w.org\/{rel}","templated":true}]}}