{"id":2480,"date":"2020-09-14T13:36:44","date_gmt":"2020-09-14T18:36:44","guid":{"rendered":"https:\/\/www.tamaulipas.gob.mx\/mujeres\/?page_id=2480"},"modified":"2025-06-16T15:48:42","modified_gmt":"2025-06-16T21:48:42","slug":"organigrama","status":"publish","type":"page","link":"https:\/\/www.tamaulipas.gob.mx\/mujeres\/organigrama\/","title":{"rendered":"Estructura Org\u00e1nica"},"content":{"rendered":"<p style=\"text-align: left;\"><strong>Art\u00edculo 1.<\/strong> El Instituto de las Mujeres en Tamaulipas tendr\u00e1 la estructura org\u00e1nica siguiente:<\/p>\n<p style=\"text-align: left;\"><strong>1. Direcci\u00f3n General<\/strong><\/p>\n<p><strong>1.1. Secretar\u00eda T\u00e9cnica<\/strong><\/p>\n<p style=\"text-align: left;\"><strong>1.2. Departamento de Comunicaci\u00f3n e Imagen <\/strong><\/p>\n<p style=\"text-align: left;\"><strong>2. Direcci\u00f3n Administrativa.<\/strong><\/p>\n<p style=\"text-align: left;\">2.1. Departamento de Recursos Materiales.<\/p>\n<p style=\"text-align: left;\">2.2. Departamento de Control Presupuestal.<\/p>\n<p>2.3. Departamento de Recursos Humanos y Control Interno.<\/p>\n<p style=\"text-align: left;\"><strong>3. Direcci\u00f3n de Planeaci\u00f3n y Control de Programas <\/strong><\/p>\n<p style=\"text-align: left;\">3.1. Departamento de Programas.<\/p>\n<p style=\"text-align: left;\">3.2. Departamento de Estad\u00edstica e Inform\u00e1tica.<\/p>\n<p style=\"text-align: left;\"><strong>4. Direcci\u00f3n de Capacitaci\u00f3n, Educaci\u00f3n y Formaci\u00f3n Integral <\/strong><\/p>\n<p style=\"text-align: left;\">4.1. Departamento de Capacitaci\u00f3n, Educaci\u00f3n y Formaci\u00f3n Integral<\/p>\n<p style=\"text-align: left;\"><strong>5. Direcci\u00f3n de Vinculaci\u00f3n<\/strong><\/p>\n<p>5.1. Departamento de Instancias Municipales.<\/p>\n<p style=\"text-align: left;\">5.2. Departamento de INMUJERES Federal e Interinstitucional.<\/p>\n<p style=\"text-align: left;\">5.3. Departamento de Proyectos.<\/p>\n<p style=\"text-align: left;\"><strong>6. Direcci\u00f3n Jur\u00eddica y de Transparencia.<\/strong><\/p>\n<p>6.1. Departamento de Coordinaci\u00f3n Jur\u00eddica.<\/p>\n<p><strong>7. Direcci\u00f3n de Atenci\u00f3n.<\/strong><\/p>\n<p style=\"text-align: left;\">7.1. Departamento de Atenci\u00f3n a las Mujeres.<\/p>\n<p>7.2. Departamento de Fortalecimiento a las Mujeres.<\/p>\n<p style=\"text-align: left;\"><strong> Art\u00edculo 2.<\/strong> Las atribuciones espec\u00edficas de las unidades administrativas del Instituto de las Mujeres en Tamaulipas se establecer\u00e1n en el Estatuto Org\u00e1nico de dicha Entidad.<\/p>\n<p style=\"text-align: left;\"><strong>Art\u00edculo 3.<\/strong> En caso de duda respecto a la competencia de las unidades administrativas, la Direcci\u00f3n General del Instituto de la Mujeres en Tamaulipas resolver\u00e1 lo conducente.<\/p>\n","protected":false},"excerpt":{"rendered":"<p>Art\u00edculo 1. El Instituto de las Mujeres en Tamaulipas tendr\u00e1 la estructura org\u00e1nica siguiente: 1. Direcci\u00f3n General 1.1. Secretar\u00eda T\u00e9cnica 1.2. Departamento de Comunicaci\u00f3n e\u2026<\/p>\n","protected":false},"author":33,"featured_media":0,"parent":0,"menu_order":0,"comment_status":"closed","ping_status":"closed","template":"","meta":{"footnotes":""},"class_list":["post-2480","page","type-page","status-publish","hentry"],"publishpress_future_action":{"enabled":false,"date":"2026-04-21 18:37:16","action":"change-status","newStatus":"draft","terms":[],"taxonomy":""},"_links":{"self":[{"href":"https:\/\/www.tamaulipas.gob.mx\/mujeres\/wp-json\/wp\/v2\/pages\/2480"}],"collection":[{"href":"https:\/\/www.tamaulipas.gob.mx\/mujeres\/wp-json\/wp\/v2\/pages"}],"about":[{"href":"https:\/\/www.tamaulipas.gob.mx\/mujeres\/wp-json\/wp\/v2\/types\/page"}],"author":[{"embeddable":true,"href":"https:\/\/www.tamaulipas.gob.mx\/mujeres\/wp-json\/wp\/v2\/users\/33"}],"replies":[{"embeddable":true,"href":"https:\/\/www.tamaulipas.gob.mx\/mujeres\/wp-json\/wp\/v2\/comments?post=2480"}],"version-history":[{"count":9,"href":"https:\/\/www.tamaulipas.gob.mx\/mujeres\/wp-json\/wp\/v2\/pages\/2480\/revisions"}],"predecessor-version":[{"id":4047,"href":"https:\/\/www.tamaulipas.gob.mx\/mujeres\/wp-json\/wp\/v2\/pages\/2480\/revisions\/4047"}],"wp:attachment":[{"href":"https:\/\/www.tamaulipas.gob.mx\/mujeres\/wp-json\/wp\/v2\/media?parent=2480"}],"curies":[{"name":"wp","href":"https:\/\/api.w.org\/{rel}","templated":true}]}}