{"id":162,"date":"2017-05-17T10:08:04","date_gmt":"2017-05-17T15:08:04","guid":{"rendered":"http:\/\/www.tamaulipas.gob.mx\/mujeres\/?page_id=162"},"modified":"2025-06-17T12:53:34","modified_gmt":"2025-06-17T18:53:34","slug":"marco-juridico","status":"publish","type":"page","link":"https:\/\/www.tamaulipas.gob.mx\/mujeres\/marco-juridico\/","title":{"rendered":"Marco Jur\u00eddico"},"content":{"rendered":"<div class=\"panel-group\" id=\"custom-collapse-0\">\n<div class=\"panel panel-default\">\n\t\t\t\t<div class=\"panel-heading\">\n\t\t\t\t\t<h4 class=\"panel-title\">\n\t\t\t\t\t\t<a class=\"\" data-toggle=\"collapse\" data-parent=\"#custom-collapse-0\" href=\"#custom-collapse-0-0\">Marco jur\u00eddico internacional<\/a>\n\t\t\t\t\t<\/h4>\n\t\t\t\t<\/div>\n\t\t\t\t<div id=\"custom-collapse-0-0\" class=\"panel-collapse in\">\n\t\t\t\t\t<div class=\"panel-body\">\n<ul>\n<li>Convenci\u00f3n sobre la Eliminaci\u00f3n de Todas las Formas de Discriminaci\u00f3n contra la Mujer.<\/li>\n<li>Convenci\u00f3n Interamericana para Prevenir, Sancionar y Erradicar la Violencia contra la Mujer.<\/li>\n<\/ul>\n<\/div>\n\t\t\t\t<\/div>\n\t\t\t<\/div>\n<div class=\"panel panel-default\">\n\t\t\t\t<div class=\"panel-heading\">\n\t\t\t\t\t<h4 class=\"panel-title\">\n\t\t\t\t\t\t<a class=\"collapsed\" data-toggle=\"collapse\" data-parent=\"#custom-collapse-0\" href=\"#custom-collapse-0-1\">Marco jur\u00eddico nacional<\/a>\n\t\t\t\t\t<\/h4>\n\t\t\t\t<\/div>\n\t\t\t\t<div id=\"custom-collapse-0-1\" class=\"panel-collapse collapse\">\n\t\t\t\t\t<div class=\"panel-body\">\n<ul>\n<li><a href=\"https:\/\/www.tamaulipas.gob.mx\/mujeres\/wp-content\/uploads\/sites\/22\/2025\/06\/cpeum.pdf\">Constituci\u00f3n Pol\u00edtica de los Estados Unidos Mexicanos<\/a><\/li>\n<li><a href=\"https:\/\/www.tamaulipas.gob.mx\/mujeres\/wp-content\/uploads\/sites\/22\/2025\/06\/lfped.pdf\">Ley Federal para Prevenir y Eliminar la Discriminaci\u00f3n<\/a><\/li>\n<li><a href=\"https:\/\/www.tamaulipas.gob.mx\/mujeres\/wp-content\/uploads\/sites\/22\/2025\/06\/lft.pdf\">Ley Federal del Trabajo<\/a><\/li>\n<li><a href=\"https:\/\/www.tamaulipas.gob.mx\/mujeres\/wp-content\/uploads\/sites\/22\/2025\/06\/lgamvlv.pdf\">Ley General de Acceso de las Mujeres a una Vida Libre de Violencia<\/a><\/li>\n<li><a href=\"https:\/\/www.tamaulipas.gob.mx\/mujeres\/wp-content\/uploads\/sites\/22\/2025\/06\/lgdnna-1.pdf\">Ley General de los Derechos de Ni\u00f1as, Ni\u00f1os y Adolescentes<\/a><\/li>\n<li><a href=\"https:\/\/www.tamaulipas.gob.mx\/mujeres\/wp-content\/uploads\/sites\/22\/2025\/06\/lgimh.pdf\">Ley General para la Igualdad entre Mujeres y Hombres<\/a><\/li>\n<li><a href=\"https:\/\/www.tamaulipas.gob.mx\/mujeres\/wp-content\/uploads\/sites\/22\/2025\/06\/lplan.pdf\">Ley de Planeaci\u00f3n<\/a><\/li>\n<li><a href=\"https:\/\/www.tamaulipas.gob.mx\/mujeres\/wp-content\/uploads\/sites\/22\/2025\/06\/paibim.pdf\">Lineamientos del Programa de Atenci\u00f3n Integral para el Bienestar de las Mujeres para el Ejercicio Fiscal 2025<\/a><\/li>\n<li><a href=\"https:\/\/www.tamaulipas.gob.mx\/mujeres\/wp-content\/uploads\/sites\/22\/2025\/06\/pnd_2025-2030_v250226_14.pdf\">Plan Nacional de Desarrollo 2025 &#8211; 2030<\/a><\/li>\n<li><a href=\"https:\/\/www.tamaulipas.gob.mx\/mujeres\/wp-content\/uploads\/sites\/22\/2025\/06\/reg_lgamvlv.pdf\">Reglamento de la Ley General de Acceso de las Mujeres a una Vida Libre de Violencia<\/a><\/li>\n<\/ul>\n<\/div>\n\t\t\t\t<\/div>\n\t\t\t<\/div>\n<div class=\"panel panel-default\">\n\t\t\t\t<div class=\"panel-heading\">\n\t\t\t\t\t<h4 class=\"panel-title\">\n\t\t\t\t\t\t<a class=\"collapsed\" data-toggle=\"collapse\" data-parent=\"#custom-collapse-0\" href=\"#custom-collapse-0-2\">Marco jur\u00eddico estatal<\/a>\n\t\t\t\t\t<\/h4>\n\t\t\t\t<\/div>\n\t\t\t\t<div id=\"custom-collapse-0-2\" class=\"panel-collapse collapse\">\n\t\t\t\t\t<div class=\"panel-body\">\n<ul>\n<li><a href=\"https:\/\/www.tamaulipas.gob.mx\/mujeres\/wp-content\/uploads\/sites\/22\/2025\/06\/constitucion-politica-del-estado-de-tamaulipas.pdf\">Constituci\u00f3n Pol\u00edtica del Estado de Tamaulipas<\/a><\/li>\n<li><a href=\"https:\/\/www.tamaulipas.gob.mx\/mujeres\/wp-content\/uploads\/sites\/22\/2025\/06\/65-ley-para-prevenir_atender_sancionar-y-erradicar-la-violencia-contra-las-28-03-25-.pdf\">Ley para Prevenir, Atender, Sancionar y Erradicar la Violencia Contra las Mujeres<\/a><\/li>\n<li><a href=\"https:\/\/www.tamaulipas.gob.mx\/mujeres\/wp-content\/uploads\/sites\/22\/2025\/06\/ley-de-los-derechos-de-las-personas-adultas-mayores-3-0424.pdf\">Ley de los Derechos de las Personas Adultas Mayores en el Estado de Tamaulipas<\/a><\/li>\n<li><a href=\"https:\/\/www.tamaulipas.gob.mx\/mujeres\/wp-content\/uploads\/sites\/22\/2025\/06\/ley-de-los-derechos-de-las-personas-con-discapacidad-050923.pdf\">Ley de los Derechos de las Personas con Discapacidad del Estado de Tamaulipas<\/a><\/li>\n<li><a href=\"https:\/\/www.tamaulipas.gob.mx\/mujeres\/wp-content\/uploads\/sites\/22\/2025\/06\/ley-de-los-derechos-de-ninas-ninos-y-adolescentes-del-edo-tam-11-06-2025-1.pdf\">Ley de los Derechos de Ni\u00f1as, Ni\u00f1os y Adolescentes del Estado de Tamaulipas<\/a><\/li>\n<li><a href=\"https:\/\/www.tamaulipas.gob.mx\/mujeres\/wp-content\/uploads\/sites\/22\/2025\/06\/ley-organica-de-la-administracion-publica-22-mayo-2025.pdf\">Ley Org\u00e1nica de la Administraci\u00f3n P\u00fablica del Estado de Tamaulipas<\/a><\/li>\n<li><a href=\"https:\/\/www.tamaulipas.gob.mx\/mujeres\/wp-content\/uploads\/sites\/22\/2025\/06\/ley-para-la-igualdad-de-genero-en-tamaulipas-19-jun-24-docx.pdf\">Ley para la Igualdad de G\u00e9nero en Tamaulipas<\/a><\/li>\n<li><a href=\"https:\/\/www.tamaulipas.gob.mx\/mujeres\/wp-content\/uploads\/sites\/22\/2025\/06\/ley-para-prevenir-y-erradicar-la-discriminacion-20-08-24.pdf\">Ley para Prevenir y Erradicar la Discriminaci\u00f3n en el Estado de Tamaulipas<\/a><\/li>\n<li><a href=\"https:\/\/www.tamaulipas.gob.mx\/mujeres\/wp-content\/uploads\/sites\/22\/2025\/06\/plan-estatal-de-desarrollo-2023-2028.pdf\">Plan Estatal de Desarrollo 2023 &#8211; 2028<\/a><\/li>\n<li><a href=\"https:\/\/www.tamaulipas.gob.mx\/mujeres\/wp-content\/uploads\/sites\/22\/2025\/06\/reglamento-de-la-ley-de-igualdad-de-genero-25-11-21.pdf\">Reglamento de la Ley de Igualdad de G\u00e9nero en Tamaulipas<\/a><\/li>\n<li><a href=\"https:\/\/www.tamaulipas.gob.mx\/mujeres\/wp-content\/uploads\/sites\/22\/2025\/06\/reglamento-de-la-ley_prevenir_sancionar_violencia_mujeres_edo.pdf\">Reglamento de la Ley para Prevenir, Atender, Sancionar y Erradicar la Violencia contra las Mujeres en el Estado de Tamaulipas<\/a><\/li>\n<\/ul>\n<\/div>\n\t\t\t\t<\/div>\n\t\t\t<\/div>\n<\/div>\n","protected":false},"excerpt":{"rendered":"","protected":false},"author":7,"featured_media":0,"parent":0,"menu_order":0,"comment_status":"closed","ping_status":"closed","template":"","meta":{"footnotes":""},"class_list":["post-162","page","type-page","status-publish","hentry"],"publishpress_future_action":{"enabled":false,"date":"2026-04-21 18:38:20","action":"change-status","newStatus":"draft","terms":[],"taxonomy":""},"_links":{"self":[{"href":"https:\/\/www.tamaulipas.gob.mx\/mujeres\/wp-json\/wp\/v2\/pages\/162"}],"collection":[{"href":"https:\/\/www.tamaulipas.gob.mx\/mujeres\/wp-json\/wp\/v2\/pages"}],"about":[{"href":"https:\/\/www.tamaulipas.gob.mx\/mujeres\/wp-json\/wp\/v2\/types\/page"}],"author":[{"embeddable":true,"href":"https:\/\/www.tamaulipas.gob.mx\/mujeres\/wp-json\/wp\/v2\/users\/7"}],"replies":[{"embeddable":true,"href":"https:\/\/www.tamaulipas.gob.mx\/mujeres\/wp-json\/wp\/v2\/comments?post=162"}],"version-history":[{"count":15,"href":"https:\/\/www.tamaulipas.gob.mx\/mujeres\/wp-json\/wp\/v2\/pages\/162\/revisions"}],"predecessor-version":[{"id":4076,"href":"https:\/\/www.tamaulipas.gob.mx\/mujeres\/wp-json\/wp\/v2\/pages\/162\/revisions\/4076"}],"wp:attachment":[{"href":"https:\/\/www.tamaulipas.gob.mx\/mujeres\/wp-json\/wp\/v2\/media?parent=162"}],"curies":[{"name":"wp","href":"https:\/\/api.w.org\/{rel}","templated":true}]}}