{"id":160,"date":"2017-05-17T10:07:23","date_gmt":"2017-05-17T15:07:23","guid":{"rendered":"http:\/\/www.tamaulipas.gob.mx\/mujeres\/?page_id=160"},"modified":"2025-02-17T10:31:30","modified_gmt":"2025-02-17T16:31:30","slug":"conocenos","status":"publish","type":"page","link":"https:\/\/www.tamaulipas.gob.mx\/mujeres\/conocenos\/","title":{"rendered":"Con\u00f3cenos"},"content":{"rendered":"<p style=\"text-align: justify;\">Mujeres Tamaulipas, somos un organismo descentralizado, integrado por hombres y mujeres con la visi\u00f3n de impulsar el desarrollo de Tamaulipas, creando condiciones de igualdad de g\u00e9nero y prevenci\u00f3n de la violencia contra las mujeres. Mujeres Tamaulipas promueve y ejecuta acciones y estrategias con los diferentes sectores gubernamentales y organismos de la sociedad civil, con el objetivo de transversalizar la perspectiva de g\u00e9nero y prevenir la violencia contra la mujer, fomentando la igualdad de g\u00e9nero entre hombres y mujeres, as\u00ed\u0301 como la plena igualdad de derechos y oportunidades para el desarrollo integral de la mujer en el Estado.<\/p>\n<div class=\"panel-group\" id=\"custom-collapse-0\">\n<div class=\"panel panel-default\">\n\t\t\t\t<div class=\"panel-heading\">\n\t\t\t\t\t<h4 class=\"panel-title\">\n\t\t\t\t\t\t<a class=\"\" data-toggle=\"collapse\" data-parent=\"#custom-collapse-0\" href=\"#custom-collapse-0-0\">Misi\u00f3n<\/a>\n\t\t\t\t\t<\/h4>\n\t\t\t\t<\/div>\n\t\t\t\t<div id=\"custom-collapse-0-0\" class=\"panel-collapse in\">\n\t\t\t\t\t<div class=\"panel-body\">\n<p>Promover e Impulsar la igualdad sustantiva entre mujeres y hombres y el pleno respeto a los derechos humanos de las mujeres en el estado de Tamaulipas mediante la decidida promoci\u00f3n de una pol\u00edtica p\u00fablica transversal, sustentada en la ley, en la articulaci\u00f3n con los tres niveles de gobierno, en la colaboraci\u00f3n con los poderes Legislativo y Judicial, y en una alianza con las organizaciones privadas y sociales, as\u00ed como con la sociedad en su conjunto.<\/p>\n<\/div>\n\t\t\t\t<\/div>\n\t\t\t<\/div>\n<div class=\"panel panel-default\">\n\t\t\t\t<div class=\"panel-heading\">\n\t\t\t\t\t<h4 class=\"panel-title\">\n\t\t\t\t\t\t<a class=\"collapsed\" data-toggle=\"collapse\" data-parent=\"#custom-collapse-0\" href=\"#custom-collapse-0-1\">Visi\u00f3n<\/a>\n\t\t\t\t\t<\/h4>\n\t\t\t\t<\/div>\n\t\t\t\t<div id=\"custom-collapse-0-1\" class=\"panel-collapse collapse\">\n\t\t\t\t\t<div class=\"panel-body\">\n<p>Tamaulipas ser\u00e1 reconocida a nivel nacional e internacional como una entidad con pleno ejercicio de los derechos humanos en donde ninguna mujer ni hombre ver\u00e1 limitado su desarrollo por condici\u00f3n de g\u00e9nero, y donde se ha erradicado la violencia de g\u00e9nero contra las mujeres y contra los hombres.<\/p>\n<\/div>\n\t\t\t\t<\/div>\n\t\t\t<\/div>\n<div class=\"panel panel-default\">\n\t\t\t\t<div class=\"panel-heading\">\n\t\t\t\t\t<h4 class=\"panel-title\">\n\t\t\t\t\t\t<a class=\"collapsed\" data-toggle=\"collapse\" data-parent=\"#custom-collapse-0\" href=\"#custom-collapse-0-2\">Atribuciones Espec\u00edficas<\/a>\n\t\t\t\t\t<\/h4>\n\t\t\t\t<\/div>\n\t\t\t\t<div id=\"custom-collapse-0-2\" class=\"panel-collapse collapse\">\n\t\t\t\t\t<div class=\"panel-body\">\n<ul>\n<li>Promover la igualdad de oportunidades para el desarrollo integral de las mujeres en Tamaulipas mediante el aliento de la defensa y representaci\u00f3n de sus intereses, el fomento de la cultura de igualdad y respeto a sus derechos y la adopci\u00f3n de actitudes y compromisos entre las diferentes \u00f3rdenes de gobierno as\u00ed como la sociedad en su conjunto, para evitar y eliminar cualquier clase de discriminaci\u00f3n por raz\u00f3n de g\u00e9nero.<\/li>\n<li>Impulsar la modificaci\u00f3n de patrones socioculturales de conducta de hombres y mujeres, para superar prejuicios y costumbres, as\u00ed como eliminar cualquier uso o practica basada en la premisa de la superioridad o inferioridad del hombre o la mujer o en la asignaci\u00f3n de estereotipos sociales para uno u otra y que inciden en la desigualdad de la mujer.<\/li>\n<li>Alentar una mayor integraci\u00f3n de las mujeres a las actividades del desarrollo pol\u00edtico, econ\u00f3mico, social y cultural, mediante el impulso de acciones para abrir y ampliar sus oportunidades de participaci\u00f3n en todos los \u00e1mbitos de la vida p\u00fablica y privada.<\/li>\n<li>Fomentar la igualdad de g\u00e9nero entre hombres y mujeres, as\u00ed como la plena igualdad de derechos y oportunidades para el desarrollo integral de la mujer en el Estado.<\/li>\n<li>Promover la colaboraci\u00f3n entre \u00f3rdenes de gobierno e institucional en el \u00e1mbito estatal, as\u00ed como de la sociedad en general, con el prop\u00f3sito de lograr sinergias a favor de las acciones tendientes a la igualdad de oportunidades para el desarrollo integral de la mujer.<\/li>\n<\/ul>\n<\/div>\n\t\t\t\t<\/div>\n\t\t\t<\/div>\n<div class=\"panel panel-default\">\n\t\t\t\t<div class=\"panel-heading\">\n\t\t\t\t\t<h4 class=\"panel-title\">\n\t\t\t\t\t\t<a class=\"collapsed\" data-toggle=\"collapse\" data-parent=\"#custom-collapse-0\" href=\"#custom-collapse-0-3\">Cobertura<\/a>\n\t\t\t\t\t<\/h4>\n\t\t\t\t<\/div>\n\t\t\t\t<div id=\"custom-collapse-0-3\" class=\"panel-collapse collapse\">\n\t\t\t\t\t<div class=\"panel-body\">\n<p>El Instituto de la Mujer Tamaulipeca cuenta con 7 Centros Regionales de Atenci\u00f3n a la Mujer ubicados en:<\/p>\n<ul>\n<li>Ciudad Victoria<\/li>\n<li>Matamoros<\/li>\n<li>Reynosa<\/li>\n<li>San Fernando<\/li>\n<li>Tula<\/li>\n<li>Altamira<\/li>\n<li>El Mante<\/li>\n<\/ul>\n<p>Coadyuvando con todos los Municipios de nuestro Estado a trav\u00e9s de los Institutos de la Mujer Municipal.<\/p>\n<p style=\"text-align: center;\"><a href=\"https:\/\/www.tamaulipas.gob.mx\/mujeres\/centrosregionales\/\" class=\"btn btn-primary btn-sm\"> M\u00e1s informaci\u00f3n <\/a>\n<\/div>\n\t\t\t\t<\/div>\n\t\t\t<\/div>\n<\/div>\n","protected":false},"excerpt":{"rendered":"<p>Mujeres Tamaulipas, somos un organismo descentralizado, integrado por hombres y mujeres con la visi\u00f3n de impulsar el desarrollo de Tamaulipas, creando condiciones de igualdad de\u2026<\/p>\n","protected":false},"author":7,"featured_media":0,"parent":0,"menu_order":0,"comment_status":"closed","ping_status":"closed","template":"","meta":{"footnotes":""},"class_list":["post-160","page","type-page","status-publish","hentry"],"publishpress_future_action":{"enabled":false,"date":"2026-04-21 18:37:17","action":"change-status","newStatus":"draft","terms":[],"taxonomy":""},"_links":{"self":[{"href":"https:\/\/www.tamaulipas.gob.mx\/mujeres\/wp-json\/wp\/v2\/pages\/160"}],"collection":[{"href":"https:\/\/www.tamaulipas.gob.mx\/mujeres\/wp-json\/wp\/v2\/pages"}],"about":[{"href":"https:\/\/www.tamaulipas.gob.mx\/mujeres\/wp-json\/wp\/v2\/types\/page"}],"author":[{"embeddable":true,"href":"https:\/\/www.tamaulipas.gob.mx\/mujeres\/wp-json\/wp\/v2\/users\/7"}],"replies":[{"embeddable":true,"href":"https:\/\/www.tamaulipas.gob.mx\/mujeres\/wp-json\/wp\/v2\/comments?post=160"}],"version-history":[{"count":8,"href":"https:\/\/www.tamaulipas.gob.mx\/mujeres\/wp-json\/wp\/v2\/pages\/160\/revisions"}],"predecessor-version":[{"id":3957,"href":"https:\/\/www.tamaulipas.gob.mx\/mujeres\/wp-json\/wp\/v2\/pages\/160\/revisions\/3957"}],"wp:attachment":[{"href":"https:\/\/www.tamaulipas.gob.mx\/mujeres\/wp-json\/wp\/v2\/media?parent=160"}],"curies":[{"name":"wp","href":"https:\/\/api.w.org\/{rel}","templated":true}]}}