{"id":86,"date":"2017-06-19T10:43:02","date_gmt":"2017-06-19T15:43:02","guid":{"rendered":"http:\/\/www.tamaulipas.gob.mx\/migrantes\/?page_id=86"},"modified":"2023-11-09T18:48:29","modified_gmt":"2023-11-10T00:48:29","slug":"albergues","status":"publish","type":"page","link":"https:\/\/www.tamaulipas.gob.mx\/migrantes\/albergues\/","title":{"rendered":"Paisanos"},"content":{"rendered":"<p>Tamaulipas es el punto de mayor ingreso, transito y retorno de paisanos a nivel nacional, el mayor flujo se da en la \u00e9poca decembrina, seguido por vacaciones de verano y semana mayor, el 70% ingresa por Nuevo Laredo; 19% por Reynosa; el 7% por Matamoros y el 4% por Miguel Alem\u00e1n.<\/p>\n<p>El 67% de los paisanos que ingresan por nuestro Estado, son hijos y nietos de mexicanos nacidos en los Estados Unidos de Norteam\u00e9rica, y el 33% son mexicanos residentes en Estados Unidos.<\/p>\n<p>Las acciones del Gobierno del estado de Tamaulipas, para la atenci\u00f3n de este flujo de connacionales que visitan territorio mexicano principalmente en las tres \u00e9pocas del a\u00f1o son:<\/p>\n<ul style=\"list-style-type: square;\">\n<li>Coadyuva en el Programa Federal denominado \u00abH\u00e9roes Paisanos\u00bb.<\/li>\n<li>Refuerza la seguridad en los puntos de ingreso y transito de los paisanos.<\/li>\n<li>Implementa paraderos seguros.<\/li>\n<li>Brinda orientaci\u00f3n, asistencia vial y mec\u00e1nica.<\/li>\n<li>Implementa mecanismos de recepci\u00f3n y canalizaci\u00f3n de denuncias por extorci\u00f3n y abusos.<\/li>\n<li>Convoca a los diversos sectores en la promoci\u00f3n tur\u00edstica, comercial y de servicios.<\/li>\n<\/ul>\n<p><strong>Estad\u00edsticas.<\/strong><\/p>\n<p><a href=\"https:\/\/www.tamaulipas.gob.mx\/migrantes\/wp-content\/uploads\/sites\/28\/2023\/11\/paisanos-por-puntos-de-ingreso-por-tamaulipas.png.jpg\"><span style=\"text-decoration: underline;\"><strong>Paisanos por puntos de ingreso por Tamaulipas.<\/strong><\/span><\/a><\/p>\n<p>&nbsp;<\/p>\n","protected":false},"excerpt":{"rendered":"<p>Tamaulipas es el punto de mayor ingreso, transito y retorno de paisanos a nivel nacional, el mayor flujo se da en la \u00e9poca decembrina, seguido\u2026<\/p>\n","protected":false},"author":7,"featured_media":0,"parent":0,"menu_order":0,"comment_status":"closed","ping_status":"closed","template":"","meta":{"footnotes":""},"class_list":["post-86","page","type-page","status-publish","hentry"],"publishpress_future_action":{"enabled":false,"date":"2026-05-04 05:34:04","action":"change-status","newStatus":"draft","terms":[],"taxonomy":""},"_links":{"self":[{"href":"https:\/\/www.tamaulipas.gob.mx\/migrantes\/wp-json\/wp\/v2\/pages\/86"}],"collection":[{"href":"https:\/\/www.tamaulipas.gob.mx\/migrantes\/wp-json\/wp\/v2\/pages"}],"about":[{"href":"https:\/\/www.tamaulipas.gob.mx\/migrantes\/wp-json\/wp\/v2\/types\/page"}],"author":[{"embeddable":true,"href":"https:\/\/www.tamaulipas.gob.mx\/migrantes\/wp-json\/wp\/v2\/users\/7"}],"replies":[{"embeddable":true,"href":"https:\/\/www.tamaulipas.gob.mx\/migrantes\/wp-json\/wp\/v2\/comments?post=86"}],"version-history":[{"count":28,"href":"https:\/\/www.tamaulipas.gob.mx\/migrantes\/wp-json\/wp\/v2\/pages\/86\/revisions"}],"predecessor-version":[{"id":1642,"href":"https:\/\/www.tamaulipas.gob.mx\/migrantes\/wp-json\/wp\/v2\/pages\/86\/revisions\/1642"}],"wp:attachment":[{"href":"https:\/\/www.tamaulipas.gob.mx\/migrantes\/wp-json\/wp\/v2\/media?parent=86"}],"curies":[{"name":"wp","href":"https:\/\/api.w.org\/{rel}","templated":true}]}}