{"id":764,"date":"2023-05-24T18:01:52","date_gmt":"2023-05-25T00:01:52","guid":{"rendered":"https:\/\/www.tamaulipas.gob.mx\/migrantes\/?page_id=764"},"modified":"2023-05-24T18:01:52","modified_gmt":"2023-05-25T00:01:52","slug":"medicos-sin-fronteras","status":"publish","type":"page","link":"https:\/\/www.tamaulipas.gob.mx\/migrantes\/medicos-sin-fronteras\/","title":{"rendered":"M\u00e9dicos sin Fronteras"},"content":{"rendered":"<p>Informaci\u00f3n en construcci\u00f3n.<\/p>\n<p><a href=\"https:\/\/www.msf.mx\/\"><strong><span style=\"text-decoration: underline;\">M\u00e9dicos sin Fronteras.<\/span><\/strong><\/a><\/p>\n","protected":false},"excerpt":{"rendered":"<p>Informaci\u00f3n en construcci\u00f3n. M\u00e9dicos sin Fronteras.<\/p>\n","protected":false},"author":322,"featured_media":0,"parent":0,"menu_order":0,"comment_status":"closed","ping_status":"closed","template":"","meta":{"footnotes":""},"class_list":["post-764","page","type-page","status-publish","hentry"],"publishpress_future_action":{"enabled":false,"date":"2026-05-04 05:34:12","action":"change-status","newStatus":"draft","terms":[],"taxonomy":""},"_links":{"self":[{"href":"https:\/\/www.tamaulipas.gob.mx\/migrantes\/wp-json\/wp\/v2\/pages\/764"}],"collection":[{"href":"https:\/\/www.tamaulipas.gob.mx\/migrantes\/wp-json\/wp\/v2\/pages"}],"about":[{"href":"https:\/\/www.tamaulipas.gob.mx\/migrantes\/wp-json\/wp\/v2\/types\/page"}],"author":[{"embeddable":true,"href":"https:\/\/www.tamaulipas.gob.mx\/migrantes\/wp-json\/wp\/v2\/users\/322"}],"replies":[{"embeddable":true,"href":"https:\/\/www.tamaulipas.gob.mx\/migrantes\/wp-json\/wp\/v2\/comments?post=764"}],"version-history":[{"count":1,"href":"https:\/\/www.tamaulipas.gob.mx\/migrantes\/wp-json\/wp\/v2\/pages\/764\/revisions"}],"predecessor-version":[{"id":765,"href":"https:\/\/www.tamaulipas.gob.mx\/migrantes\/wp-json\/wp\/v2\/pages\/764\/revisions\/765"}],"wp:attachment":[{"href":"https:\/\/www.tamaulipas.gob.mx\/migrantes\/wp-json\/wp\/v2\/media?parent=764"}],"curies":[{"name":"wp","href":"https:\/\/api.w.org\/{rel}","templated":true}]}}