{"id":619,"date":"2023-05-04T18:20:43","date_gmt":"2023-05-05T00:20:43","guid":{"rendered":"https:\/\/www.tamaulipas.gob.mx\/migrantes\/?page_id=619"},"modified":"2023-05-04T18:28:57","modified_gmt":"2023-05-05T00:28:57","slug":"albergues-2","status":"publish","type":"page","link":"https:\/\/www.tamaulipas.gob.mx\/migrantes\/albergues-2\/","title":{"rendered":"Albergues"},"content":{"rendered":"<p>Si encuentras a una ni\u00f1a, ni\u00f1o o adolescente viajando solo tambi\u00e9n puedes localizar ayuda en los siguientes albergues.<\/p>\n<ul class=\"nav nav-tabs\" id=\"\"><li class=\"active\"><a href=\"#custom-tab-0-d6a0c439bac235450119973453d451a3\" data-toggle=\"tab\" >Aguascalientes<\/a><\/li><li><a href=\"#custom-tab-0-3bd97db7eb0f4598c49db1a89aada877\" data-toggle=\"tab\" >Baja California<\/a><\/li><li><a href=\"#custom-tab-0-12a589f52f7b5ea4bb4b4d9fadb98d10\" data-toggle=\"tab\" >Chiapas<\/a><\/li><li><a href=\"#custom-tab-0-4ab02eb42d91b8e97216863c820a553b\" data-toggle=\"tab\" >Chihuahua<\/a><\/li><li><a href=\"#custom-tab-0-43eceb4060774ab7d743a19429158de5\" data-toggle=\"tab\" >Hidalgo<\/a><\/li><li><a href=\"#custom-tab-0-61413f0b8d39beb0c30986c9eaaa85eb\" data-toggle=\"tab\" >Nuevo Le\u00f3n<\/a><\/li><li><a href=\"#custom-tab-0-a48f7dfe488185fe9b9c8c723d318c66\" data-toggle=\"tab\" >Oaxaca<\/a><\/li><li><a href=\"#custom-tab-0-ff3cc8e5735615d6301e95bc096c8076\" data-toggle=\"tab\" >Coahuila<\/a><\/li><li><a href=\"#custom-tab-0-603c485e631f136681d0a92cea1b12d6\" data-toggle=\"tab\" >Guerrero<\/a><\/li><li><a href=\"#custom-tab-0-9ca026435afe27d222207843c77b5f32\" data-toggle=\"tab\" >Sonora<\/a><\/li><li><a href=\"#custom-tab-0-5b9a4a7c1a7f4fec978ef7121233e536\" data-toggle=\"tab\" >Tamaulipas<\/a><\/li><li><a href=\"#custom-tab-0-af8265f6a08f5b12a94dd3c568b3a488\" data-toggle=\"tab\" >Tlaxcala<\/a><\/li><li><a href=\"#custom-tab-0-72c16e18175c8d42ed542c0bf9f92cba\" data-toggle=\"tab\" >Veracruz<\/a><\/li><\/ul><div class=\"tab-content\">\n<div id=\"custom-tab-0-d6a0c439bac235450119973453d451a3\" class=\"tab-pane active\">\n<strong>Centro de asistencia social de NNA migrantes<\/strong><br \/>\nArgentina No. 710, Col. Agricultura, C.P. 20234, Aguascalientes, Ags.<br \/>\nTel. 01 (449) 971 4214, 01 (449) 910 2585 ext. 6538<br \/>\n<\/div>\n<div id=\"custom-tab-0-3bd97db7eb0f4598c49db1a89aada877\" class=\"tab-pane\">\n<strong>M\u00f3dulo de recepci\u00f3n y atenci\u00f3n a NNA migrantes y repatriados no acompa\u00f1ados<\/strong><br \/>\nPuerto Fronterizo Mexicali, M\u00f3dulo 7 de la Peque\u00f1a Importaci\u00f3n, Aduana Zona Centro, C.P. 21100, Mexicali, Baja California.<br \/>\nTel. 01 (686) 552 6704<\/p>\n<p><strong>Albergue temporal DIF Baja California Villa de los ni\u00f1os<\/strong><br \/>\nSalina Cruz 1253, Col. Guajardo, C.P. 21050, Mexicali, Baja California.<br \/>\nTel. 01 (686) 555 2797, 01 (686) 558 9141<\/p>\n<p><strong>Albergue juvenil del desierto para menos migrantes<\/strong><br \/>\nCarpintero 1515, Col. Industrial, C.P. 21010, Mexicali, Baja California.<br \/>\nTel. 01 (686) 554 5364, 01 (686) 554 8949<\/p>\n<p><strong>Casa Hogar BETESDA A.C.<\/strong><br \/>\nCalle R\u00edo Suchiate No. 670, entre S\u00e9ptima y Octava, Col. Aro Barnet, Delegaci\u00f3n Gonz\u00e1lez Ortega, C.P. 21239, Mexicali, Baja California.<br \/>\nTel. 01 (686) 561 6938<\/p>\n<p><strong>Albergue temporal del DIF Estatal R\u00edo Tijuana<\/strong><br \/>\nBoulevard Insurgentes y Calle Campestre s\/n 3ra. etapa, R\u00edo Tijuana, C.P. 22450, Tijuana, Baja California.<br \/>\nTel. 01 (664) 902 8611<\/p>\n<p><strong>Casa YMCA Tijuana<\/strong><br \/>\nBlvd. Cuauht\u00e9moc Sur 3170, Carretera a Rosarito, Col. Chulavista, C.P. 22410, Tijuana, Baja California.<br \/>\nTel. 01 (664) 686 1359, 01 (664) 686 3687<\/p>\n<\/div>\n<div id=\"custom-tab-0-12a589f52f7b5ea4bb4b4d9fadb98d10\" class=\"tab-pane\">\n<strong>Albergue municipal para ni\u00f1os migrantes<\/strong><br \/>\n18 Calle Norte 200, entre 2\u00ba Av. Poniente y Av. Ferrocarril, C.P. 30450, Arriaga, Chiapas,<br \/>\nTel 01 (966) 662 1555<\/p>\n<p><strong>Albergue municipal para ni\u00f1os y ni\u00f1as migrantes<\/strong><br \/>\nCalzada del Panteon s\/n, Col Centro, C P. 30000, Comit\u00e1n de Dom\u00ednguez, Chiapas.<br \/>\nTel. 01 (963) 632 3969<\/p>\n<p><strong>Albergue para migrantes menores hombres no acompa\u00f1ados<\/strong><br \/>\nDomicilio conocido. Ejido Cd. Cuauht\u00e9moc, CP. 30150, Frontera Comalapa, Chiapas.<br \/>\nTel 01 (963) 108 7014<\/p>\n<p><strong>Casa del migrante para ni\u00f1as y ni\u00f1os no acompa\u00f1ados<\/strong><br \/>\nAv. Bonampak s\/n,. Esquina Calle Chocolja, Colonia Maya Lakanj\u00e1, CP. 29960, Palenque, Chiapas.<\/p>\n<p><strong>Albergue temporal para menores migrantes<\/strong><br \/>\nCarretera Costera esq. Libramiento Sur s\/n, Col. Viva M\u00e9xico, CP, 30820, Tapachula, Chiapas.<br \/>\nTel. 01(962) 623 2156<\/p>\n<p><strong>Albergue municipal para ninas y ninos migrantes<\/strong><br \/>\nSexta Norte y 19 Poniente s\/n. Col. Centro, CP. 30700, Tapachula, Chiapas.<br \/>\nTel. 01 (962) 626 3763<\/p>\n<p><strong>Albergue temporal para mujeres v\u00edctimas de maltrato<\/strong><br \/>\nUbicaci\u00f3n confidencial.<br \/>\nTel. 01 (961) 755 8537<\/p>\n<p><strong>Casa hogar infantil<\/strong><br \/>\nCalzada de las Culturas Indigenas esq. 19 oriente s\/n. Col. Maya, C.P. 29010, Tuxtla Guti\u00e9rrez, Chiapas.<br \/>\nTel. 01 (961) 616 3027, 01 (961) 579 2083<\/p>\n<\/div>\n<div id=\"custom-tab-0-4ab02eb42d91b8e97216863c820a553b\" class=\"tab-pane\">\n<strong>M\u00f3dulo de atenci\u00f3n a menores migrantes y repatriados<\/strong><br \/>\nGardenias y Mariscal, Col. Bella Vista, CP. 32000. Cd Ju\u00e1rez, Chihuahua.<br \/>\nTel 01 (656) 614 2981<\/p>\n<p><strong>M\u00e9xico mi hogar, DIF<\/strong><br \/>\nBolivia No. 605 esq. Coyoac\u00e1n s\/n. Col. Hidalgo. C.P. 32000. Cd. Ju\u00e1rez. Chihuahua.<br \/>\nTel. 01 (656) 614 3645, 01 (656) 615 7424<\/p>\n<p><strong>Granja hogar<\/strong><br \/>\nProlongaci\u00f3n Vicente Guerrero 8151, Fraccionamiento Los Cisnes. C.P. 32440, Cd. Ju\u00e1rez, Chihuahua.<br \/>\nTel. 01 (656) 648 6882, 01 (656) 648 6887<\/p>\n<p><strong>Hogar de amor y superaci\u00f3n<\/strong><br \/>\nAv. Manuel J. Clouthier No 7627, Col. Del Real. C.P. 32660, Cd. Ju\u00e1rez. Chihuahua.<br \/>\nTel 01 (656) 208 9008<\/p>\n<p><strong>Casa de asis Francisca Alonso<\/strong><br \/>\nCalle Valle del Sol No. 1754, Fracc. Salvacar, C.P. 32580, Cd. Ju\u00e1rez. Chihuahua.<br \/>\nTel. 01 (656) 208 7300<\/p>\n<p><strong>Casa del menor migrante del DIF Municipal<\/strong><br \/>\nHombres Ilustres No. 1000, Col. Emiliano Zapata, C.P. 32881, Ojinaga. Chihuahua.<br \/>\nTel. 01 (626) 453 1963<\/p>\n<\/div>\n<div id=\"custom-tab-0-43eceb4060774ab7d743a19429158de5\" class=\"tab-pane\">\n<strong>Casa del ni\u00f1o<\/strong><br \/>\nPino Su\u00e1rez No. 200 esq. Dr. Ram\u00edrez Ulloa. Col. Doctores, C.P. 42090, Pachuca de Soto. Hgo.<br \/>\nTel. 01 (771) 713 0301 y 01 (771) 713 5465<\/p>\n<p><strong>Casa de la ni\u00f1a<\/strong><br \/>\nFomento Minero s\/n, Col. Venta Prieta, C.P. 42083, Pachuca de Soto. Hidalgo.<br \/>\nTel. 01 (771) 791 5502 y 01 (771) 791 5507<\/p>\n<\/div>\n<div id=\"custom-tab-0-61413f0b8d39beb0c30986c9eaaa85eb\" class=\"tab-pane\">\n<strong>Centro capullos<\/strong><br \/>\nValparaiso 801, Col. Jardines de la Pastora, C.P. 67140, Guadalupe. Nuevo Le\u00f3n.<br \/>\nTel: 01 (81) 2020 8532<\/p>\n<p><strong>Albergue para la atenci\u00f3n de ni\u00f1a5. ni\u00f1os y adolescentes migrantes no acompa\u00f1ados<\/strong><br \/>\nFabriles s\/n, entre Emiliano Zapata y Luis G. Urbina, Colonia Fabriles, C.P. 64550, Monterrey, Nuevo Le\u00f3n.<br \/>\nTel. 01 (818) 2020 9786<br \/>\n<\/div>\n<div id=\"custom-tab-0-a48f7dfe488185fe9b9c8c723d318c66\" class=\"tab-pane\">\n<strong>Albergue de tr\u00e1nsito para ni\u00f1as, ni\u00f1os y adolescentes migrantes y repatriados no acompa\u00f1ados.<\/strong><br \/>\nGral. Vicente Guerrero No. 114, Col. Miguel Alem\u00e1n. C.P. 68120. Oaxaca. Oaxaca.<br \/>\nTel. 01 (951) 501 5050 ext. 1921 y 1922<\/p>\n<\/div>\n<div id=\"custom-tab-0-ff3cc8e5735615d6301e95bc096c8076\" class=\"tab-pane\">\n<strong>M\u00f3dulo de atenci\u00f3n camino a casa<\/strong><br \/>\nEstacionamiento del Hospital General de Zona, Libramiento Jos\u00e9 de las Fuentes Rodr\u00edguez 503. Zona Centro. C.P. 26017, Ciudad Acu\u00f1a, Coahuila.<br \/>\nTel. 01 (877) 772 7692<\/p>\n<p><strong>Albergue transitorio camino a casa<\/strong><br \/>\nCalle Luis Donaldo Colosio 195. Col. 10 de Mayo, C.P. 26200, Ciudad Acu\u00f1a, Coahuila.<br \/>\nTel. 01 (877) 888 1829<\/p>\n<p><strong>Atenci\u00f3n camino a casa<\/strong><br \/>\nLibramiento Fausto Z. Mart\u00ednez, Col. Centro Puente Fronterizo II, C.P. 26000, Piedras Negras, Coahuila.<br \/>\nTel. 01 (877) 782 0443<\/p>\n<p><strong>Migrante A.C.<\/strong><br \/>\nJosefa Ort\u00edz de Dom\u00ednguez 695, Col. Maravillas, C.P. 26017, Piedras Negras, Coahuila<br \/>\nTel. 01 (878) 782 9672, 01 (878) 782 5189<\/p>\n<\/div>\n<div id=\"custom-tab-0-603c485e631f136681d0a92cea1b12d6\" class=\"tab-pane\">\n<strong>Albergue infantil villa de las ni\u00f1as<\/strong><br \/>\nMichoac\u00e1n 15, Col Progreso, C.P. 39350, Acapulco, Guerrero.<br \/>\nTel 01 (744) 190 4774<\/p>\n<p><strong>Villa de los ni\u00f1os<\/strong><br \/>\nPrivada de la Suiza No. 11, Fraccionamiento Las Playas, C.P. 39390, Acapulco, Guerrero.<br \/>\nTel. 01 (744) 190 4777<\/p>\n<\/div>\n<div id=\"custom-tab-0-9ca026435afe27d222207843c77b5f32\" class=\"tab-pane\">\n<strong>M\u00f3dulo de atenci\u00f3n para menores repatriados<\/strong><br \/>\nCalle 1\u00aa Av. Ferrocarril, entre las v\u00edas del ferrocarril, Col. Ferrocarril, C.P. 84200, Agua Prieta Sonora.<br \/>\nTel. 01 (633) 121 9138<\/p>\n<p><strong>Casa hogar nuestra se\u00f1ora reina de los \u00e1ngeles<\/strong><br \/>\nCalle 3, Av. 40 y 41, Col. Deportiva, C.P. 84200, Agua Prieta, Sonara.<br \/>\nTel. 01 (633) 338 3219<\/p>\n<p><strong>Hogar temporal jineseki<\/strong><br \/>\nLey Federal del Trabajo y Calle Tres, Col Bugambilias, C.P. 83140, Hermosillo, Sonora.<br \/>\nTel. 01 (662) 210 1416, 01 (662) 214 3932<\/p>\n<p><strong>M\u00f3dulo de atenci\u00f3n a menores repatriados<\/strong><br \/>\nBIvd. Adolfo L\u00f3pez Mateos, piso 2, Edificio Puerta de M\u00e9xico, C.P. 54000, Nogales. Sonora.<br \/>\nTel. 01 (631)209 5724 \/ 312 2924<\/p>\n<p><strong>Albergue de atenci\u00f3n a menores repatriados DIF<\/strong><br \/>\nBlvd. San Carlos s\/n esq. Santa Catalina, Fracc. San Miguel, C.P. 84092, Nogales, Sonora.<br \/>\nTel. 01 (631) 209 5724, 01 (631) 209 6333, 01 (631) 209 6235<\/p>\n<p><strong>M\u00f3dulo de atenci\u00f3n para ni\u00f1as. ni\u00f1os y adolescentes repatriados<\/strong><br \/>\nAv. G. Calles y Calle Primera 6, Edif. Puerto Fronterizo, C.P. 83400, San Luis R\u00edo Colorado, Sonora.<br \/>\nTel. 01 (653) 518 3766<\/p>\n<p><strong>Casa hogar san judas tadeo<\/strong><br \/>\nAv. Zacatecas 505, entre Matamoros y Benjam\u00edn Hill, C.P. 83400. San Luis R\u00edo Colorado, Sonora.<br \/>\nTel. 01 (653) 518 2180<\/p>\n<\/div>\n<div id=\"custom-tab-0-5b9a4a7c1a7f4fec978ef7121233e536\" class=\"tab-pane\">\n<strong>Centro de atenci\u00f3n al menor Fronterizo CAMEF &#8211; DIF<\/strong><br \/>\nPrivada 5 de Mayo, entre Av. Constituci\u00f3n y Calle Bravo s\/n, Zona Centro, C.P. 87300, Matamoros, Tamaulipas.<br \/>\nTel. 01 (868) 812 5730<\/p>\n<p><strong>Modulo centro de atenci\u00f3n a menores fronterizos<\/strong><br \/>\nModulo Puente 1,15 de Junio y Av. Guerrero, Sector Centro, C.P. 88000, Nuevo Laredo, Tamaulipas.<br \/>\nTel: 01 (867) 713 6274<\/p>\n<p><strong>Centro de atenci\u00f3n a menores fronterizos<\/strong><br \/>\nAv. Jes\u00fas Carranza 1619 esq. Maclovio Herrera, Col. Centro, C.P. 88000, Nuevo Laredo, Tamaulipas.<br \/>\nTel. 01 (867) 712 6976<\/p>\n<p><strong>Albergue CAMEF de atenci\u00f3n a ni\u00f1os migrantes y repatriados<\/strong><br \/>\nTol\u00f3n esq. con Marsella 110, Col. Fernandez G\u00f3mez, C.P. 88501, Reynosa, Tamaulipas.<br \/>\nTel: 01 (899) 922 0451<\/p>\n<p><strong>Centro de atenci\u00f3n a menores fronterizos<\/strong><br \/>\nAv. Miguel Alem\u00e1n s\/n, Zona Centro, Puente Internacional \u00abBenito Ju\u00e1rez\u00bb, C.P. 88500, Reynosa, Tamaulipas.<br \/>\nTel: 01 (899) 922 1790<\/p>\n<\/div>\n<div id=\"custom-tab-0-af8265f6a08f5b12a94dd3c568b3a488\" class=\"tab-pane\">\n<strong>La casa de los ni\u00f1os de todos<\/strong><br \/>\nCalle Nueva s\/n, Colonia Cuatro Se\u00f1or\u00edos, San Sebasti\u00e1n Atlapa, C.P. 90014. Tlaxcala, Tlaxcala.<br \/>\nTel. 01 (246) 467 0106<\/p>\n<\/div>\n<div id=\"custom-tab-0-72c16e18175c8d42ed542c0bf9f92cba\" class=\"tab-pane\">\n<strong>Albergue aldea MECED<\/strong><br \/>\nAv. Justino Sarmiento esq. Jorge Serd\u00e1n, Col. Juan de la Luz Enr\u00edquez, C.P. 91160, Xalapa. Veracruz.<br \/>\nTel. 01 (228) 842 6140<\/p>\n<\/div>\n<\/div>\n<p>&nbsp;<\/p>\n<ul class=\"nav nav-tabs\" id=\"\"><li class=\"active\"><a href=\"#custom-tab-1-680fd64418e934203089d456cc7cdd82\" data-toggle=\"tab\" ><strong>TAMAULIPAS<\/strong><\/a><\/li><li><a href=\"#custom-tab-1-0df158a4e6dd51eb038209911ad7e60e\" data-toggle=\"tab\" ><strong>CHIHUAHUA<\/strong><\/a><\/li><li><a href=\"#custom-tab-1-0d402b55d5102a408a1e4858fb4c1ffc\" data-toggle=\"tab\" ><b>SONORA<\/b><\/a><\/li><li><a href=\"#custom-tab-1-0d9d2d1da0d3ebd3b2b3ac7b59146f7a\" data-toggle=\"tab\" ><strong>COAHUILA<\/strong><\/a><\/li><li><a href=\"#custom-tab-1-c9bfb3bc354d23db03c4d0475eab9c9a\" data-toggle=\"tab\" ><strong>BAJA CALIFORNIA<\/strong><\/a><\/li><\/ul><div class=\"tab-content\">\n<div id=\"custom-tab-1-680fd64418e934203089d456cc7cdd82\" class=\"tab-pane active\">\n<p><strong>Nuevo Laredo<\/strong><br \/>\n<strong>Casa Nazareth<\/strong><br \/>\nCalle Fco. I Madero No 350, Col. Viveros.<br \/>\nTel: (867)714-56-11<br \/>\nTel: (867)714-22-01<\/p>\n<div class=\"row\"><div class=\"col-sm-12\"><a href=\"https:\/\/www.facebook.com\/Casadelmigrantenazareth\/?locale=es_LA\" class=\"btn btn-primary btn-sm pull-right\">\n<i class=\"fa fa-external-link\"><\/i> M\u00e1s informaci\u00f3n <\/a><\/div><\/div>\n<p><strong>Reynosa<br \/>\nSenda de Vida<\/strong><br \/>\nBordo de Protecci\u00f3n No 5, Col. 21 de Marzo.<br \/>\nTel: (899)225-60-86<\/p>\n<div class=\"row\"><div class=\"col-sm-12\"><a href=\"https:\/\/www.facebook.com\/casasendadevida\/?locale=es_LA\" class=\"btn btn-primary btn-sm pull-right\">\n<i class=\"fa fa-external-link\"><\/i> M\u00e1s informaci\u00f3n <\/a><\/div><\/div>\n<p><strong>Reynosa<br \/>\nNuestra Se\u00f1ora de Guadalupe<\/strong><br \/>\nMar\u00eda J. Gonz\u00e1lez No 501, Col. Aquiles Serd\u00e1n.<br \/>\nTel: (899)922-42-68<br \/>\nTel: (899)922-42-69<\/p>\n<div class=\"row\"><div class=\"col-sm-12\"><a href=\"https:\/\/www.facebook.com\/people\/Casa-del-Migrante-Reynosa\/100066791054886\/\" class=\"btn btn-primary btn-sm pull-right\">\n<i class=\"fa fa-external-link\"><\/i> M\u00e1s informaci\u00f3n <\/a><\/div><\/div>\n<p><strong>Matamoros<br \/>\nSan Juan Diego y San Francisco de As\u00eds <\/strong><br \/>\nAv. Golfo de M\u00e9xico No 49, Col. Ampl. Solidaridad.<br \/>\nTel: (899)160-77-99<\/p>\n<div class=\"row\"><div class=\"col-sm-12\"><a href=\"https:\/\/www.facebook.com\/CasaDelMigranteMatamoros\/\" class=\"btn btn-primary btn-sm pull-right\">\n<i class=\"fa fa-external-link\"><\/i> M\u00e1s informaci\u00f3n <\/a><\/div><\/div>\n<p><strong>Matamoros<br \/>\nNuestra Se\u00f1ora de San Juan<\/strong><br \/>\nCalle Canales y Roberto F. S\/N Col. Lucero.<\/p>\n<\/div>\n<div id=\"custom-tab-1-0df158a4e6dd51eb038209911ad7e60e\" class=\"tab-pane\">\n<p><b>Casa del Migrante en Ju\u00e1rez, A.C.\u00a0<\/b><br \/>\nNeptuno 1855, Col. Sat\u00e9lite,<br \/>\n32540, Ciudad Ju\u00e1rez, Chih.<br \/>\nTel. (656) 687 0676<br \/>\nFax (656) 687 0677<br \/>\ncdhmj@hotmail.com<\/p>\n<p><b>Uno de Siete Migrando (Casa del Migrante\u00a0Chihuahua)\u00a0<\/b><br \/>\nCalle Ciudad Camargo\u00a0 # 101, Col. Revoluci\u00f3n<br \/>\nC.P. 31135, Chihuahua<\/p>\n<p><b>Desayunador \u00abMadre Teresa de Calcuta\u00bb<\/b><br \/>\nCalle\u00a0 106 y las \u00c1guilas S\/N Col. Tierra Nueva,<br \/>\nCd. Cuauht\u00e9moc C. P. 31524, Chih.<\/p>\n<\/div>\n<div id=\"custom-tab-1-0d402b55d5102a408a1e4858fb4c1ffc\" class=\"tab-pane\">\n<p><strong>Comedor San Luis Gonzaga.<br \/>\n<\/strong>Calle Cinco cerca de Benjamina, Ejido La Victoria<br \/>\nC.P. 83304, Hermosillo<\/p>\n<p><strong>CAMDEP KINO.<\/strong><br \/>\nPerif\u00e9rico Luis Donaldo Colosio 55, Col. Del Rosario<br \/>\nC.P. 84020, Nogales<\/p>\n<p><strong>San Juan Bosco.<\/strong><br \/>\nEscuadr\u00f3n 201 esquina Monta\u00f1o, Col. Municipal<br \/>\nC.P. 84030, Nogales<\/p>\n<p><strong>Casa Nazareth.<\/strong><br \/>\nFovissste 2 edificio E-4 departamento 502, Col. Del Rosario,<br \/>\nC.P. 84020, Nogales<\/p>\n<p><strong>Centro de Atenci\u00f3n al Migrante Exodus (CAME).<br \/>\n<\/strong>\u00a0Calle 6 y Av. An\u00e1huac, Col. Ferrocarril<br \/>\nC.P. 84210, Agua Prieta<\/p>\n<p><strong>Centro de Recursos para Migrantes<\/strong><br \/>\nCalle 1 cerca de Avenida 3, Col. Sector Industrial<br \/>\nC.P. 84210, Agua Prieta<\/p>\n<p><strong>Casas YMCA de menores migrantes.<\/strong><br \/>\nCalle 7 n\u00famero 2205 entre Avenidas 22 y 23, Col. Bur\u00f3crata<br \/>\nC.P. 84200, Agua Prieta<\/p>\n<p><strong>Centro Comunitario de Atenci\u00f3n al Migrante y Necesitado (CCAMYN).<\/strong><br \/>\nAv. Gonzalo Senday 79, Col. Buenos Aires<br \/>\nC.P. 83750, Altar<\/p>\n<p><strong>Comedor CCAM Caborca.<br \/>\n<\/strong>\u00a0Calle 11 n\u00famero 50 entre Avenida G y H, Col. Centro<br \/>\nC.P. 83600, Caborca<\/p>\n<p><strong>La Divina Providencia.<\/strong><br \/>\nAv. Zaragoza 912, Barrio Comercial<br \/>\nC.P. 83449, San Luis R\u00edo Colorado<\/p>\n<\/div>\n<div id=\"custom-tab-1-0d9d2d1da0d3ebd3b2b3ac7b59146f7a\" class=\"tab-pane\">\n<p><strong>Casa del Migrante Saltillo.<br \/>\n<\/strong>\u00a0Juan de Erbaez 2406, Col. Land\u00edn<br \/>\nC.P. 25070, Saltillo<\/p>\n<p><strong>Centro de D\u00eda Jes\u00fas Torres.<\/strong><br \/>\nYucat\u00e1n 171, Col. Las Julietas<br \/>\nC.P. 27296, Torre\u00f3n<\/p>\n<p><strong>Posada del Peregrino C\u00e1ritas de Torre\u00f3n.<\/strong><br \/>\nAv. La Paz 300, Col. Villa California<br \/>\nC.P. 27089, Torre\u00f3n<\/p>\n<p><strong>Ej\u00e9rcito de Salvaci\u00f3n en Piedras Negras.<\/strong><br \/>\nVictoria 805, Col. Mundo Nuevo<br \/>\nC.P. 26010, Piedras Negras<\/p>\n<p><strong>Frontera Digna.<\/strong><br \/>\nAn\u00e1huac 605, Col. Centro<br \/>\nC.P. 26000, Piedras Negras<\/p>\n<p><strong>Emmaus.<br \/>\n<\/strong>\u00a0Dr. Coss 47 esquina Victoria, Col. Centro<br \/>\nC.P. 26200, Ciudad Acu\u00f1a<\/p>\n<\/div>\n<div id=\"custom-tab-1-c9bfb3bc354d23db03c4d0475eab9c9a\" class=\"tab-pane\">\n<p><strong>Alfa y Omega.<\/strong><br \/>\nJu\u00e1rez 24, Zona Centro<br \/>\nC.P. 21100, Mexicali<\/p>\n<p><strong>Hotel de los Migrantes Deportados \u00c1ngeles Sin Fronteras.<\/strong><br \/>\nAv. Reforma 244 casi esquina Melgar, Col. Primera Secci\u00f3n<br \/>\nC.P. 21100, Mexicali<\/p>\n<p><strong>Casa Betania (Di\u00f3cesis de Mexicali).<\/strong><br \/>\nLago Hudson 2408 esquina Toronto, Fracc. Xochimilco<br \/>\nC.P. 21380, Mexicali<\/p>\n<p><strong>Centro Pastoral Man\u00e1.<\/strong><br \/>\nAv. Jes\u00fas Garc\u00eda 1799, Col. Nacozari<br \/>\nC.P. 21030, Mexicali<\/p>\n<p><strong>Comedor Cobina.<\/strong><br \/>\nAv. Sebasti\u00e1n Lerdo de Tejada 416, Col. Centro<br \/>\nC.P. 21100, Mexicali<\/p>\n<p><strong>El Camino a un Nuevo Amanecer.<br \/>\n<\/strong>Av. Celaya 600, Col. San Isidro<br \/>\nC.P. 21600, Mexicali<\/p>\n<p><strong>Grupo de Ayuda para el Migrante.<br \/>\n<\/strong>Av. Michoac\u00e1n 1377, Col. Pueblo Nuevo<br \/>\nC.P. 21120, Mexicali<\/p>\n<p><strong>Juvenil del Desierto Menores Migrantes.<\/strong><br \/>\nAv. Carpinteros 1515 entre calle G y H, Col. Industrial<br \/>\nC.P. 21010, Mexicali<\/p>\n<p><strong>Casa del Migrante Tecate (Nuestra Se\u00f1ora de Guadalupe).<\/strong><br \/>\nMisi\u00f3n Santa Teresa 1400, Fracc. El Descanso<br \/>\nC.P. 21478, Tecate<\/p>\n<p><strong>San Vicente.<br \/>\n<\/strong>Calle Novena 691, Col. Bustamante<br \/>\nC.P. 22840, Ensenada<\/p>\n<p><strong>Casa de Oraci\u00f3n del Migrante.<\/strong><br \/>\nCarlota Sosa 735 esquina 1ra Sur, Col. Anexa del R\u00edo<br \/>\nC.P. 22416, Tijuana<\/p>\n<p><strong>Casa del Deportado Sagrado Coraz\u00f3n.<br \/>\n<\/strong>Ingeniero S\u00e1nchez Ayala 6725, Col. Zona Norte<br \/>\nC.P. 22000, Tijuana<\/p>\n<p><strong>Casa del Migrante en Tijuana.<br \/>\n<\/strong>Galileo 239, Col. Postal<br \/>\nC.P. 22416, Tijuana<\/p>\n<p><strong>Casa Puerta de Esperanza.<\/strong><br \/>\nCalle 17 Adolfo Ruiz Cort\u00ednez 550, Col. Libertad<br \/>\nC.P. 22400, Tijuana<\/p>\n<p><strong>Ej\u00e9rcito de Salvaci\u00f3n.<\/strong><br \/>\nAv. Aquiles Serd\u00e1n 11585, Col. Libertad<br \/>\nC.P. 22400, Tijuana<\/p>\n<p><strong>La Vi\u00f1a de Tijuana.<\/strong><br \/>\nFernando S\u00e1nchez Ayala (Michoac\u00e1n) 7534, Col. Zona Norte<br \/>\nC.P. 22000, Tijuana<\/p>\n<p><strong>Madre Assunta.<br \/>\n<\/strong>Galileo 2305, Col. Postal<br \/>\nC.P. 22416, Tijuana<\/p>\n<p><strong>Movimiento Juventud 2000.<br \/>\n<\/strong>Constituci\u00f3n 205 esquina Fernando S\u00e1nchez Ayala, Zona Norte<br \/>\nC.P. 22000, Tijuana<\/p>\n<p><strong>Desayunador Padre Chava.<\/strong><br \/>\nMelchor Ocampo 700, Zona Centro<br \/>\nC.P. 22000, Tijuana<\/p>\n<p><strong>Roca de Salvaci\u00f3n.<\/strong><br \/>\nAmpliaci\u00f3n Huajicori 20704, Col. Azteca<br \/>\nC.P. 22224, Tijuana<\/p>\n<p><strong>Templo Embajadores de Jes\u00fas. <\/strong><br \/>\nCa\u00f1\u00f3n del Alacr\u00e1n 4094, Col. Divina Providencia<br \/>\nC.P. 22525, Tijuana<\/p>\n<p><strong>Volviendo a la Patria.<br \/>\n<\/strong>Calle 20 n\u00famero 974, Col. Libertad<br \/>\nC.P. 22400, Tijuana<\/p>\n<p><strong>Casas YMCA de Menores Migrantes.<br \/>\n<\/strong>Boulevard Cuauht\u00e9moc Sur 3170, Col. Chula Vista<br \/>\nC.P. 22045, Tijuana<\/p>\n<p><b>\u00a0<\/b><\/p>\n<\/div>\n<\/div>\n<p>&nbsp;<\/p>\n","protected":false},"excerpt":{"rendered":"<p>Si encuentras a una ni\u00f1a, ni\u00f1o o adolescente viajando solo tambi\u00e9n puedes localizar ayuda en los siguientes albergues. &nbsp; &nbsp;<\/p>\n","protected":false},"author":1,"featured_media":0,"parent":0,"menu_order":0,"comment_status":"closed","ping_status":"closed","template":"","meta":{"footnotes":""},"class_list":["post-619","page","type-page","status-publish","hentry"],"publishpress_future_action":{"enabled":false,"date":"2026-04-28 03:10:29","action":"change-status","newStatus":"draft","terms":[],"taxonomy":""},"_links":{"self":[{"href":"https:\/\/www.tamaulipas.gob.mx\/migrantes\/wp-json\/wp\/v2\/pages\/619"}],"collection":[{"href":"https:\/\/www.tamaulipas.gob.mx\/migrantes\/wp-json\/wp\/v2\/pages"}],"about":[{"href":"https:\/\/www.tamaulipas.gob.mx\/migrantes\/wp-json\/wp\/v2\/types\/page"}],"author":[{"embeddable":true,"href":"https:\/\/www.tamaulipas.gob.mx\/migrantes\/wp-json\/wp\/v2\/users\/1"}],"replies":[{"embeddable":true,"href":"https:\/\/www.tamaulipas.gob.mx\/migrantes\/wp-json\/wp\/v2\/comments?post=619"}],"version-history":[{"count":4,"href":"https:\/\/www.tamaulipas.gob.mx\/migrantes\/wp-json\/wp\/v2\/pages\/619\/revisions"}],"predecessor-version":[{"id":1374,"href":"https:\/\/www.tamaulipas.gob.mx\/migrantes\/wp-json\/wp\/v2\/pages\/619\/revisions\/1374"}],"wp:attachment":[{"href":"https:\/\/www.tamaulipas.gob.mx\/migrantes\/wp-json\/wp\/v2\/media?parent=619"}],"curies":[{"name":"wp","href":"https:\/\/api.w.org\/{rel}","templated":true}]}}