{"id":516,"date":"2023-04-27T15:41:51","date_gmt":"2023-04-27T21:41:51","guid":{"rendered":"https:\/\/www.tamaulipas.gob.mx\/migrantes\/?page_id=516"},"modified":"2023-09-08T10:58:36","modified_gmt":"2023-09-08T16:58:36","slug":"documentos","status":"publish","type":"page","link":"https:\/\/www.tamaulipas.gob.mx\/migrantes\/documentos\/","title":{"rendered":"Documentos"},"content":{"rendered":"<p><a href=\"https:\/\/www.tamaulipas.gob.mx\/migrantes\/wp-content\/uploads\/sites\/28\/2023\/09\/triptico-migrantes_justicia-sin-obstaculos.pdf\">Tr\u00edptico-Migrantes Justicia-sin-Obst\u00e1culos<\/a><\/p>\n<p>&nbsp;<\/p>\n<p><a href=\"https:\/\/mexico.iom.int\/sites\/g\/files\/tmzbdl1686\/files\/documents\/2023-03\/01%20DTM%20Matamoros%202023.pdf\">DTM Seguimiento de Flujos de Poblaci\u00f3n Migrante- Matamoros<\/a><\/p>\n<p>&nbsp;<\/p>\n<p><a href=\"https:\/\/mexico.iom.int\/sites\/g\/files\/tmzbdl1686\/files\/documents\/2023-03\/01%20DTM%20Reynosa%202023.pdf\">DTM Seguimiento de Flujos de Poblaci\u00f3n Migrante- Reynosa<\/a><\/p>\n<p>&nbsp;<\/p>\n<p><a href=\"https:\/\/mexico.iom.int\/sites\/g\/files\/tmzbdl1686\/files\/documents\/analisis-tamaulipas.pdf\">An\u00e1lisis de Situaci\u00f3n de la Ni\u00f1ez y Adolescencia Migrante en Tamaulipas.\u00a0<\/a><\/p>\n","protected":false},"excerpt":{"rendered":"<p>Tr\u00edptico-Migrantes Justicia-sin-Obst\u00e1culos &nbsp; DTM Seguimiento de Flujos de Poblaci\u00f3n Migrante- Matamoros &nbsp; DTM Seguimiento de Flujos de Poblaci\u00f3n Migrante- Reynosa &nbsp; An\u00e1lisis de Situaci\u00f3n de\u2026<\/p>\n","protected":false},"author":1,"featured_media":0,"parent":0,"menu_order":0,"comment_status":"closed","ping_status":"closed","template":"","meta":{"footnotes":""},"class_list":["post-516","page","type-page","status-publish","hentry"],"publishpress_future_action":{"enabled":false,"date":"2026-05-04 05:26:20","action":"change-status","newStatus":"draft","terms":[],"taxonomy":""},"_links":{"self":[{"href":"https:\/\/www.tamaulipas.gob.mx\/migrantes\/wp-json\/wp\/v2\/pages\/516"}],"collection":[{"href":"https:\/\/www.tamaulipas.gob.mx\/migrantes\/wp-json\/wp\/v2\/pages"}],"about":[{"href":"https:\/\/www.tamaulipas.gob.mx\/migrantes\/wp-json\/wp\/v2\/types\/page"}],"author":[{"embeddable":true,"href":"https:\/\/www.tamaulipas.gob.mx\/migrantes\/wp-json\/wp\/v2\/users\/1"}],"replies":[{"embeddable":true,"href":"https:\/\/www.tamaulipas.gob.mx\/migrantes\/wp-json\/wp\/v2\/comments?post=516"}],"version-history":[{"count":18,"href":"https:\/\/www.tamaulipas.gob.mx\/migrantes\/wp-json\/wp\/v2\/pages\/516\/revisions"}],"predecessor-version":[{"id":1373,"href":"https:\/\/www.tamaulipas.gob.mx\/migrantes\/wp-json\/wp\/v2\/pages\/516\/revisions\/1373"}],"wp:attachment":[{"href":"https:\/\/www.tamaulipas.gob.mx\/migrantes\/wp-json\/wp\/v2\/media?parent=516"}],"curies":[{"name":"wp","href":"https:\/\/api.w.org\/{rel}","templated":true}]}}