{"id":465,"date":"2023-04-26T12:37:20","date_gmt":"2023-04-26T18:37:20","guid":{"rendered":"https:\/\/www.tamaulipas.gob.mx\/migrantes\/?page_id=465"},"modified":"2023-05-15T15:54:39","modified_gmt":"2023-05-15T21:54:39","slug":"otros","status":"publish","type":"page","link":"https:\/\/www.tamaulipas.gob.mx\/migrantes\/otros\/","title":{"rendered":"Programa de Visas H2A"},"content":{"rendered":"<p style=\"text-align: justify;\">Con el prop\u00f3sito de promover la migraci\u00f3n segura y ordenada, el Gobierno del Estado a trav\u00e9s del Instituto Tamaulipeco para los Migrantes, promueve y asesora en la aplicaci\u00f3n de visas para realizar trabajo agr\u00edcola en los Estados Unidos de Norteam\u00e9rica conocidas como (visas H2A).<\/p>\n<p style=\"text-align: justify;\"><strong>La visa H2A <\/strong>permite a los empleadores estadounidenses contratar trabajadores extranjeros para ocupar puestos laborales en la agricultura temporalmente. La vigencia de estas visas asilan entre 2 a 10 meses y el trabajador al finalizar la temporalidad deber\u00e1 abandonar los Estados Unidos.<\/p>\n<p style=\"text-align: justify;\">Los empleadores a trav\u00e9s de visa H-2A est\u00e1n obligados a pagar el transporte de entrada y salida, el alojamiento gratuito y proporcionar comidas a los trabajadores contratados con este esquema migratorio.<\/p>\n<p>&nbsp;<\/p>\n<p><strong>Algunas se\u00f1ales de alerta sobre fraudes o reclutadoras fantasmas que debes saber:<\/strong><\/p>\n<p>Te garantiza que obtendr\u00e1s una visa (s\u00f3lo el consulado puede tomar la decisi\u00f3n final),<\/p>\n<p>La oferta de trabajo es por m\u00e1s de un a\u00f1o,<\/p>\n<p>Te dice que no necesitas entrevista en el consulado de los Estados Unidos,<\/p>\n<p>Ofrece una visa H-2A pero dice que el trabajo no es en agricultura,<\/p>\n<p>Dice que por medio de la visa podr\u00e1s conseguir una residencia permanente,<\/p>\n<p>No te dice d\u00f3nde es el trabajo,<\/p>\n<p>Se recomienda, adem\u00e1s, exigir un comprobante de pago por cualquier gasto relacionado con el reclutamiento.<\/p>\n<p>&nbsp;<\/p>\n<p style=\"text-align: justify;\"><a href=\"https:\/\/www.tamaulipas.gob.mx\/migrantes\/ubicaciones\/\"><span style=\"text-decoration: underline;\"><b style=\"text-decoration-line: underline;\">Para mayor informaci\u00f3n sobre la <\/b><b><u>obtenci\u00f3n<\/u><\/b><b style=\"text-decoration-line: underline;\"> de este tipo de visas o respecto a reclutadoras <\/b><b><u>fraudulentas<\/u><\/b><b style=\"text-decoration-line: underline;\"> acude a nuestras instalaciones.<\/b><\/span><\/a><\/p>\n","protected":false},"excerpt":{"rendered":"<p>Con el prop\u00f3sito de promover la migraci\u00f3n segura y ordenada, el Gobierno del Estado a trav\u00e9s del Instituto Tamaulipeco para los Migrantes, promueve y asesora\u2026<\/p>\n","protected":false},"author":1,"featured_media":0,"parent":0,"menu_order":0,"comment_status":"closed","ping_status":"closed","template":"","meta":{"footnotes":""},"class_list":["post-465","page","type-page","status-publish","hentry"],"publishpress_future_action":{"enabled":false,"date":"2026-05-04 03:55:44","action":"change-status","newStatus":"draft","terms":[],"taxonomy":""},"_links":{"self":[{"href":"https:\/\/www.tamaulipas.gob.mx\/migrantes\/wp-json\/wp\/v2\/pages\/465"}],"collection":[{"href":"https:\/\/www.tamaulipas.gob.mx\/migrantes\/wp-json\/wp\/v2\/pages"}],"about":[{"href":"https:\/\/www.tamaulipas.gob.mx\/migrantes\/wp-json\/wp\/v2\/types\/page"}],"author":[{"embeddable":true,"href":"https:\/\/www.tamaulipas.gob.mx\/migrantes\/wp-json\/wp\/v2\/users\/1"}],"replies":[{"embeddable":true,"href":"https:\/\/www.tamaulipas.gob.mx\/migrantes\/wp-json\/wp\/v2\/comments?post=465"}],"version-history":[{"count":11,"href":"https:\/\/www.tamaulipas.gob.mx\/migrantes\/wp-json\/wp\/v2\/pages\/465\/revisions"}],"predecessor-version":[{"id":687,"href":"https:\/\/www.tamaulipas.gob.mx\/migrantes\/wp-json\/wp\/v2\/pages\/465\/revisions\/687"}],"wp:attachment":[{"href":"https:\/\/www.tamaulipas.gob.mx\/migrantes\/wp-json\/wp\/v2\/media?parent=465"}],"curies":[{"name":"wp","href":"https:\/\/api.w.org\/{rel}","templated":true}]}}