{"id":459,"date":"2023-04-26T12:35:56","date_gmt":"2023-04-26T18:35:56","guid":{"rendered":"https:\/\/www.tamaulipas.gob.mx\/migrantes\/?page_id=459"},"modified":"2023-11-01T13:01:25","modified_gmt":"2023-11-01T19:01:25","slug":"club-migrantes","status":"publish","type":"page","link":"https:\/\/www.tamaulipas.gob.mx\/migrantes\/club-migrantes\/","title":{"rendered":"Clubes y Federaciones de Migrantes"},"content":{"rendered":"<p><span style=\"font-size: 20px;\"><strong>Clubes y Federaciones de Migrantes<\/strong><\/span><\/p>\n<p style=\"text-align: justify;\">A iniciativa del Gobierno de Tamaulipas, se impulsa el Registro Estatal de Clubes y Federaciones de migrantes tamaulipecos en el exterior con el objeto de restablecer el vinculo y fortalecer con ellos, nuestra cultura y tradiciones, facilitar la difusi\u00f3n y aplicaci\u00f3n de los programas de atenci\u00f3n a los migrantes y sus familias.<\/p>\n<p style=\"text-align: justify;\">En este sentido, el Gobierno del Estado de Tamaulipas a trav\u00e9s del Instituto Tamaulipeco para los Migrantes, pone a disposici\u00f3n de la comunidad organizada en el exterior, el Registro Estatal de Clubes y Federaciones de Tamaulipecos.<\/p>\n<p style=\"text-align: justify;\">El proceso para el registro de los clubes y federaciones es muy sencillo y ya est\u00e1 disponible en esta p\u00e1gina; los formatos e informaci\u00f3n que necesitas la puedes consultar aqu\u00ed mismo y comunicarte a los tel\u00e9fonos del Instituto o a trav\u00e9s del <span style=\"text-decoration: underline;\"><a href=\"https:\/\/www.tamaulipas.gob.mx\/migrantes\/contacto\/\">correo electr\u00f3nico oficial.<\/a><\/span><\/p>\n<p style=\"text-align: justify;\"><strong>I.-REQUISITOS PARA CONFORMAR UN CLUB DE MIGRANTES<\/strong><\/p>\n<p style=\"text-align: justify;\">1.- <strong>Solicitud de inscripci\u00f3n <\/strong>al Registro Estatal de Clubes y Federaciones de Tamaulipecos, dirigida al Instituto Tamaulipeco para los Migrantes del Estado de Tamaulipas, que incluya datos de contacto del representante: domicilio, tel\u00e9fono y correo electr\u00f3nico.<\/p>\n<p style=\"text-align: justify;\">2.- <strong>Copia del Acta Constitutiva o de Asamblea<\/strong>, que relate la conformaci\u00f3n de la agrupaci\u00f3n, debidamente notariada;<\/p>\n<p style=\"text-align: justify;\">3.- <strong>Padr\u00f3n de afiliados,<\/strong> conformado por al menos 7 personas de origen tamaulipeco, quienes ser\u00edan los integrantes del Club (Formato 1).<\/p>\n<p style=\"text-align: justify;\">4.- Copia de una <strong>identificaci\u00f3n vigente con fotograf\u00eda de cada integrante del club <\/strong>(matr\u00edcula consular, pasaporte, INE, licencia de manejo). En caso de que la identificaci\u00f3n no indique la direcci\u00f3n actual, se deber\u00e1 adjuntar copia tama\u00f1o carta de comprobante de domicilio.<\/p>\n<p style=\"text-align: justify;\">Posterior a ello, el Instituto Tamaulipeco para los Migrantes emitir\u00e1 la Toma de Nota actualizada; y se le har\u00e1 llegar al presidente del Club respectivo.<\/p>\n<p>&nbsp;<\/p>\n<p style=\"text-align: justify;\"><strong>II.- REQUISITOS PARA CONFORMAR UNA FEDERACI\u00d3N DE MIGRANTES<\/strong><\/p>\n<p style=\"text-align: justify;\"><strong>1.- Solicitud de inscripci\u00f3n<\/strong> al Registro Estatal de Clubes y Federaciones de Tamaulipecos, al Instituto Tamaulipeco para los Migrantes del Estado de Tamaulipas, que incluya datos de contacto del representante: domicilio, tel\u00e9fono y correo electr\u00f3nico.<\/p>\n<p style=\"text-align: justify;\"><strong>2.- Toma de Nota de los Clubes afiliados<\/strong> que contenga el nombre de las y los integrantes de la Mesa Directiva\u00a0 \u00a0 \u00a0 \u00a0 \u00a0 \u00a0(Formato 2);<\/p>\n<p style=\"text-align: justify;\"><strong>3.- Copia del acta constitutiva o de asamblea<\/strong> que relate la conformaci\u00f3n de la agrupaci\u00f3n debidamente notariada;<\/p>\n<p style=\"text-align: justify;\"><strong>4.- Lista de Clubes <\/strong>que integrar\u00e1n la Federaci\u00f3n (Formato 1),<\/p>\n<p style=\"text-align: justify;\"><strong>5.-<\/strong> Copia de una <strong>identificaci\u00f3n vigente con fotograf\u00eda de cada integrante de los clubes <\/strong>que integrar\u00e1n la Federaci\u00f3n (matr\u00edcula consular, pasaporte, INE, licencia de manejo). En caso de que la identificaci\u00f3n no indique la direcci\u00f3n actual, se deber\u00e1 adjuntar copia del comprobante de domicilio.<\/p>\n<p style=\"text-align: justify;\">Posterior a ello, el Instituto Tamaulipeco para los Migrantes emitir\u00e1 la Toma de Nota de la Federaci\u00f3n; y se le har\u00e1 llegar al presidente respectivo.<\/p>\n<p style=\"text-align: justify;\"><strong>FORMATOS:<\/strong><\/p>\n<p style=\"text-align: justify;\"><strong>-FORMATO DE SOLICITUD DE INSCRIPCI\u00d3N PARA UN CLUB DE MIGRANTES.<\/strong><\/p>\n<p style=\"text-align: justify;\"><strong>-FORMATO DE SOLICITUD DE INSCRIPCI\u00d3N PARA UNA FEDERACI\u00d3N DE MIGRANTES.<\/strong><\/p>\n<p style=\"text-align: justify;\"><strong>-FORMATO DE ACTA CONSTITUTIVA PARA UN CLUB DE MIGRANTES.<\/strong><\/p>\n<p style=\"text-align: justify;\"><strong>-FORMATO DE ACTA CONSTITUTIVA PARA UNA FEDERACI\u00d3N DE MIGRANTES.<\/strong><\/p>\n","protected":false},"excerpt":{"rendered":"<p>Clubes y Federaciones de Migrantes A iniciativa del Gobierno de Tamaulipas, se impulsa el Registro Estatal de Clubes y Federaciones de migrantes tamaulipecos en el\u2026<\/p>\n","protected":false},"author":1,"featured_media":0,"parent":0,"menu_order":0,"comment_status":"closed","ping_status":"closed","template":"","meta":{"footnotes":""},"class_list":["post-459","page","type-page","status-publish","hentry"],"publishpress_future_action":{"enabled":false,"date":"2026-05-04 08:45:55","action":"change-status","newStatus":"draft","terms":[],"taxonomy":""},"_links":{"self":[{"href":"https:\/\/www.tamaulipas.gob.mx\/migrantes\/wp-json\/wp\/v2\/pages\/459"}],"collection":[{"href":"https:\/\/www.tamaulipas.gob.mx\/migrantes\/wp-json\/wp\/v2\/pages"}],"about":[{"href":"https:\/\/www.tamaulipas.gob.mx\/migrantes\/wp-json\/wp\/v2\/types\/page"}],"author":[{"embeddable":true,"href":"https:\/\/www.tamaulipas.gob.mx\/migrantes\/wp-json\/wp\/v2\/users\/1"}],"replies":[{"embeddable":true,"href":"https:\/\/www.tamaulipas.gob.mx\/migrantes\/wp-json\/wp\/v2\/comments?post=459"}],"version-history":[{"count":19,"href":"https:\/\/www.tamaulipas.gob.mx\/migrantes\/wp-json\/wp\/v2\/pages\/459\/revisions"}],"predecessor-version":[{"id":1567,"href":"https:\/\/www.tamaulipas.gob.mx\/migrantes\/wp-json\/wp\/v2\/pages\/459\/revisions\/1567"}],"wp:attachment":[{"href":"https:\/\/www.tamaulipas.gob.mx\/migrantes\/wp-json\/wp\/v2\/media?parent=459"}],"curies":[{"name":"wp","href":"https:\/\/api.w.org\/{rel}","templated":true}]}}