{"id":456,"date":"2023-04-26T12:35:09","date_gmt":"2023-04-26T18:35:09","guid":{"rendered":"https:\/\/www.tamaulipas.gob.mx\/migrantes\/?page_id=456"},"modified":"2023-09-07T18:01:50","modified_gmt":"2023-09-08T00:01:50","slug":"programa-2x1","status":"publish","type":"page","link":"https:\/\/www.tamaulipas.gob.mx\/migrantes\/programa-2x1\/","title":{"rendered":"Proyectos Productivos"},"content":{"rendered":"<p style=\"text-align: justify;\">Programa en construcci\u00f3n y elaboraci\u00f3n de reglas de operaci\u00f3n.<\/p>\n<p>Con este programa se pretende dar respuesta a nuestro migrantes Tamaulipecos en su intenci\u00f3n de participar en proyectos social en beneficio de sus comunidades y municipios de origen.<\/p>\n<p style=\"text-align: justify;\">\n","protected":false},"excerpt":{"rendered":"<p>Programa en construcci\u00f3n y elaboraci\u00f3n de reglas de operaci\u00f3n. Con este programa se pretende dar respuesta a nuestro migrantes Tamaulipecos en su intenci\u00f3n de participar\u2026<\/p>\n","protected":false},"author":1,"featured_media":0,"parent":0,"menu_order":0,"comment_status":"closed","ping_status":"closed","template":"","meta":{"footnotes":""},"class_list":["post-456","page","type-page","status-publish","hentry"],"publishpress_future_action":{"enabled":false,"date":"2026-05-04 08:40:06","action":"change-status","newStatus":"draft","terms":[],"taxonomy":""},"_links":{"self":[{"href":"https:\/\/www.tamaulipas.gob.mx\/migrantes\/wp-json\/wp\/v2\/pages\/456"}],"collection":[{"href":"https:\/\/www.tamaulipas.gob.mx\/migrantes\/wp-json\/wp\/v2\/pages"}],"about":[{"href":"https:\/\/www.tamaulipas.gob.mx\/migrantes\/wp-json\/wp\/v2\/types\/page"}],"author":[{"embeddable":true,"href":"https:\/\/www.tamaulipas.gob.mx\/migrantes\/wp-json\/wp\/v2\/users\/1"}],"replies":[{"embeddable":true,"href":"https:\/\/www.tamaulipas.gob.mx\/migrantes\/wp-json\/wp\/v2\/comments?post=456"}],"version-history":[{"count":6,"href":"https:\/\/www.tamaulipas.gob.mx\/migrantes\/wp-json\/wp\/v2\/pages\/456\/revisions"}],"predecessor-version":[{"id":1359,"href":"https:\/\/www.tamaulipas.gob.mx\/migrantes\/wp-json\/wp\/v2\/pages\/456\/revisions\/1359"}],"wp:attachment":[{"href":"https:\/\/www.tamaulipas.gob.mx\/migrantes\/wp-json\/wp\/v2\/media?parent=456"}],"curies":[{"name":"wp","href":"https:\/\/api.w.org\/{rel}","templated":true}]}}