{"id":400,"date":"2023-03-27T12:55:56","date_gmt":"2023-03-27T18:55:56","guid":{"rendered":"https:\/\/www.tamaulipas.gob.mx\/migrantes\/?page_id=400"},"modified":"2025-09-29T15:45:12","modified_gmt":"2025-09-29T21:45:12","slug":"marco-juridico","status":"publish","type":"page","link":"https:\/\/www.tamaulipas.gob.mx\/migrantes\/marco-juridico\/","title":{"rendered":"Marco Jur\u00eddico"},"content":{"rendered":"<p><a href=\"https:\/\/po.tamaulipas.gob.mx\/wp-content\/uploads\/2019\/10\/005_Regla_Migrantes.pdf\">Reglamento Interno para el Instituto Tamaulipeco para los Migrantes<\/a><\/p>\n<div dir=\"ltr\"><a href=\"https:\/\/po.tamaulipas.gob.mx\/wp-content\/uploads\/2012\/08\/cxxxvii-105-300812F.pdf\">Decreto Gubernamental mediante el cual se modifica el Decreto Gubernamental mediante el cual se crea el Instituto Tamaulipeco para los Migrantes\u00a0<\/a><\/div>\n<div dir=\"ltr\"><\/div>\n<p><a href=\"https:\/\/po.tamaulipas.gob.mx\/wp-content\/uploads\/2018\/10\/cxxxvi-61-240511F.pdf\">Decreto Gubernamental mediante el cual se crea el Instituto Tamaulipeco para los Migrantes\u00a0<\/a><\/p>\n<p><a href=\"https:\/\/po.tamaulipas.gob.mx\/wp-content\/uploads\/2023\/03\/cxlviii-Ext.-No.7-310323.pdf\">Plan Estatal de Desarrollo 2023-2028<\/a><\/p>\n<p><a href=\"https:\/\/www.tamaulipas.gob.mx\/migrantes\/sisasum\/\">SISASUM (ANEXOS)<\/a><\/p>\n<p><a href=\"https:\/\/www.cndh.org.mx\/derechos-humanos\/derechos-de-las-personas-migrantes\">Comisi\u00f3n Nacional de Derechos Humanos<\/a><\/p>\n<p><a href=\"https:\/\/www.tamaulipas.gob.mx\/migrantes\/wp-content\/uploads\/sites\/28\/2023\/10\/convenio-que-establece-las-bases-y-los-mecanismos-de-colaboracion-entre-instituto-tamaulipeco-para-los-migrantes-y-colegio-de-psicologos-del-del-sur-de-tamaulipas.pdf\">Convenio que establece las bases y\u00a0 los mecanismos de colaboraci\u00f3n entre Instituto Tamaulipeco para los Migrantes y Colegio de Psic\u00f3logos del del Sur de Tamaulipas.<\/a><\/p>\n<p style=\"text-align: justify;\"><a href=\"https:\/\/www.tamaulipas.gob.mx\/migrantes\/wp-content\/uploads\/sites\/28\/2023\/10\/acuerdo-de-colaboracion-itm-defensoria-publica.pdf\">Acuerdo de colaboraci\u00f3n interinstitucional entre el Instituto Tamaulipeco para los Migrantes y el Instituto de Defensor\u00eda P\u00fablica del estado de Tamaulipas, a fin de contribuir a garantizar el acceso a la justicia de las personas en contexto de movilidad.<\/a><\/p>\n<p style=\"text-align: justify;\"><a href=\"https:\/\/www.tamaulipas.gob.mx\/migrantes\/wp-content\/uploads\/sites\/28\/2023\/10\/convenio-de-colaboracion-itm-finabien.pdf\">Convenio de colaboraci\u00f3n entre Instituto Tamaulipeco para los Migrantes y FINABIEN, a fin de contribuir en la promoci\u00f3n, difusi\u00f3n y fortalecimiento del servicio de remesas internacionales y otros servicios financieros .<\/a><\/p>\n<p style=\"text-align: justify;\"><a href=\"https:\/\/www.tamaulipas.gob.mx\/migrantes\/wp-content\/uploads\/sites\/28\/2023\/10\/convenio-de-la-casa-migrante-matamoros.pdf\"><strong>Convenio de colaboraci\u00f3n entre el Gobierno del Estado y La Casa Migrantes San Juan Diego y San Francisco de As\u00eds A.C.<\/strong> de la ciudad de Matamoros, para proteger y asistir a todos aquellos migrantes repatriados, en transito a sus lugares de origen, transmigrantes nacionales y extranjeros que se encuentran en esa ciudad.<\/a><\/p>\n<p style=\"text-align: justify;\"><a href=\"https:\/\/www.tamaulipas.gob.mx\/migrantes\/wp-content\/uploads\/sites\/28\/2023\/10\/convenio-de-senda-vida-1.pdf\"><strong>Convenio de colaboraci\u00f3n entre el Gobierno del Estado y La Casa y Asociaci\u00f3n Migratoria Regional Humana y Auxiliadora del Indigente, CAMIRAHUAXI, A. C<\/strong>.<strong> 1,<\/strong> de la ciudad de Reynosa, para proteger y asistir a todos aquellos migrantes repatriados, en transito a sus lugares de origen, transmigrantes nacionales y extranjeros que se encuentran en esa ciudad.<\/a><\/p>\n<p style=\"text-align: justify;\"><a href=\"https:\/\/www.tamaulipas.gob.mx\/migrantes\/wp-content\/uploads\/sites\/28\/2023\/10\/convenio-senda-de-vida-2.pdf\"><strong>Convenio de colaboraci\u00f3n entre el Gobierno del Estado y La Casa y Asociaci\u00f3n Migratoria Regional Humana y Auxiliadora del Indigente, CAMIRAHUAXI, A. C<\/strong>.<strong> 2,<\/strong> de la ciudad de Reynosa, para proteger y asistir a todos aquellos migrantes repatriados, en transito a sus lugares de origen, transmigrantes nacionales y extranjeros que se encuentran en esa ciudad.<\/a><\/p>\n<p style=\"text-align: justify;\"><a href=\"https:\/\/www.tamaulipas.gob.mx\/migrantes\/wp-content\/uploads\/sites\/28\/2024\/01\/convenio-canirac.pdf\"><strong>Convenio<\/strong> <strong>de colaboraci\u00f3n que celebran por una parte el Instituto Tamaulipeco para los Migrantes, y la C\u00e1mara Nacional de la Industria de Restaurantes y Alimentos condimentados<\/strong>. El presente convenio tiene como objetivo promover el bienestar y la integraci\u00f3n de los migrantes paisanos que visitan o transitan por el estado de Tamaulipas durante la temporada navide\u00f1a (12 de diciembre al 8 de enero), con la implementaci\u00f3n de ofertas y promociones que incluyan productos gratuitos en el consumo de alimentos en los restaurantes afiliados a la <strong>\u00abCANIRAC\u00bb<\/strong>.<\/a><\/p>\n<p><a href=\"https:\/\/www.tamaulipas.gob.mx\/migrantes\/convenio-de-colaboracion-que-celebran-por-una-parte-el-instituto-tamaulipeco-para-los-migrantes-y-la-coordinacion-del-registro-civil-del-estado-de-tamaulipas\/\">Convenio de colaboraci\u00f3n que celebran por una parte el Instituto Tamaulipeco para los Migrantes y la Coordinaci\u00f3n del Registro Civil del Estado de Tamaulipas.<\/a><\/p>\n<p><a href=\"https:\/\/www.tamaulipas.gob.mx\/migrantes\/acuerdo-de-colaboracion-entre-el-instituto-tamaulipeco-para-los-migrantes-y-el-instituto-de-educacion-para-los-adultos\/\">Acuerdo de colaboraci\u00f3n entre el Instituto Tamaulipeco para los Migrantes y el Instituto Tamaulipeco de Educaci\u00f3n para los Adultos.<\/a><\/p>\n<p><a href=\"https:\/\/www.tamaulipas.gob.mx\/migrantes\/convenio-de-colaboracion-interinstitucional-que-celebran-por-una-parte-el-instituto-tamaulipeco-para-los-migrantes-y-la-secretaria-de-turismo-del-gobierno-del-estado-de-tamaulipas\/\">Convenio de colaboraci\u00f3n que celebran por una parte el Instituto Tamaulipeco para los Migrantes y la Secretaria de Turismo del Gobierno del Estado de Tamaulipas.<\/a><\/p>\n<p style=\"text-align: justify;\"><a href=\"https:\/\/www.tamaulipas.gob.mx\/migrantes\/adenda-al-conven\u2026obierno-del-esta\/\"><strong>Adenda<\/strong> al Convenio de Colaboraci\u00f3n para la realizaciones de Acciones Tendientes a la Asistencia de los Migrantes en la Ciudad de Matamoros, Tamaulipas, que celebran por una parte, el Gobierno del Estado de Tamaulipas y el Casa Migrantes San Juan Diego y San Francisco de Asis A. C.<\/a><\/p>\n<p><a href=\"https:\/\/www.tamaulipas.gob.mx\/migrantes\/convenio-para-la\u2026el-transportista\/\"><strong>Convenio<\/strong> para la Prestaci\u00f3n de Servicios de Transporte de Migrantes y \u201cEl Transportista\u00bb.\u00a0<\/a><\/p>\n<p><a href=\"https:\/\/www.tamaulipas.gob.mx\/migrantes\/convenio-de-colaboracion-del-institito-tamaulipeco-para-los-migrantes-instituto-tamaulipeco-de-capacitacion-para-el-empleo\/\">Convenio de Colaboraci\u00f3n entre el Instituto Tamaulipeco para los Migrantes y El Instituto Tamaulipeco de Capacitaci\u00f3n para el Empleo, en materia de certificaci\u00f3n de habilidades y conocimientos t\u00e9cnicos de las personas repatriadas.<\/a><\/p>\n<p><a href=\"https:\/\/www.tamaulipas.gob.mx\/migrantes\/convenio-de-colaboracion-entre-el-instituto-tamaulipeco-para-los-migrantes-y-el-gobierno-del-estado-de-guanajuato\/\">Convenio de colaboraci\u00f3n entre el Instituto Tamaulipeco para los Migrantes y El Estado de Guanajuato.<\/a><\/p>\n<p><a href=\"https:\/\/www.tamaulipas.gob.mx\/migrantes\/convenio-de-colaboracion-entre-el-instituto-tamaulipeco-para-los-migrantes-y-el-instituto-de-ciencia-y-estudios-superiores-de-tamaulipas-a-c\/\">Convenio de colaboraci\u00f3n entre el Instituto Tamaulipeco para los Migrantes y el Instituto de Ciencias de Estudios Superiores de Tamaulipas A. C.<\/a><\/p>\n<p><a href=\"https:\/\/www.tamaulipas.gob.mx\/migrantes\/convenio-de-colaboracion-entre-el-instituto-tamaulipeco-para-los-migrantes-y-el-estado-de-hidalgo\/\">Convenio de colaboraci\u00f3n entre el Instituto Tamaulipeco para los Migrantes y el Estado de Hidalgo.<\/a><\/p>\n<p><a href=\"https:\/\/www.tamaulipas.gob.mx\/migrantes\/convenio-de-colaboracion-entre-el-instituto-tamaulipeco-para-los-migrantes-y-el-estado-de-guerrero\/\">Convenio de colaboraci\u00f3n entre el Instituto Tamaulipeco para los Migrantes y el Estado de Guerrero.<\/a><\/p>\n","protected":false},"excerpt":{"rendered":"<p>Reglamento Interno para el Instituto Tamaulipeco para los Migrantes Decreto Gubernamental mediante el cual se modifica el Decreto Gubernamental mediante el cual se crea el\u2026<\/p>\n","protected":false},"author":1,"featured_media":0,"parent":0,"menu_order":0,"comment_status":"closed","ping_status":"closed","template":"","meta":{"footnotes":""},"class_list":["post-400","page","type-page","status-publish","hentry"],"publishpress_future_action":{"enabled":false,"date":"2026-05-04 05:34:54","action":"change-status","newStatus":"draft","terms":[],"taxonomy":""},"_links":{"self":[{"href":"https:\/\/www.tamaulipas.gob.mx\/migrantes\/wp-json\/wp\/v2\/pages\/400"}],"collection":[{"href":"https:\/\/www.tamaulipas.gob.mx\/migrantes\/wp-json\/wp\/v2\/pages"}],"about":[{"href":"https:\/\/www.tamaulipas.gob.mx\/migrantes\/wp-json\/wp\/v2\/types\/page"}],"author":[{"embeddable":true,"href":"https:\/\/www.tamaulipas.gob.mx\/migrantes\/wp-json\/wp\/v2\/users\/1"}],"replies":[{"embeddable":true,"href":"https:\/\/www.tamaulipas.gob.mx\/migrantes\/wp-json\/wp\/v2\/comments?post=400"}],"version-history":[{"count":45,"href":"https:\/\/www.tamaulipas.gob.mx\/migrantes\/wp-json\/wp\/v2\/pages\/400\/revisions"}],"predecessor-version":[{"id":1916,"href":"https:\/\/www.tamaulipas.gob.mx\/migrantes\/wp-json\/wp\/v2\/pages\/400\/revisions\/1916"}],"wp:attachment":[{"href":"https:\/\/www.tamaulipas.gob.mx\/migrantes\/wp-json\/wp\/v2\/media?parent=400"}],"curies":[{"name":"wp","href":"https:\/\/api.w.org\/{rel}","templated":true}]}}