{"id":387,"date":"2023-03-03T12:45:03","date_gmt":"2023-03-03T18:45:03","guid":{"rendered":"https:\/\/www.tamaulipas.gob.mx\/migrantes\/?page_id=387"},"modified":"2025-03-31T16:00:18","modified_gmt":"2025-03-31T22:00:18","slug":"consulapp","status":"publish","type":"page","link":"https:\/\/www.tamaulipas.gob.mx\/migrantes\/consulapp\/","title":{"rendered":"ConsulApp"},"content":{"rendered":"<p><a href=\"https:\/\/consulmex.sre.gob.mx\/boston\/index.php\/todos-los-avisos\/272-aplicacion-movil-consulapp-contigo\">El Gobierno de Tamaulipas pone a tu disposici\u00f3n informaci\u00f3n relevante que publica la Secretar\u00eda de Relaciones Exteriores.<\/a><\/p>\n","protected":false},"excerpt":{"rendered":"<p>El Gobierno de Tamaulipas pone a tu disposici\u00f3n informaci\u00f3n relevante que publica la Secretar\u00eda de Relaciones Exteriores.<\/p>\n","protected":false},"author":1,"featured_media":0,"parent":0,"menu_order":0,"comment_status":"closed","ping_status":"closed","template":"","meta":{"footnotes":""},"class_list":["post-387","page","type-page","status-publish","hentry"],"publishpress_future_action":{"enabled":false,"date":"2026-05-04 05:26:26","action":"change-status","newStatus":"draft","terms":[],"taxonomy":""},"_links":{"self":[{"href":"https:\/\/www.tamaulipas.gob.mx\/migrantes\/wp-json\/wp\/v2\/pages\/387"}],"collection":[{"href":"https:\/\/www.tamaulipas.gob.mx\/migrantes\/wp-json\/wp\/v2\/pages"}],"about":[{"href":"https:\/\/www.tamaulipas.gob.mx\/migrantes\/wp-json\/wp\/v2\/types\/page"}],"author":[{"embeddable":true,"href":"https:\/\/www.tamaulipas.gob.mx\/migrantes\/wp-json\/wp\/v2\/users\/1"}],"replies":[{"embeddable":true,"href":"https:\/\/www.tamaulipas.gob.mx\/migrantes\/wp-json\/wp\/v2\/comments?post=387"}],"version-history":[{"count":24,"href":"https:\/\/www.tamaulipas.gob.mx\/migrantes\/wp-json\/wp\/v2\/pages\/387\/revisions"}],"predecessor-version":[{"id":1864,"href":"https:\/\/www.tamaulipas.gob.mx\/migrantes\/wp-json\/wp\/v2\/pages\/387\/revisions\/1864"}],"wp:attachment":[{"href":"https:\/\/www.tamaulipas.gob.mx\/migrantes\/wp-json\/wp\/v2\/media?parent=387"}],"curies":[{"name":"wp","href":"https:\/\/api.w.org\/{rel}","templated":true}]}}