{"id":29,"date":"2017-06-15T13:56:31","date_gmt":"2017-06-15T18:56:31","guid":{"rendered":"http:\/\/www.tamaulipas.gob.mx\/migrantes\/?page_id=29"},"modified":"2023-05-15T12:16:15","modified_gmt":"2023-05-15T18:16:15","slug":"asistencia-social-y-servicios","status":"publish","type":"page","link":"https:\/\/www.tamaulipas.gob.mx\/migrantes\/asistencia-social-y-servicios\/","title":{"rendered":"Asistencia Social y Servicios"},"content":{"rendered":"<div class=\"panel-group\" id=\"custom-collapse-0\">\n<p style=\"text-align: justify;\"><div class=\"panel panel-default\">\n\t\t\t\t<div class=\"panel-heading\">\n\t\t\t\t\t<h4 class=\"panel-title\">\n\t\t\t\t\t\t<a class=\"\" data-toggle=\"collapse\" data-parent=\"#custom-collapse-0\" href=\"#custom-collapse-0-0\">Asistencia Social<\/a>\n\t\t\t\t\t<\/h4>\n\t\t\t\t<\/div>\n\t\t\t\t<div id=\"custom-collapse-0-0\" class=\"panel-collapse in\">\n\t\t\t\t\t<div class=\"panel-body\">\nEl Gobierno del Estado de Tamaulipas, pone a disposici\u00f3n de nuestros hermanos migrantes nacionales o extranjeros\u00a0 al Instituto Tamaulipeco para los Migrantes a fin de que durante su transito y estancia en Tamaulipas les gestione o brinde:<\/p>\n<p>Asistencia m\u00e9dica y psicol\u00f3gica,<\/p>\n<p>Alojamiento,<\/p>\n<p>Alimentaci\u00f3n,<\/p>\n<p>Vestido y cobijo,<\/p>\n<p>Transporte local y en su caso for\u00e1neo,<\/p>\n<p>Asesor\u00eda jur\u00eddica,<\/p>\n<p>Comunicaci\u00f3n telef\u00f3nica y,<\/p>\n<p>Gesti\u00f3n de documentos de identidad.<\/p>\n<p style=\"text-align: justify;\">Si necesitas alojamiento, alimentaci\u00f3n, vestido o cobijo puedes acudir directamente a nuestros centros de atenci\u00f3n en Nuevo Laredo, Reynosa, Matamoros, Ciudad Victoria, Tula, Ciudad Mante y Tampico, o a los albergues y casas del migrante.<\/p>\n<div class=\"row\"><div class=\"col-sm-12\"><a href=\"https:\/\/www.tamaulipas.gob.mx\/migrantes\/albergues\/\" class=\"btn btn-primary btn-sm pull-right\">\n<i class=\"fa fa-external-link\"><\/i> M\u00e1s informaci\u00f3n <\/a><\/div><\/div>\n<\/div>\n\t\t\t\t<\/div>\n\t\t\t<\/div>\n<div class=\"panel panel-default\">\n\t\t\t\t<div class=\"panel-heading\">\n\t\t\t\t\t<h4 class=\"panel-title\">\n\t\t\t\t\t\t<a class=\"collapsed\" data-toggle=\"collapse\" data-parent=\"#custom-collapse-0\" href=\"#custom-collapse-0-1\">Asistencia M\u00e9dica y Psicol\u00f3gica<\/a>\n\t\t\t\t\t<\/h4>\n\t\t\t\t<\/div>\n\t\t\t\t<div id=\"custom-collapse-0-1\" class=\"panel-collapse collapse\">\n\t\t\t\t\t<div class=\"panel-body\">\n<p style=\"text-align: justify;\">El Gobierno del Estado de Tamaulipas garantiza a la poblaci\u00f3n migrante nacional o extranjera el derecho a la salud, por ello te garantiza la atenci\u00f3n m\u00e9dica y psicol\u00f3gica, independientemente de la condici\u00f3n migratoria en que te encuentres.<\/p>\n<p style=\"text-align: justify;\">Si requieres este tipo de atenci\u00f3n, comun\u00edcate a cualquiera de nuestras oficinas para que personal del Instituto Tamaulipeco para los Migrantes te canalice al centro m\u00e9dico mas cercano a tu ubicaci\u00f3n.<\/p>\n<p>Consulta el Directorio en esta pagina.<\/p>\n<\/div>\n\t\t\t\t<\/div>\n\t\t\t<\/div>\n<div class=\"panel panel-default\">\n\t\t\t\t<div class=\"panel-heading\">\n\t\t\t\t\t<h4 class=\"panel-title\">\n\t\t\t\t\t\t<a class=\"collapsed\" data-toggle=\"collapse\" data-parent=\"#custom-collapse-0\" href=\"#custom-collapse-0-2\">Asesor\u00eda Jur\u00eddica<\/a>\n\t\t\t\t\t<\/h4>\n\t\t\t\t<\/div>\n\t\t\t\t<div id=\"custom-collapse-0-2\" class=\"panel-collapse collapse\">\n\t\t\t\t\t<div class=\"panel-body\">\n<p style=\"text-align: justify;\">El Instituto Tamaulipeco para los Migrantes cuenta con personal especializado para brindarte asesor\u00eda respecto a los derechos con que cuentas en tu condici\u00f3n de migrante, adem\u00e1s para brindarte orientaci\u00f3n en procedimientos administrativos\u00a0 y legales, as\u00ed como para asistirte en caso de ser victima de abusos, maltratos o alg\u00fan il\u00edcito.<\/p>\n<p style=\"text-align: justify;\">Este servicio lo puedes recibir de manera directa en las instalaciones del propio Instituto, por v\u00eda telef\u00f3nica o a trav\u00e9s de nuestras plataformas.<\/p>\n<\/div>\n\t\t\t\t<\/div>\n\t\t\t<\/div>\n<div class=\"panel panel-default\">\n\t\t\t\t<div class=\"panel-heading\">\n\t\t\t\t\t<h4 class=\"panel-title\">\n\t\t\t\t\t\t<a class=\"collapsed\" data-toggle=\"collapse\" data-parent=\"#custom-collapse-0\" href=\"#custom-collapse-0-3\">Transporte local y for\u00e1neo<\/a>\n\t\t\t\t\t<\/h4>\n\t\t\t\t<\/div>\n\t\t\t\t<div id=\"custom-collapse-0-3\" class=\"panel-collapse collapse\">\n\t\t\t\t\t<div class=\"panel-body\">\n<p style=\"text-align: justify;\">El instituto Tamaulipeco para los migrantes te brinda transporte local a las centrales de autobuses; albergues y casas del migrante; a los puntos de cobro de giro de env\u00edos de dinero; a los centros m\u00e9dicos y hospitalarios, sin importar\u00a0 tu nacionalidad o condici\u00f3n migratoria.<\/p>\n<p>Respecto a los migrantes nacionales, el instituto, en casos especiales, gestiona el transporte for\u00e1neo para que puedas llegar a la mayor brevedad a tu lugar de origen o destino en cualquier entidad federativa.<\/p>\n<\/div>\n\t\t\t\t<\/div>\n\t\t\t<\/div>\n<div class=\"panel panel-default\">\n\t\t\t\t<div class=\"panel-heading\">\n\t\t\t\t\t<h4 class=\"panel-title\">\n\t\t\t\t\t\t<a class=\"collapsed\" data-toggle=\"collapse\" data-parent=\"#custom-collapse-0\" href=\"#custom-collapse-0-4\">Comunicaci\u00f3n Telef\u00f3nica<\/a>\n\t\t\t\t\t<\/h4>\n\t\t\t\t<\/div>\n\t\t\t\t<div id=\"custom-collapse-0-4\" class=\"panel-collapse collapse\">\n\t\t\t\t\t<div class=\"panel-body\">\n<p>Para el gobierno de Tamaulipas es muy importante la comunicaci\u00f3n entre la poblaci\u00f3n migrante con su familia, sus amigos, por ello te ofrecemos este servicio sin costo alguno a trav\u00e9s de\u00a0 las Delegaciones de Instituto Tamaulipeco para los Migrantes, para mantener informada a tu familia y amigos de tu situaci\u00f3n y ubicaci\u00f3n en el Estado.<\/p>\n<div class=\"row\"><div class=\"col-sm-12\"><a href=\"https:\/\/www.tamaulipas.gob.mx\/migrantes\/directorio\/\" class=\"btn btn-primary btn-sm pull-right\">\n<i class=\"fa fa-external-link\"><\/i> M\u00e1s informaci\u00f3n <\/a><\/div><\/div>\n<\/div>\n\t\t\t\t<\/div>\n\t\t\t<\/div>\n<div class=\"panel panel-default\">\n\t\t\t\t<div class=\"panel-heading\">\n\t\t\t\t\t<h4 class=\"panel-title\">\n\t\t\t\t\t\t<a class=\"collapsed\" data-toggle=\"collapse\" data-parent=\"#custom-collapse-0\" href=\"#custom-collapse-0-5\">Gesti\u00f3n de documentos de identidad<\/a>\n\t\t\t\t\t<\/h4>\n\t\t\t\t<\/div>\n\t\t\t\t<div id=\"custom-collapse-0-5\" class=\"panel-collapse collapse\">\n\t\t\t\t\t<div class=\"panel-body\">\n<p>Si fuiste repatriado por nuestra frontera y careces de documentos de identidad, solicita en nuestras oficinas de atenci\u00f3n ubicadas en Nuevo Laredo, Reynosa y Matamoros te gestionen:<\/p>\n<ul>\n<li>Curp<\/li>\n<li>Reimpresi\u00f3n de\u00a0 tu acta de nacimiento<\/li>\n<li><\/li>\n<\/ul>\n<\/div>\n\t\t\t\t<\/div>\n\t\t\t<\/div>\n<p>&nbsp;<\/p>\n<\/div>\n<p>&nbsp;<\/p>\n<p>&nbsp;<\/p>\n<p>&nbsp;<\/p>\n<p>&nbsp;<\/p>\n<p>&nbsp;<\/p>\n<p>&nbsp;<\/p>\n<p>&nbsp;<\/p>\n<p>&nbsp;<\/p>\n<p>&nbsp;<\/p>\n<p>&nbsp;<\/p>\n","protected":false},"excerpt":{"rendered":"<p>&nbsp; &nbsp; &nbsp; &nbsp; &nbsp; &nbsp; &nbsp; &nbsp; &nbsp; &nbsp;<\/p>\n","protected":false},"author":7,"featured_media":0,"parent":0,"menu_order":0,"comment_status":"closed","ping_status":"closed","template":"","meta":{"footnotes":""},"class_list":["post-29","page","type-page","status-publish","hentry"],"publishpress_future_action":{"enabled":false,"date":"2026-05-04 05:34:03","action":"change-status","newStatus":"draft","terms":[],"taxonomy":""},"_links":{"self":[{"href":"https:\/\/www.tamaulipas.gob.mx\/migrantes\/wp-json\/wp\/v2\/pages\/29"}],"collection":[{"href":"https:\/\/www.tamaulipas.gob.mx\/migrantes\/wp-json\/wp\/v2\/pages"}],"about":[{"href":"https:\/\/www.tamaulipas.gob.mx\/migrantes\/wp-json\/wp\/v2\/types\/page"}],"author":[{"embeddable":true,"href":"https:\/\/www.tamaulipas.gob.mx\/migrantes\/wp-json\/wp\/v2\/users\/7"}],"replies":[{"embeddable":true,"href":"https:\/\/www.tamaulipas.gob.mx\/migrantes\/wp-json\/wp\/v2\/comments?post=29"}],"version-history":[{"count":54,"href":"https:\/\/www.tamaulipas.gob.mx\/migrantes\/wp-json\/wp\/v2\/pages\/29\/revisions"}],"predecessor-version":[{"id":657,"href":"https:\/\/www.tamaulipas.gob.mx\/migrantes\/wp-json\/wp\/v2\/pages\/29\/revisions\/657"}],"wp:attachment":[{"href":"https:\/\/www.tamaulipas.gob.mx\/migrantes\/wp-json\/wp\/v2\/media?parent=29"}],"curies":[{"name":"wp","href":"https:\/\/api.w.org\/{rel}","templated":true}]}}