{"id":1507,"date":"2023-10-31T12:23:23","date_gmt":"2023-10-31T18:23:23","guid":{"rendered":"https:\/\/www.tamaulipas.gob.mx\/migrantes\/?page_id=1507"},"modified":"2023-11-01T14:40:45","modified_gmt":"2023-11-01T20:40:45","slug":"orientacion-financiera","status":"publish","type":"page","link":"https:\/\/www.tamaulipas.gob.mx\/migrantes\/orientacion-financiera\/","title":{"rendered":"Bancarizate y ahorra"},"content":{"rendered":"<p style=\"text-align: justify;\">En una acci\u00f3n in\u00e9dita el Gobierno de Tamaulipas y Financiera para el Bienestar, mediante la firma de un convenio, facilitan instrumentos financieros a favor de las y los migrantes tamaulipecos, quienes tendr\u00e1n la oportunidad de abrir cuentas bancarias en la Uni\u00f3n Americana, adem\u00e1s de reducir sustancialmente los costos de env\u00edo de remesas a sus familias.<\/p>\n<p style=\"text-align: justify;\">Con este convenio, los migrantes tamaulipecos solo pagar\u00e1n 3.99 d\u00f3lares por env\u00edo de hasta 2 mil 500 d\u00f3lares, adem\u00e1s de poder adquirir de manera gratuita, la tarjeta FINABIEN en todos los Consulados de M\u00e9xico en los Estados Unidos, que puede ser recargada hasta con 500 d\u00f3lares diarios en establecimientos como CVS, Walgreens, Walmart, Seven Eleven entro otros.<\/p>\n<p style=\"text-align: justify;\">Adem\u00e1s los migrantes tendr\u00e1n beneficios adicionales tales como: 40 puntos de cobro de remesas en sucursales de Tamaulipas; instrumentos de ahorro a trav\u00e9s de CETES con rendimiento de hasta un 10 % de tasa anual; retiros y dep\u00f3sitos en cajeros de m\u00e1s de 10 instituciones bancarias; pagos de servicios y derechos; pagos de cr\u00e9ditos de FOVISSSTE e INFONAVIT; y transferencias interbancarias entre otras.<\/p>\n<p><a href=\"https:\/\/www.tamaulipas.gob.mx\/migrantes\/wp-content\/uploads\/sites\/28\/2023\/11\/triptico-migrantes-bancarizate-y-ahorra-2.pdf\"><span style=\"text-decoration: underline;\">Tr\u00edptico.<\/span><\/a><\/p>\n","protected":false},"excerpt":{"rendered":"<p>En una acci\u00f3n in\u00e9dita el Gobierno de Tamaulipas y Financiera para el Bienestar, mediante la firma de un convenio, facilitan instrumentos financieros a favor de\u2026<\/p>\n","protected":false},"author":322,"featured_media":0,"parent":0,"menu_order":0,"comment_status":"closed","ping_status":"closed","template":"","meta":{"footnotes":""},"class_list":["post-1507","page","type-page","status-publish","hentry"],"publishpress_future_action":{"enabled":false,"date":"2026-05-04 08:47:03","action":"change-status","newStatus":"draft","terms":[],"taxonomy":""},"_links":{"self":[{"href":"https:\/\/www.tamaulipas.gob.mx\/migrantes\/wp-json\/wp\/v2\/pages\/1507"}],"collection":[{"href":"https:\/\/www.tamaulipas.gob.mx\/migrantes\/wp-json\/wp\/v2\/pages"}],"about":[{"href":"https:\/\/www.tamaulipas.gob.mx\/migrantes\/wp-json\/wp\/v2\/types\/page"}],"author":[{"embeddable":true,"href":"https:\/\/www.tamaulipas.gob.mx\/migrantes\/wp-json\/wp\/v2\/users\/322"}],"replies":[{"embeddable":true,"href":"https:\/\/www.tamaulipas.gob.mx\/migrantes\/wp-json\/wp\/v2\/comments?post=1507"}],"version-history":[{"count":6,"href":"https:\/\/www.tamaulipas.gob.mx\/migrantes\/wp-json\/wp\/v2\/pages\/1507\/revisions"}],"predecessor-version":[{"id":1582,"href":"https:\/\/www.tamaulipas.gob.mx\/migrantes\/wp-json\/wp\/v2\/pages\/1507\/revisions\/1582"}],"wp:attachment":[{"href":"https:\/\/www.tamaulipas.gob.mx\/migrantes\/wp-json\/wp\/v2\/media?parent=1507"}],"curies":[{"name":"wp","href":"https:\/\/api.w.org\/{rel}","templated":true}]}}