{"id":11,"date":"2017-06-15T10:02:12","date_gmt":"2017-06-15T15:02:12","guid":{"rendered":"http:\/\/www.tamaulipas.gob.mx\/migrantes\/?page_id=11"},"modified":"2025-03-12T12:05:51","modified_gmt":"2025-03-12T18:05:51","slug":"instituto","status":"publish","type":"page","link":"https:\/\/www.tamaulipas.gob.mx\/migrantes\/instituto\/","title":{"rendered":"Instituto Tamaulipeco para los Migrantes"},"content":{"rendered":"<p style=\"text-align: justify;\"><strong>El Instituto Tamaulipeco para los Migrantes: Un puente de apoyo y justicia social<\/strong><\/p>\n<p style=\"text-align: justify;\">El Instituto Tamaulipeco para los Migrantes es la instancia del Gobierno del Estado de Tamaulipas encargada de garantizar la protecci\u00f3n y el bienestar de todas las personas migrantes, sin importar su nacionalidad, condici\u00f3n migratoria o cualquier otra circunstancia. Desde una perspectiva de inclusi\u00f3n y respeto a los derechos humanos, trabajamos para propiciar su integraci\u00f3n, atender sus necesidades y construir un entorno donde cada persona sea tratada con dignidad y justicia.<\/p>\n<p style=\"text-align: justify;\"><strong>Compromiso con las y los tamaulipecos en el exterior<\/strong><\/p>\n<p style=\"text-align: justify;\">Las y los tamaulipecos que residen en Estados Unidos son una parte fundamental de nuestra comunidad. Su esfuerzo, trabajo y arraigo con nuestra tierra nos impulsan a fortalecer los lazos que nos unen. Para garantizar su protecci\u00f3n y bienestar, el Instituto Tamaulipeco para los Migrantes trabaja en las siguientes acciones clave:<\/p>\n<p style=\"text-align: justify;\">&#x2705; <strong>Vinculaci\u00f3n de Tamaulipas con sus migrantes:<\/strong> Mantenemos la estrategia de restablecer y fortalecer\u00a0 el v\u00ednculo con nuestras comunidad en el exterior y sus familias, a trav\u00e9s de la promoci\u00f3n de programas de apoyo y acompa\u00f1amiento; difusi\u00f3n de nuestra cultura y tradiciones.<\/p>\n<p style=\"text-align: justify;\">&#x2705; <strong>Facilitaci\u00f3n y gesti\u00f3n de tramites y servicios:<\/strong> Ofrecemos asesor\u00eda y apoyo en la gesti\u00f3n de documentos, asegurando que las y los migrantes puedan realizar sus tr\u00e1mites de manera sencilla y accesible.<\/p>\n<p style=\"text-align: justify;\">&#x2705; <strong>Asesor\u00eda jur\u00eddica:<\/strong> Brindamos orientaci\u00f3n legal tanto a las y los migrantes como a sus familias en Tamaulipas, garantizando el acceso a la justicia y la protecci\u00f3n de sus derechos.<\/p>\n<p style=\"text-align: justify;\">&#x2705; <strong>Informaci\u00f3n y orientaci\u00f3n:<\/strong> Difundimos informaci\u00f3n clara y oportuna sobre derechos, riesgos y obligaciones, para que cada migrante pueda tomar decisiones informadas sobre su situaci\u00f3n.<\/p>\n<p style=\"text-align: justify;\">&#x2705; <strong>Inclusi\u00f3n en programas sociales:<\/strong> Facilitamos su acceso y el de sus familias a programas de apoyo del Gobierno del Estado y de la Federaci\u00f3n promoviendo su bienestar y estabilidad.<\/p>\n<p style=\"text-align: justify;\">&#x2705; <strong>Rescate y fortalecimiento de la identidad tamaulipeca:<\/strong> Promovemos la organizaci\u00f3n de actividades que fomentan el conocimiento de nuestra historia, cultura y tradiciones.<\/p>\n<p style=\"text-align: justify;\">&#x2705; <strong>Seguridad y econom\u00eda en el env\u00edo de remesas:<\/strong> Gestionamos, impulsamos y difundimos opciones seguras, eficientes, accesibles y a bajo costo para que las y los migrantes env\u00eden recursos a sus familias en Tamaulipas.<\/p>\n<p style=\"text-align: justify;\">&#x2705; <strong>Protecci\u00f3n integral de derechos:<\/strong> Desarrollamos estrategias para garantizar que las y los migrantes conozcan sus derechos y accedan a protecci\u00f3n jur\u00eddica en todo momento.<\/p>\n<p style=\"text-align: justify;\">&#x2705; <strong>Bancarizaci\u00f3n de la comunidad migrante en el exterior:<\/strong> En coordinaci\u00f3n con Financiera de Bienestar impulsamos la Bancarizaci\u00f3n de los migrantes tamaulipecos residentes en estados unidos con esquemas sencillos , \u00e1giles y seguros.<\/p>\n<p style=\"text-align: justify;\">&#x2705; <strong>Programa de Pensiones y Seguro Social \u00a0USA:<\/strong> Se brinda el apoyo de asesor\u00eda y gesti\u00f3n para facilitar el acceso\u00a0 a la pensi\u00f3n para los migrantes tamaulipecos que trabajaron en Estados Unidos mayores de 62 a\u00f1os.<\/p>\n<p><strong>Estructura y presencia en Tamaulipas.<\/strong><\/p>\n<p style=\"text-align: justify;\">Para cumplir con su objetivo, el Instituto Tamaulipeco para los Migrantes cuenta con una estructura s\u00f3lida que permite atender de manera eficiente a las y los migrantes y sus familias. Esta estructura incluye una Direcci\u00f3n General y cuatro Direcciones Estatales: la Direcci\u00f3n de Atenci\u00f3n a Flujos Migratorios, la Direcci\u00f3n de Atenci\u00f3n a Tamaulipecos en los Estados Unidos y sus Familias, la Direcci\u00f3n de Vinculaci\u00f3n y la Direcci\u00f3n Administrativa, todas con sede en Ciudad Victoria. Adem\u00e1s, cuenta con seis Delegaciones Regionales en: Nuevo Laredo, Reynosa, Matamoros, Tula, Mante y Tampico.<\/p>\n<p style=\"text-align: justify;\">El Gobierno de Tamaulipas, comprometido con los principios de justicia social, inclusi\u00f3n y bienestar para todas y todos, reafirma su compromiso con las personas migrantes. A trav\u00e9s del Instituto Tamaulipeco para los Migrantes, trabajamos cada d\u00eda para garantizar que quienes han tenido que dejar su hogar sigan sinti\u00e9ndose parte de su tierra, y para que quienes llegan a nuestro estado encuentren en Tamaulipas un lugar de oportunidades y esperanza.<\/p>\n<p style=\"text-align: justify;\"><strong>Porque cada migrante cuenta. Porque cada familia importa. Porque Tamaulipas es su hogar, aqu\u00ed y en cualquier parte del mundo.<\/strong><\/p>\n<p><strong>Delegaciones<\/strong><br \/>\nConoce las delegaciones que se encuentran en el Estado de Tamaulipas <a href=\"http:\/\/www.tamaulipas.gob.mx\/migrantes\/ubicaciones\/\">aqu\u00ed<\/a><\/p>\n","protected":false},"excerpt":{"rendered":"<p>El Instituto Tamaulipeco para los Migrantes: Un puente de apoyo y justicia social El Instituto Tamaulipeco para los Migrantes es la instancia del Gobierno del\u2026<\/p>\n","protected":false},"author":7,"featured_media":0,"parent":0,"menu_order":0,"comment_status":"closed","ping_status":"closed","template":"","meta":{"footnotes":""},"class_list":["post-11","page","type-page","status-publish","hentry"],"publishpress_future_action":{"enabled":false,"date":"2026-05-04 05:26:28","action":"change-status","newStatus":"draft","terms":[],"taxonomy":""},"_links":{"self":[{"href":"https:\/\/www.tamaulipas.gob.mx\/migrantes\/wp-json\/wp\/v2\/pages\/11"}],"collection":[{"href":"https:\/\/www.tamaulipas.gob.mx\/migrantes\/wp-json\/wp\/v2\/pages"}],"about":[{"href":"https:\/\/www.tamaulipas.gob.mx\/migrantes\/wp-json\/wp\/v2\/types\/page"}],"author":[{"embeddable":true,"href":"https:\/\/www.tamaulipas.gob.mx\/migrantes\/wp-json\/wp\/v2\/users\/7"}],"replies":[{"embeddable":true,"href":"https:\/\/www.tamaulipas.gob.mx\/migrantes\/wp-json\/wp\/v2\/comments?post=11"}],"version-history":[{"count":31,"href":"https:\/\/www.tamaulipas.gob.mx\/migrantes\/wp-json\/wp\/v2\/pages\/11\/revisions"}],"predecessor-version":[{"id":1841,"href":"https:\/\/www.tamaulipas.gob.mx\/migrantes\/wp-json\/wp\/v2\/pages\/11\/revisions\/1841"}],"wp:attachment":[{"href":"https:\/\/www.tamaulipas.gob.mx\/migrantes\/wp-json\/wp\/v2\/media?parent=11"}],"curies":[{"name":"wp","href":"https:\/\/api.w.org\/{rel}","templated":true}]}}