{"id":109,"date":"2017-06-19T13:39:01","date_gmt":"2017-06-19T18:39:01","guid":{"rendered":"http:\/\/www.tamaulipas.gob.mx\/migrantes\/?page_id=109"},"modified":"2023-05-15T16:37:35","modified_gmt":"2023-05-15T22:37:35","slug":"programas","status":"publish","type":"page","link":"https:\/\/www.tamaulipas.gob.mx\/migrantes\/programas\/","title":{"rendered":"CONOCE TUS DERECHOS"},"content":{"rendered":"<h3 class=\"spacer\"><strong>DERECHOS DE LOS MIGRANTES<\/strong><\/h3>\n<h3 class=\"spacer\"><span style=\"color: #000000;\"><strong>A\u00a0GOZAR DE TODOS LOS DERECHOS QUE RECONOCE LA CONSTITUCI\u00d3N POL\u00cdTICA DE LOS ESTADOS UNIDOS MEXICANOS Y LOS INSTRUMENTOS INTERNACIONALES SUSCRITOS POR EL ESTADO MEXICANO.<\/strong><\/span><\/h3>\n<div>\n<p>El art\u00edculo primero de la Constitucional Nacional reconoce de manera amplia (sin excepci\u00f3n) el derecho de toda persona de gozar de los derechos reconocidos por el Estado Mexicano en la Constituci\u00f3n Pol\u00edtica Nacional y en los instrumentos internacionales suscritos por este. Ante esto la poblaci\u00f3n migrante, con independencia de su condici\u00f3n jur\u00eddica en el pa\u00eds, le son reconocidos todos los derechos que al resto de las personas y por ende, deben serles respetados. El respeto irrestricto de los derechos humanos de la poblaci\u00f3n migrante es uno de los principios en los que se sustenta la Ley de Migraci\u00f3n publicada el 25 de mayo de 2011.<\/p>\n<h3><span style=\"color: #000000;\"><strong>DERECHO A LA NACIONALIDAD.<\/strong><\/span><\/h3>\n<p>Es el v\u00ednculo jur\u00eddico entre el Estado y las personas, dicho v\u00ednculo otorga pertenencia e identidad, as\u00ed como el derecho a que el Estado les brinde protecci\u00f3n, ya sea en su territorio o fuera de \u00e9l.<\/p>\n<h3><span style=\"color: #000000;\"><strong>DERECHO A LA LIBERTAD DE TR\u00c1NSITO.<\/strong><\/span><\/h3>\n<p>Toda persona tiene el derecho de circular libremente por el territorio mexicano, sin que tal derecho sea restringido sino en virtud de una ley y por razones de inter\u00e9s p\u00fablico.<\/p>\n<h3><span style=\"color: #000000;\"><strong>DERECHO A LA SEGURIDAD JUR\u00cdDICA Y AL DEBIDO PROCESO.\u00a0<\/strong><\/span><\/h3>\n<p>En M\u00e9xico todas las personas, sin importar su origen \u00e9tnico o nacional o situaci\u00f3n migratoria, tienen derecho a que se garantice que en cualquier proceso administrativo o judicial en los que se vean involucrados se cumplan las formalidades esenciales y est\u00e9 apegado a derecho, con base en los lineamientos constitucionales e Internacionales.<\/p>\n<h3><span style=\"color: #000000;\"><strong>DERECHO A LA ASISTENCIA CONSULAR.\u00a0<\/strong><\/span><\/h3>\n<p>Cualquier autoridad del Estado Mexicano que detenga a una persona extranjera tiene la obligaci\u00f3n de informarle sobre su derecho a contactar con la autoridad consular de su pa\u00eds de origen y de facilitar tal comunicaci\u00f3n, as\u00ed como permitirle recibir la visita del personal consular, tal derecho debe garantizarse.<\/p>\n<h3><span style=\"color: #000000;\"><strong>DERECHO A NO A LA NO DISCRIMINACI\u00d3N.<\/strong><\/span><\/h3>\n<p>La Constituci\u00f3n Pol\u00edtica de los Estados Unidos Mexicanos mandata la prohibici\u00f3n de toda discriminaci\u00f3n motivada por origen \u00e9tnico o nacional, el g\u00e9nero, la edad, las discapacidades, la condici\u00f3n social, las condiciones de salud, la religi\u00f3n, las opiniones, las preferencias sexuales, el estado civil o cualquier otra que atente contra la dignidad humana, en tal virtud, ese derecho incluye a todas las personas migrantes que se encuentren en M\u00e9xico, sin importar su condici\u00f3n migratoria. La prohibici\u00f3n de discriminaci\u00f3n hacia las personas migrantes est\u00e1 igualmente reconocida como uno de los principios en los que se sustenta la Ley de Migraci\u00f3n.<\/p>\n<h3><span style=\"color: #000000;\"><strong>DERECHO A SOLICITAR ASILO.<\/strong><\/span><\/h3>\n<p>En M\u00e9xico toda persona extranjera en caso de persecuci\u00f3n por motivos de orden pol\u00edtico tiene derecho a solicitar asilo.<\/p>\n<h3><span style=\"color: #000000;\"><strong>DERECHO A SOLICITAR EL RECONOCIMIENTO DE LA CONDICI\u00d3N DE REFUGIADO.<\/strong><\/span><\/h3>\n<p>Toda persona extranjera que se encuentre en territorio nacional y no pueda o no quiera acogerse a la protecci\u00f3n de su pa\u00eds de origen, debido a fundados temores de persecuci\u00f3n por motivos de raza, religi\u00f3n, nacionalidad, g\u00e9nero, pertenencia a determinado grupo social y opiniones pol\u00edticas, o que haya huido de su pa\u00eds porque su vida, seguridad o libertad han sido amenazadas por violencia generalizada, agresi\u00f3n extranjera, conflictos internos, violaci\u00f3n masiva de los derechos humanos y otras circunstancias que hayan perturbado gravemente el orden p\u00fablico, tiene derecho a solicitar la protecci\u00f3n internacional de M\u00e9xico.<\/p>\n<h3><span style=\"color: #000000;\"><strong>DERECHO A LA PROTECCI\u00d3N DE LA UNIDAD FAMILIAR.<\/strong><\/span><\/h3>\n<p>Toda persona, en situaci\u00f3n de migraci\u00f3n, tienen derecho a que se preserve y garantice su unidad y\/o reuni\u00f3n familiar, especialmente cuando se trata de ni\u00f1as, ni\u00f1os y adolescentes.<\/p>\n<h3><span style=\"color: #000000;\"><strong>DERECHO A LA DIGNIDAD HUMANA.<\/strong><\/span><\/h3>\n<p>La condici\u00f3n de migrante no le resta val\u00eda<strong>\u00a0<\/strong>a ning\u00fan ser humano<strong>,\u00a0<\/strong>por tanto,<strong>\u00a0<\/strong>nadie (autoridades y particulares) tiene derecho a dar un trato diferenciado y excluyente a \u00e9ste grupo de poblaci\u00f3n. Su paso y estad\u00eda por el M\u00e9xico no deber\u00eda significar un riesgo latente de abuso de sus derechos humanos ni probables afectaciones a su integridad, patrimonio y libertad.<\/p>\n<h3><span style=\"color: #000000;\"><strong>DERECHO A NO SER CRIMINALIZADO.<\/strong><\/span><\/h3>\n<p>El ingreso no formal al pa\u00eds de la poblaci\u00f3n migrante no es motivo para criminalizar su actuar y tratarlo como tal. Ser una persona migrante no implica ser delincuente. Su ingreso contrario a la norma al pa\u00eds implica una infracci\u00f3n administrativa, no un il\u00edcito penal.\u00a0<em>En ning\u00fan caso una situaci\u00f3n migratoria irregular preconfigurar\u00e1 por s\u00ed misma la comisi\u00f3n de un delito ni se prejuzgar\u00e1 la comisi\u00f3n de il\u00edcitos por parte de una persona migrante por el hecho de encontrarse sin una condici\u00f3n migratoria. (Art\u00edculo 2, segundo p\u00e1rrafo de la Ley de Migraci\u00f3n).<\/em><\/p>\n<h3><span style=\"color: #000000;\"><strong>DERECHO A UN ALOJAMIENTO DIGNO.<\/strong><\/span><\/h3>\n<p>Las personas migrantes deben recibir en el lugar en que se encuentren alojados un trato acorde a su dignidad como personas. Las instalaciones migratorias deben cubrir estas exigencias y las autoridades deben dispensar un trato adecuado y respetuoso de sus derechos humanos.<\/p>\n<div class=\"row\"><div class=\"col-sm-12\"><a href=\"https:\/\/www.tamaulipas.gob.mx\/migrantes\/asistencia-social-y-servicios\/\" class=\"btn btn-primary btn-sm pull-right\">\n<i class=\"fa fa-external-link\"><\/i> M\u00e1s informaci\u00f3n <\/a><\/div><\/div>\n<h3><span style=\"color: #000000;\"><strong>DERECHO A NO SER INCOMUNICADO.\u00a0<\/strong><\/span><\/h3>\n<p>A las personas migrantes<strong>\u00a0<\/strong>no debe, por ninguna circunstancia, serles negada recibir y realizar llamadas telef\u00f3nicas, la visita de sus familiares, organismos p\u00fablicos de protecci\u00f3n y defensa de los derechos humanos, representantes legales y autoridades consulares de su pa\u00eds.<\/p>\n<h3><span style=\"color: #000000;\"><strong>DERECHO A UN INT\u00c9RPRETE O TRADUCTOR.<\/strong><\/span><\/h3>\n<p>Las autoridades migratorias tienen la obligaci\u00f3n de proporcionar un int\u00e9rprete o traductor, en caso que las personas migrantes no hablen o entiendan el idioma espa\u00f1ol.<\/p>\n<h3><span style=\"color: #000000;\"><strong>DERECHO A NO SER DETENIDOS EN LAS INMEDIACIONES O DENTRO DE ALBERGUES.<\/strong><\/span><\/h3>\n<p>Las autoridades migratorias no tienen la atribuci\u00f3n conferida por ley de realizar detenciones de personas migrantes que se encuentren alojados o en las inmediaciones en albergues con este fin patrocinados por Asociaciones Civiles o personas que presten asistencia humanitaria a los mismos.\u00a0<em>El Instituto (Nacional de Migraci\u00f3n) no podr\u00e1 realizar visitas de verificaci\u00f3n migratoria en los lugares donde se encuentre migrantes albergados por organizaciones de la sociedad civil o personas que realicen actos humanitarios, de asistencia o de protecci\u00f3n a los migrantes.<\/em>\u00a0(Art\u00edculo 76 de la Ley de Migraci\u00f3n)<\/p>\n<p><span style=\"color: #000000;\"><strong>Inter\u00e9s Superior de la Ni\u00f1ez:\u00a0<\/strong><\/span>Principio constitucional que obliga a todas las autoridades, a que en sus actuaciones y decisiones en las que se vea involucrada una ni\u00f1a, ni\u00f1o o adolescente, garantice de manera plena el respeto de sus derechos humanos.<\/p>\n<\/div>\n<p>&nbsp;<\/p>\n<p>&nbsp;<\/p>\n<hr \/>\n","protected":false},"excerpt":{"rendered":"<p>DERECHOS DE LOS MIGRANTES A\u00a0GOZAR DE TODOS LOS DERECHOS QUE RECONOCE LA CONSTITUCI\u00d3N POL\u00cdTICA DE LOS ESTADOS UNIDOS MEXICANOS Y LOS INSTRUMENTOS INTERNACIONALES SUSCRITOS POR\u2026<\/p>\n","protected":false},"author":7,"featured_media":0,"parent":0,"menu_order":0,"comment_status":"closed","ping_status":"closed","template":"","meta":{"footnotes":""},"class_list":["post-109","page","type-page","status-publish","hentry"],"publishpress_future_action":{"enabled":false,"date":"2026-05-04 05:34:52","action":"change-status","newStatus":"draft","terms":[],"taxonomy":""},"_links":{"self":[{"href":"https:\/\/www.tamaulipas.gob.mx\/migrantes\/wp-json\/wp\/v2\/pages\/109"}],"collection":[{"href":"https:\/\/www.tamaulipas.gob.mx\/migrantes\/wp-json\/wp\/v2\/pages"}],"about":[{"href":"https:\/\/www.tamaulipas.gob.mx\/migrantes\/wp-json\/wp\/v2\/types\/page"}],"author":[{"embeddable":true,"href":"https:\/\/www.tamaulipas.gob.mx\/migrantes\/wp-json\/wp\/v2\/users\/7"}],"replies":[{"embeddable":true,"href":"https:\/\/www.tamaulipas.gob.mx\/migrantes\/wp-json\/wp\/v2\/comments?post=109"}],"version-history":[{"count":11,"href":"https:\/\/www.tamaulipas.gob.mx\/migrantes\/wp-json\/wp\/v2\/pages\/109\/revisions"}],"predecessor-version":[{"id":698,"href":"https:\/\/www.tamaulipas.gob.mx\/migrantes\/wp-json\/wp\/v2\/pages\/109\/revisions\/698"}],"wp:attachment":[{"href":"https:\/\/www.tamaulipas.gob.mx\/migrantes\/wp-json\/wp\/v2\/media?parent=109"}],"curies":[{"name":"wp","href":"https:\/\/api.w.org\/{rel}","templated":true}]}}