{"id":958,"date":"2022-09-15T10:00:33","date_gmt":"2022-09-15T15:00:33","guid":{"rendered":"https:\/\/www.tamaulipas.gob.mx\/jovenes\/?page_id=958"},"modified":"2022-12-19T12:05:31","modified_gmt":"2022-12-19T18:05:31","slug":"tercera-sesion-ordinaria","status":"publish","type":"page","link":"https:\/\/www.tamaulipas.gob.mx\/jovenes\/transparencia\/tercera-sesion-ordinaria\/","title":{"rendered":"Tercera sesi\u00f3n ordinaria"},"content":{"rendered":"<p class=\"x_MsoNormal\"><b><span lang=\"ES-TRAD\">UNO.\u00a0<\/span><\/b><span lang=\"ES-TRAD\">La presidenta del Comit\u00e9 de \u00c9tica, Conducta y Prevenci\u00f3n de Conflictos de Inter\u00e9s del Instituto de la Juventud de Tamaulipas hace la presentaci\u00f3n f\u00edsica del acta anterior para su aprobaci\u00f3n, mismo que es aprobado por unanimidad por todos los miembros propietarios.<\/span><\/p>\n<p class=\"x_MsoNormal\"><b><span lang=\"ES-TRAD\">DOS.\u00a0<\/span><\/b><span lang=\"ES-TRAD\">El Comit\u00e9 de \u00c9tica, Conducta y Prevenci\u00f3n de Conflictos de Inter\u00e9s del Instituto de la Juventud de Tamaulipas, establece que en el mes de septiembre del presente a\u00f1o, se enviar\u00e1 por correo institucional a todo el personal el C\u00f3digo de Conducta y \u00c9tica.<\/span><\/p>\n<p class=\"x_MsoNormal\"><b><span lang=\"ES-TRAD\">TRES.\u00a0<\/span><\/b><span lang=\"ES-TRAD\">El Comit\u00e9 de \u00c9tica, Conducta y Prevenci\u00f3n de Conflictos de Inter\u00e9s del Instituto de la Juventud de Tamaulipas, acord\u00f3 solicitar al \u00e1rea de administraci\u00f3n la lista del personal de nuevo ingreso, para despu\u00e9s realizar la capacitaci\u00f3n, siendo hasta el momento: Claudia Melisa Rodr\u00edguez.\u00a0<\/span><\/p>\n<p class=\"x_MsoNormal\"><b><span lang=\"ES-TRAD\">CUATRO.\u00a0<\/span><\/b><span lang=\"ES-TRAD\">El Comit\u00e9 de \u00c9tica, Conducta y Prevenci\u00f3n de Conflictos de Inter\u00e9s del Instituto de la Juventud de Tamaulipas,\u00a0\u00a0har\u00e1n una evaluaci\u00f3n de las quejas y sugerencias recibidas en el buz\u00f3n del Instituto, por lo cual se determinaran la procedencia y se notificara a quien\u00a0\u00a0corresponda para darle seguimiento, en dado caso que surjan alguna queja o sugerencia.<\/span><\/p>\n<p class=\"x_MsoNormal\"><b><span lang=\"ES-TRAD\">CINCO.\u00a0<\/span><\/b><span lang=\"ES-TRAD\">El Comit\u00e9 de \u00c9tica, Conducta y Prevenci\u00f3n de Conflictos de Inter\u00e9s del Instituto de la Juventud de Tamaulipas,\u00a0\u00a0har\u00e1n una evaluaci\u00f3n de las quejas y sugerencias recibidas en el buz\u00f3n del Instituto, por lo cual se determinaran la procedencia y se notificara a quien\u00a0\u00a0corresponda para darle seguimiento, en dado caso que surjan alguna queja o sugerencia.<\/span><\/p>\n<p class=\"x_MsoNormal\"><b><span lang=\"ES-TRAD\">SEIS.\u00a0<\/span><\/b><span lang=\"ES-TRAD\">El Comit\u00e9 de \u00c9tica, Conducta y Prevenci\u00f3n de Conflictos de Inter\u00e9s del Instituto de la Juventud de Tamaulipas, establece la fecha para la pr\u00f3xima sesi\u00f3n, siendo el\u00a0\u00a021 de noviembre del 2022 a las 14:00 horas, acordado el compromiso de estar presentes.<\/span><\/p>\n","protected":false},"excerpt":{"rendered":"<p>UNO.\u00a0La presidenta del Comit\u00e9 de \u00c9tica, Conducta y Prevenci\u00f3n de Conflictos de Inter\u00e9s del Instituto de la Juventud de Tamaulipas hace la presentaci\u00f3n f\u00edsica del\u2026<\/p>\n","protected":false},"author":1,"featured_media":0,"parent":948,"menu_order":0,"comment_status":"closed","ping_status":"closed","template":"","meta":{"footnotes":""},"class_list":["post-958","page","type-page","status-publish","hentry"],"publishpress_future_action":{"enabled":false,"date":"2026-04-15 23:08:34","action":"change-status","newStatus":"draft","terms":[],"taxonomy":""},"_links":{"self":[{"href":"https:\/\/www.tamaulipas.gob.mx\/jovenes\/wp-json\/wp\/v2\/pages\/958"}],"collection":[{"href":"https:\/\/www.tamaulipas.gob.mx\/jovenes\/wp-json\/wp\/v2\/pages"}],"about":[{"href":"https:\/\/www.tamaulipas.gob.mx\/jovenes\/wp-json\/wp\/v2\/types\/page"}],"author":[{"embeddable":true,"href":"https:\/\/www.tamaulipas.gob.mx\/jovenes\/wp-json\/wp\/v2\/users\/1"}],"replies":[{"embeddable":true,"href":"https:\/\/www.tamaulipas.gob.mx\/jovenes\/wp-json\/wp\/v2\/comments?post=958"}],"version-history":[{"count":1,"href":"https:\/\/www.tamaulipas.gob.mx\/jovenes\/wp-json\/wp\/v2\/pages\/958\/revisions"}],"predecessor-version":[{"id":959,"href":"https:\/\/www.tamaulipas.gob.mx\/jovenes\/wp-json\/wp\/v2\/pages\/958\/revisions\/959"}],"up":[{"embeddable":true,"href":"https:\/\/www.tamaulipas.gob.mx\/jovenes\/wp-json\/wp\/v2\/pages\/948"}],"wp:attachment":[{"href":"https:\/\/www.tamaulipas.gob.mx\/jovenes\/wp-json\/wp\/v2\/media?parent=958"}],"curies":[{"name":"wp","href":"https:\/\/api.w.org\/{rel}","templated":true}]}}