{"id":956,"date":"2022-08-02T10:00:06","date_gmt":"2022-08-02T15:00:06","guid":{"rendered":"https:\/\/www.tamaulipas.gob.mx\/jovenes\/?page_id=956"},"modified":"2022-12-19T12:04:28","modified_gmt":"2022-12-19T18:04:28","slug":"segunda-sesion-ordinaria","status":"publish","type":"page","link":"https:\/\/www.tamaulipas.gob.mx\/jovenes\/transparencia\/segunda-sesion-ordinaria\/","title":{"rendered":"Segunda sesi\u00f3n ordinaria"},"content":{"rendered":"<p>COMIT\u00c9 DE \u00c9TICA, CONDUCTA Y PREVENCI\u00d3N DE CONFLICTOS DE INTER\u00c9S<\/p>\n<p>En Ciudad Victoria siendo las 13:00 horas del d\u00eda 23 de mayo del a\u00f1o dos mil veintid\u00f3s, reunidos en la oficina de direcci\u00f3n general del piso 18, con domicilio en prolongaci\u00f3n Boulevard Pr\u00e1xedis Balboa esquina con Libramiento Naciones Unidas s\/n, Parque Bicentenario C.P 87086 Centro Gubernamental Parque Bicentenario, se re\u00fanen en primera convocatoria, a fin de celebrar la segunda reuni\u00f3n ordinaria del Comit\u00e9 de \u00c9tica, Conducta y Prevenci\u00f3n de Conflictos de Inter\u00e9s.<\/p>\n<hr \/>\n<p>Se declara formalmente iniciada la segunda sesi\u00f3n ordinaria del Comit\u00e9 de \u00c9tica, Conducta y Prevenci\u00f3n de Conflictos de Inter\u00e9s del Instituto de la Juventud de Tamaulipas y se procedi\u00f3 a tomar lista de asistencia para verificar la existencia del quorum legal.<\/p>\n<p>Habi\u00e9ndose comprobado que se cuenta con la asistencia de la mayor\u00eda de los miembros propietarios se declara que si existe quorum legal; los asistentes a dicha sesi\u00f3n fueron; los C.C Katyha Camarillo Rodr\u00edguez, Karla Vanessa Guzm\u00e1n Contreras, Georgina Ver\u00f3nica Garc\u00eda Mart\u00ednez y Mar\u00eda Fernanda Medina Mej\u00eda, quienes se desempe\u00f1an con el car\u00e1cter de miembros propietarios.<\/p>\n<p>\u2014\u2014\u2014\u2014\u2014\u2014\u2014\u2014\u2014\u2014\u2014\u2014\u2014-<strong>ORDEN DEL D\u00cdA<\/strong>\u2014\u2014\u2014\u2014\u2014\u2014\u2014\u2014\u2014\u2014\u2014\u2014\u2014\u2014\u2014\u2014<\/p>\n<ol>\n<li>Llista de asistencia y verificaci\u00f3n de qu\u00f3rum legal;<\/li>\n<li>Lectura y en su caso, aprobaci\u00f3n del acta de la Sesi\u00f3n anterior;<\/li>\n<\/ol>\n<ul>\n<li>Informe sobre Seguimiento de acuerdos de las Sesiones anteriores;<\/li>\n<\/ul>\n<ol>\n<li>Presentaci\u00f3n y en su caso, aprobaci\u00f3n de asuntos; y<\/li>\n<li>Asuntos generales.<\/li>\n<\/ol>\n<p><strong>ACUERDA<\/strong><\/p>\n<p><strong>UNO<\/strong>. La presidenta del Comit\u00e9 de \u00c9tica, Conducta y Prevenci\u00f3n de Conflictos de Inter\u00e9s del Instituto de la Juventud de Tamaulipas hace la presentaci\u00f3n del acta anterior para su aprobaci\u00f3n, mismo que es aprobado por unanimidad por todos los miembros propietarios.<\/p>\n<p><strong>DOS<\/strong>. El Comit\u00e9 de \u00c9tica Conducta y Prevenci\u00f3n de Conflictos de Inter\u00e9s del Instituto de la Juventud de Tamaulipas, presenta bases normativas del funcionamiento del CECyPCI (C\u00f3digo de Conducta), en esta se establece acordando por unanimidad seguir\u00e1 siendo el mismo.<\/p>\n<p><strong>TRES<\/strong>. El Comit\u00e9 de \u00c9tica Conducta y Prevenci\u00f3n de Conflictos de Inter\u00e9s del Instituto de la Juventus de Tamaulipas, establece que durante el mes de junio se realizara \u00e9l envi\u00f3 por correo institucional a todo el personal, el C\u00f3digo de Conducta y \u00c9tica.<\/p>\n<p><strong>CUATRO<\/strong>. El Comit\u00e9 de \u00c9tica Conducta y Prevenci\u00f3n de Conflictos de Inter\u00e9s del Instituto de la Juventud de Tamaulipas, acord\u00f3 que para antes del primer semestre se capacitara de manera personalizada al personal de nuevo ingreso, siendo hasta el momento: Adri\u00e1n Azahel R\u00edos Salda\u00f1a y Pedro Timoteo Rodr\u00edguez Serna.<\/p>\n<p><strong>CINCO<\/strong>. El Comit\u00e9 de \u00c9tica Conducta y Prevenci\u00f3n de Conflictos de Inter\u00e9s del Instituto de la Juventud de Tamaulipas, acuerda la aplicaci\u00f3n de la encuesta realizada de resultados deber\u00e1n obtenerse y presentarse en la pr\u00f3xima sesi\u00f3n.<\/p>\n<p><strong>SEIS\u00a0<\/strong>El Comit\u00e9 de \u00c9tica Conducta y Prevenci\u00f3n de Conflictos de Inter\u00e9s del Instituto de la Juventud de Tamaulipas, encontr\u00f3 que en lo que respecta al buz\u00f3n de las quejas y sugerencias no se recibi\u00f3 ninguna de las antes mencionadas.<\/p>\n<p><strong>SIETE\u00a0<\/strong>La presidenta del El Comit\u00e9 de \u00c9tica Conducta y Prevenci\u00f3n de Conflictos de Inter\u00e9s del Instituto de la Juventud de Tamaulipas, establece para la pr\u00f3xima sesi\u00f3n, la fecha del 15 de julio a las 13:00 horas, acordado el compromiso de estar presentes.<\/p>\n<p>Siendo las 14:00 horas ha sido le\u00eddo el contenido de esta se procede a firmarla quien en ella intervino y fue su deseo hacerlo:<\/p>\n","protected":false},"excerpt":{"rendered":"<p>COMIT\u00c9 DE \u00c9TICA, CONDUCTA Y PREVENCI\u00d3N DE CONFLICTOS DE INTER\u00c9S En Ciudad Victoria siendo las 13:00 horas del d\u00eda 23 de mayo del a\u00f1o dos\u2026<\/p>\n","protected":false},"author":1,"featured_media":0,"parent":948,"menu_order":0,"comment_status":"closed","ping_status":"closed","template":"","meta":{"footnotes":""},"class_list":["post-956","page","type-page","status-publish","hentry"],"publishpress_future_action":{"enabled":false,"date":"2026-04-15 23:08:34","action":"change-status","newStatus":"draft","terms":[],"taxonomy":""},"_links":{"self":[{"href":"https:\/\/www.tamaulipas.gob.mx\/jovenes\/wp-json\/wp\/v2\/pages\/956"}],"collection":[{"href":"https:\/\/www.tamaulipas.gob.mx\/jovenes\/wp-json\/wp\/v2\/pages"}],"about":[{"href":"https:\/\/www.tamaulipas.gob.mx\/jovenes\/wp-json\/wp\/v2\/types\/page"}],"author":[{"embeddable":true,"href":"https:\/\/www.tamaulipas.gob.mx\/jovenes\/wp-json\/wp\/v2\/users\/1"}],"replies":[{"embeddable":true,"href":"https:\/\/www.tamaulipas.gob.mx\/jovenes\/wp-json\/wp\/v2\/comments?post=956"}],"version-history":[{"count":1,"href":"https:\/\/www.tamaulipas.gob.mx\/jovenes\/wp-json\/wp\/v2\/pages\/956\/revisions"}],"predecessor-version":[{"id":957,"href":"https:\/\/www.tamaulipas.gob.mx\/jovenes\/wp-json\/wp\/v2\/pages\/956\/revisions\/957"}],"up":[{"embeddable":true,"href":"https:\/\/www.tamaulipas.gob.mx\/jovenes\/wp-json\/wp\/v2\/pages\/948"}],"wp:attachment":[{"href":"https:\/\/www.tamaulipas.gob.mx\/jovenes\/wp-json\/wp\/v2\/media?parent=956"}],"curies":[{"name":"wp","href":"https:\/\/api.w.org\/{rel}","templated":true}]}}