{"id":954,"date":"2022-03-28T10:00:03","date_gmt":"2022-03-28T16:00:03","guid":{"rendered":"https:\/\/www.tamaulipas.gob.mx\/jovenes\/?page_id=954"},"modified":"2022-12-19T11:53:44","modified_gmt":"2022-12-19T17:53:44","slug":"acuerdos-primera-sesion-comite-2022","status":"publish","type":"page","link":"https:\/\/www.tamaulipas.gob.mx\/jovenes\/transparencia\/acuerdos-primera-sesion-comite-2022\/","title":{"rendered":"Acuerdos primera sesi\u00f3n comit\u00e9 2022"},"content":{"rendered":"<p class=\"x_MsoNormal\"><b><span lang=\"ES-TRAD\">UNO.\u00a0<\/span><\/b><span lang=\"ES-TRAD\">La presidenta del Comit\u00e9 de \u00c9tica, Conducta y Prevenci\u00f3n de Conflictos de Inter\u00e9s del Instituto de la Juventud de Tamaulipas hace la presentaci\u00f3n f\u00edsica del documento que comprende el Programa Anual de Trabajo, mismo que es aprobado por unanimidad por todos los miembros propietarios.\u00a0<\/span><\/p>\n<p class=\"x_MsoNormal\"><b><span lang=\"ES-TRAD\">DOS.\u00a0<\/span><\/b><span lang=\"ES-TRAD\">El Comit\u00e9 de \u00c9tica, Conducta y Prevenci\u00f3n de Conflictos de Inter\u00e9s del Instituto de la Juventud de Tamaulipas, establece que el jueves 3 de marzo del presente a\u00f1o, se enviar\u00e1 por correo institucional a todo el personal el C\u00f3digo de Conducta y \u00c9tica.<\/span><\/p>\n<p class=\"x_MsoNormal\"><b><span lang=\"ES-TRAD\">TRES.\u00a0<\/span><\/b><span lang=\"ES-TRAD\">El Comit\u00e9 de \u00c9tica, Conducta y Prevenci\u00f3n de Conflictos de Inter\u00e9s del Instituto de la Juventud de Tamaulipas, acord\u00f3 solicitar al \u00e1rea de administraci\u00f3n la lista del personal de nuevo ingreso, para despu\u00e9s realizar la capacitaci\u00f3n, en dicha capacitaci\u00f3n se incluir\u00e1 a todo el personal del Instituto.\u00a0<\/span><\/p>\n<p class=\"x_MsoNormal\"><b><span lang=\"ES-TRAD\">CUATRO.\u00a0<\/span><\/b><span lang=\"ES-TRAD\">El Comit\u00e9 de \u00c9tica, Conducta y Prevenci\u00f3n de Conflictos de Inter\u00e9s del Instituto de la Juventud de Tamaulipas, acuerda realizar una encuesta para la evaluaci\u00f3n del Comit\u00e9 de \u00c9tica y sus indicadores.<\/span><\/p>\n<p class=\"x_MsoNormal\"><b><span lang=\"ES-TRAD\">CINCO.\u00a0<\/span><\/b><span lang=\"ES-TRAD\">El Comit\u00e9 de \u00c9tica, Conducta y Prevenci\u00f3n de Conflictos de Inter\u00e9s del Instituto de la Juventud de Tamaulipas,\u00a0\u00a0har\u00e1n una evaluaci\u00f3n de las quejas y sugerencias recibidas en el buz\u00f3n del Instituto, por lo cual se determinaran la procedencia y se notificara a quien\u00a0\u00a0corresponda para darle seguimiento, en dado caso que surjan alguna queja o sugerencia.<\/span><\/p>\n<p class=\"x_MsoNormal\"><b><span lang=\"ES-TRAD\">SEIS.\u00a0<\/span><\/b><span lang=\"ES-TRAD\">El Comit\u00e9 de \u00c9tica, Conducta y Prevenci\u00f3n de Conflictos de Inter\u00e9s del Instituto de la Juventud de Tamaulipas, establece como miembros a: \u00a0<\/span><\/p>\n<p class=\"x_MsoNormal\">\n<p class=\"x_MsoNormal\"><b><span lang=\"ES-TRAD\">Presidente:<\/span><\/b><span lang=\"ES-TRAD\">\u00a0Lic. Katyha Camarillo Rodr\u00edguez\u00a0<\/span><\/p>\n<p class=\"x_MsoNormal\"><b><span lang=\"ES-TRAD\">Secretario<\/span><\/b><span lang=\"ES-TRAD\">: Lic. Georgina Ver\u00f3nica Garc\u00eda Mart\u00ednez\u00a0<\/span><\/p>\n<p class=\"x_MsoNormal\"><b><span lang=\"ES-TRAD\">Coordinador<\/span><\/b><span lang=\"ES-TRAD\">: Lic. Karla Vanessa Guzm\u00e1n Contreras\u00a0<\/span><\/p>\n<p class=\"x_MsoNormal\"><b><span lang=\"ES-TRAD\">Vocal 1:<\/span><\/b><span lang=\"ES-TRAD\">\u00a0Lic. Mar\u00eda Fernanda Medina Mej\u00eda\u00a0<\/span><\/p>\n<p class=\"x_MsoNormal\"><b><span lang=\"ES-TRAD\">Vocal 2:<\/span><\/b><span lang=\"ES-TRAD\">\u00a0Lic. Cesar Alejandro Alejandrez Moreno\u00a0<\/span><\/p>\n<p class=\"x_MsoNormal\"><b><span lang=\"ES-TRAD\">Invitado<\/span><\/b><span lang=\"ES-TRAD\">: Lic. Miguel \u00c1ngel Barr\u00f3n Mu\u00f1oz\u00a0<\/span><\/p>\n","protected":false},"excerpt":{"rendered":"<p>UNO.\u00a0La presidenta del Comit\u00e9 de \u00c9tica, Conducta y Prevenci\u00f3n de Conflictos de Inter\u00e9s del Instituto de la Juventud de Tamaulipas hace la presentaci\u00f3n f\u00edsica del\u2026<\/p>\n","protected":false},"author":1,"featured_media":0,"parent":948,"menu_order":0,"comment_status":"closed","ping_status":"closed","template":"","meta":{"footnotes":""},"class_list":["post-954","page","type-page","status-publish","hentry"],"publishpress_future_action":{"enabled":false,"date":"2026-04-15 23:08:33","action":"change-status","newStatus":"draft","terms":[],"taxonomy":""},"_links":{"self":[{"href":"https:\/\/www.tamaulipas.gob.mx\/jovenes\/wp-json\/wp\/v2\/pages\/954"}],"collection":[{"href":"https:\/\/www.tamaulipas.gob.mx\/jovenes\/wp-json\/wp\/v2\/pages"}],"about":[{"href":"https:\/\/www.tamaulipas.gob.mx\/jovenes\/wp-json\/wp\/v2\/types\/page"}],"author":[{"embeddable":true,"href":"https:\/\/www.tamaulipas.gob.mx\/jovenes\/wp-json\/wp\/v2\/users\/1"}],"replies":[{"embeddable":true,"href":"https:\/\/www.tamaulipas.gob.mx\/jovenes\/wp-json\/wp\/v2\/comments?post=954"}],"version-history":[{"count":1,"href":"https:\/\/www.tamaulipas.gob.mx\/jovenes\/wp-json\/wp\/v2\/pages\/954\/revisions"}],"predecessor-version":[{"id":955,"href":"https:\/\/www.tamaulipas.gob.mx\/jovenes\/wp-json\/wp\/v2\/pages\/954\/revisions\/955"}],"up":[{"embeddable":true,"href":"https:\/\/www.tamaulipas.gob.mx\/jovenes\/wp-json\/wp\/v2\/pages\/948"}],"wp:attachment":[{"href":"https:\/\/www.tamaulipas.gob.mx\/jovenes\/wp-json\/wp\/v2\/media?parent=954"}],"curies":[{"name":"wp","href":"https:\/\/api.w.org\/{rel}","templated":true}]}}