{"id":950,"date":"2022-11-04T10:00:32","date_gmt":"2022-11-04T16:00:32","guid":{"rendered":"https:\/\/www.tamaulipas.gob.mx\/jovenes\/?page_id=950"},"modified":"2022-12-19T11:51:23","modified_gmt":"2022-12-19T17:51:23","slug":"acuerdos-sesiones-ordinarias-del-comite-de-etica-2020","status":"publish","type":"page","link":"https:\/\/www.tamaulipas.gob.mx\/jovenes\/transparencia\/acuerdos-sesiones-ordinarias-del-comite-de-etica-2020\/","title":{"rendered":"Acuerdos sesiones ordinarias del comit\u00e9 de etica 2020"},"content":{"rendered":"<p><strong>Primera sesi\u00f3n:<\/strong><\/p>\n<p>La presidenta del Comit\u00e9 de \u00c9tica, Conducta y Prevenci\u00f3n de Conflictos de Inter\u00e9s del Instituto de la Juventud de Tamaulipas present\u00f3 el programa anual de trabajo, mismo que fue aprobado por unanimidad por los miembros propietarios del comit\u00e9 de \u00e9tica.<\/p>\n<p>La presidenta del Comit\u00e9 de \u00c9tica, Conducta y Prevenci\u00f3n de Conflictos de Inter\u00e9s del Instituto de la Juventud de Tamaulipas, present\u00f3 el dise\u00f1o con el cual se evaluar\u00e1 el cumplimiento de los valores contenidos en el C\u00f3digo de Conducta del Instituto de la Juventud de Tamaulipas.<\/p>\n<p><strong>Segunda sesi\u00f3n:<\/strong><\/p>\n<p>La presidenta del Comit\u00e9 de \u00c9tica, Conducta y Prevenci\u00f3n de Conflictos de Inter\u00e9s del Instituto de la Juventud de Tamaulipas, dio a conocer los resultados del dise\u00f1o con el cual se evalu\u00f3 el cumplimiento de los valores contenidos en el C\u00f3digo de Conducta del Instituto de la Juventud de Tamaulipas.<\/p>\n<p><strong>Tercera sesi\u00f3n:<\/strong><\/p>\n<p>La presidenta del Comit\u00e9 de \u00c9tica, Conducta y Prevenci\u00f3n de Conflictos de Inter\u00e9s del Instituto de la Juventud de Tamaulipas, hace la presentaci\u00f3n f\u00edsica de la evaluaci\u00f3n de la encuesta \u201cPrincipios y Valores \u00c9ticos\u201d con el cual se eval\u00faan los cumplimientos de los valores contenidos en el C\u00f3digo de Conducta del Instituto de la Juventud de Tamaulipas.<\/p>\n<p>Miembros presentes del Comit\u00e9 de \u00c9tica, Conducta y Prevenci\u00f3n de Conflictos de Inter\u00e9s del Instituto de la Juventud de Tamaulipas proponen fecha para la revisi\u00f3n de pendientes en el Programa Anual de Trabajo, acordando la entrega de los documentos dos veces por mes.<\/p>\n<p>Miembros presentes del Comit\u00e9 de \u00c9tica, Conducta y Prevenci\u00f3n de Conflictos de Inter\u00e9s del Instituto de la Juventud de Tamaulipas, har\u00e1n una evaluaci\u00f3n de las conclusiones de la encuesta \u201cPrincipios y Valores \u00c9ticos\u201d con el fin de que el personal conozca la informaci\u00f3n del C\u00f3digo de Conducta.<\/p>\n<p><strong>Cuarta sesi\u00f3n:<\/strong><\/p>\n<p>Miembros presentes del Comit\u00e9 de \u00c9tica, Conducta y Prevenci\u00f3n de Conflictos de Inter\u00e9s del Instituto de la Juventud de Tamaulipas, elaboraron la propuesta de indicadores de cumplimiento del C\u00f3digo de Conducta y mediante una votaci\u00f3n se aprobaron dichos indicadores. La presidenta del Comit\u00e9 de \u00c9tica, Conducta y Prevenci\u00f3n de Conflictos de Inter\u00e9s del Instituto de la Juventud de Tamaulipas, hace la presentaci\u00f3n f\u00edsica del documento que comprende el dise\u00f1o con el cual se evaluaran los indicadores de cumplimiento del c\u00f3digo de conducta (Programa de Trabajo 2021).<\/p>\n<p>Miembros presentes del Comit\u00e9 de \u00c9tica, Conducta y Prevenci\u00f3n de Conflictos de Inter\u00e9s del Instituto de la Juventud de Tamaulipas, propone fecha para la publicaci\u00f3n anual de los resultados obtenidos en los indicadores de cumplimiento del c\u00f3digo de conducta en formato PDF, en la p\u00e1gina oficial del Instituto, as\u00ed mismo correcta visualizaci\u00f3n, adecuada descarga del archivo y enviar por correo electr\u00f3nico a los servidores p\u00fablicos los resultados de la encuesta donde se evaluaran los indicadores de cumplimiento del c\u00f3digo de conducta.<\/p>\n<p>La fecha propuesta ser\u00e1\u00a0 un d\u00eda despu\u00e9s de ser recibidos los resultados por parte del \u00e1rea de contralor\u00eda respectiva.<\/p>\n<p>Miembros presentes del Comit\u00e9 de \u00c9tica, Conducta y Prevenci\u00f3n de Conflictos de Inter\u00e9s del Instituto de la Juventud de Tamaulipas, har\u00e1n una evaluaci\u00f3n de las quejas y sugerencias recibidas en el buz\u00f3n, por lo cual se determinara su procedencia y notificar a quien corresponda para darle seguimiento.<\/p>\n<p>Miembros presentes del Comit\u00e9 de \u00c9tica, Conducta y Prevenci\u00f3n de Conflictos de Inter\u00e9s del Instituto de la Juventud de Tamaulipas, aprueban la capacitaci\u00f3n dada para el conocimiento del C\u00f3digo de Conducta y \u00c9tica para que se realice como base en el 2021 de forma peri\u00f3dica.<\/p>\n<p>Pr\u00f3ximamente se realizara la quinta sesi\u00f3n ordinaria con los Miembros del Comit\u00e9 de \u00c9tica, Conducta y Prevenci\u00f3n de Conflictos de Inter\u00e9s.<\/p>\n","protected":false},"excerpt":{"rendered":"<p>Primera sesi\u00f3n: La presidenta del Comit\u00e9 de \u00c9tica, Conducta y Prevenci\u00f3n de Conflictos de Inter\u00e9s del Instituto de la Juventud de Tamaulipas present\u00f3 el programa\u2026<\/p>\n","protected":false},"author":1,"featured_media":0,"parent":948,"menu_order":0,"comment_status":"closed","ping_status":"closed","template":"","meta":{"footnotes":""},"class_list":["post-950","page","type-page","status-publish","hentry"],"publishpress_future_action":{"enabled":false,"date":"2026-04-15 23:07:20","action":"change-status","newStatus":"draft","terms":[],"taxonomy":""},"_links":{"self":[{"href":"https:\/\/www.tamaulipas.gob.mx\/jovenes\/wp-json\/wp\/v2\/pages\/950"}],"collection":[{"href":"https:\/\/www.tamaulipas.gob.mx\/jovenes\/wp-json\/wp\/v2\/pages"}],"about":[{"href":"https:\/\/www.tamaulipas.gob.mx\/jovenes\/wp-json\/wp\/v2\/types\/page"}],"author":[{"embeddable":true,"href":"https:\/\/www.tamaulipas.gob.mx\/jovenes\/wp-json\/wp\/v2\/users\/1"}],"replies":[{"embeddable":true,"href":"https:\/\/www.tamaulipas.gob.mx\/jovenes\/wp-json\/wp\/v2\/comments?post=950"}],"version-history":[{"count":1,"href":"https:\/\/www.tamaulipas.gob.mx\/jovenes\/wp-json\/wp\/v2\/pages\/950\/revisions"}],"predecessor-version":[{"id":951,"href":"https:\/\/www.tamaulipas.gob.mx\/jovenes\/wp-json\/wp\/v2\/pages\/950\/revisions\/951"}],"up":[{"embeddable":true,"href":"https:\/\/www.tamaulipas.gob.mx\/jovenes\/wp-json\/wp\/v2\/pages\/948"}],"wp:attachment":[{"href":"https:\/\/www.tamaulipas.gob.mx\/jovenes\/wp-json\/wp\/v2\/media?parent=950"}],"curies":[{"name":"wp","href":"https:\/\/api.w.org\/{rel}","templated":true}]}}