{"id":914,"date":"2022-12-13T12:35:54","date_gmt":"2022-12-13T18:35:54","guid":{"rendered":"https:\/\/www.tamaulipas.gob.mx\/jovenes\/?page_id=914"},"modified":"2023-03-22T13:30:30","modified_gmt":"2023-03-22T19:30:30","slug":"privacidad","status":"publish","type":"page","link":"https:\/\/www.tamaulipas.gob.mx\/jovenes\/privacidad\/","title":{"rendered":"Aviso de privacidad"},"content":{"rendered":"<p><span style=\"font-weight: 400;\">El Instituto de la Juventud de Tamaulipas, con domicilio en Torre Bicentenario piso 18, Libramiento Naciones Unidas esquina con prolongaci\u00f3n con Praxedis Balboa, Ciudad Victoria, Tamaulipas C.P. 87083, es el responsable del tratamiento de los datos personales que nos proporcione, los cuales ser\u00e1n protegidos conforme a lo dispuesto por la Ley de Protecci\u00f3n de Datos Personales con Posesi\u00f3n de Sujetos Obligados del Estado de Tamaulipas, y dem\u00e1s normatividad que resulte aplicable.<\/span><\/p>\n<p><span style=\"font-weight: 400;\">Sus datos personales ser\u00e1n utilizados con la siguiente finalidad:<\/span><\/p>\n<ul>\n<li style=\"font-weight: 400;\" aria-level=\"1\"><span style=\"font-weight: 400;\">Para el foro de consulta, incluyendo los anexos o accesorios que pudieran derivar de los mismos, tales como identificaci\u00f3n, conocimiento, contacto localizaci\u00f3n y estad\u00edsticas, finalidades que pudieran dar origen y ser necesarias para la existencia, mantenimiento y cumplimiento de la relaci\u00f3n jur\u00eddica que pudiera resultar entre el responsable y el titular.<\/span><\/li>\n<\/ul>\n<p><span style=\"font-weight: 400;\">Para la finalidad antes se\u00f1alada solicitamos los siguientes datos personales:<\/span><\/p>\n<ul>\n<li style=\"font-weight: 400;\" aria-level=\"1\"><span style=\"font-weight: 400;\">Nombre de la persona<\/span><\/li>\n<li style=\"font-weight: 400;\" aria-level=\"1\"><span style=\"font-weight: 400;\">Correo electr\u00f3nico de la persona<\/span><\/li>\n<\/ul>\n<p><span style=\"font-weight: 400;\">El tratamiento de sus datos personales se realiza con fundamento en lo establecido en los art\u00edculos 3 fracci\u00f3n I, 34, 35, 38, 62, 63, 64, 65, 66, 67 y 68 de la Ley de Protecci\u00f3n de Datos Personales en Posesi\u00f3n de Sujetos Obligados del Estado de Tamaulipas.<\/span><\/p>\n<p><span style=\"font-weight: 400;\">Usted podr\u00e1 ejercer sus derechos de acceso, rectificaci\u00f3n, cancelaci\u00f3n u oposici\u00f3n de datos personales (derechos ARCO) directamente ante la Unidad de Transparencia de este Instituto Gubernamental, ubicada en la Torre Bicentenario piso 15, Libramiento Naciones Unidas esquina con prolongaci\u00f3n con Praxedis Balboa, Ciudad Victoria, Tamaulipas C.P. 87083, o bien a trav\u00e9s de la Plataforma Nacional de Transparencia (http:\/www.plataformadetransparencia.org.mx).<\/span><\/p>\n<p><span style=\"font-weight: 400;\">El aviso de Privacidad Integral podr\u00e1 ser modificado por el Instituto de la Juventud en cualquier momento, procediendo hacerlo de su conocimiento por cualquiera de los medios autorizados para tal fin, incluyendo la v\u00eda electr\u00f3nica o mediante la publicaci\u00f3n del nuevo texto a trav\u00e9s de nuestra p\u00e1gina de internet: <\/span>tamaulipas.gob.mx\/jovenes\/.<\/p>\n","protected":false},"excerpt":{"rendered":"<p>El Instituto de la Juventud de Tamaulipas, con domicilio en Torre Bicentenario piso 18, Libramiento Naciones Unidas esquina con prolongaci\u00f3n con Praxedis Balboa, Ciudad Victoria,\u2026<\/p>\n","protected":false},"author":1,"featured_media":0,"parent":0,"menu_order":0,"comment_status":"closed","ping_status":"closed","template":"","meta":{"footnotes":""},"class_list":["post-914","page","type-page","status-publish","hentry"],"publishpress_future_action":{"enabled":false,"date":"2026-04-16 00:47:08","action":"change-status","newStatus":"draft","terms":[],"taxonomy":""},"_links":{"self":[{"href":"https:\/\/www.tamaulipas.gob.mx\/jovenes\/wp-json\/wp\/v2\/pages\/914"}],"collection":[{"href":"https:\/\/www.tamaulipas.gob.mx\/jovenes\/wp-json\/wp\/v2\/pages"}],"about":[{"href":"https:\/\/www.tamaulipas.gob.mx\/jovenes\/wp-json\/wp\/v2\/types\/page"}],"author":[{"embeddable":true,"href":"https:\/\/www.tamaulipas.gob.mx\/jovenes\/wp-json\/wp\/v2\/users\/1"}],"replies":[{"embeddable":true,"href":"https:\/\/www.tamaulipas.gob.mx\/jovenes\/wp-json\/wp\/v2\/comments?post=914"}],"version-history":[{"count":3,"href":"https:\/\/www.tamaulipas.gob.mx\/jovenes\/wp-json\/wp\/v2\/pages\/914\/revisions"}],"predecessor-version":[{"id":1111,"href":"https:\/\/www.tamaulipas.gob.mx\/jovenes\/wp-json\/wp\/v2\/pages\/914\/revisions\/1111"}],"wp:attachment":[{"href":"https:\/\/www.tamaulipas.gob.mx\/jovenes\/wp-json\/wp\/v2\/media?parent=914"}],"curies":[{"name":"wp","href":"https:\/\/api.w.org\/{rel}","templated":true}]}}