{"id":67,"date":"2017-10-23T15:41:59","date_gmt":"2017-10-23T20:41:59","guid":{"rendered":"http:\/\/www.tamaulipas.gob.mx\/jovenes\/?page_id=67"},"modified":"2022-12-13T13:35:20","modified_gmt":"2022-12-13T19:35:20","slug":"desarrollo-ecologico-medio-ambiente-y-cuidado-animal","status":"publish","type":"page","link":"https:\/\/www.tamaulipas.gob.mx\/jovenes\/ejes\/desarrollo-ecologico-medio-ambiente-y-cuidado-animal\/","title":{"rendered":"Desarrollo Ecol\u00f3gico, Medio Ambiente y Cuidado Animal"},"content":{"rendered":"<p>Asegurar la sustentabilidad ambiental, mediante la participaci\u00f3n juvenil que promueve acciones de protecci\u00f3n y conservaci\u00f3n al medio ambiente, cuidado animal y patrimonio natural.<\/p>\n<ul>\n<li>Restauraci\u00f3n de \u00e1reas verdes.<\/li>\n<li>Faenas de limpieza.<\/li>\n<li>Campa\u00f1as de esterilizaci\u00f3n animal.<\/li>\n<li>Campa\u00f1as de reforestaci\u00f3n.<\/li>\n<li>Actividades de reciclaje.<\/li>\n<li>Clasificaci\u00f3n de basura.<\/li>\n<li>Conferencias.<\/li>\n<li>Vinculaci\u00f3n con asociaciones de cuidado con preservaci\u00f3n animal.<\/li>\n<\/ul>\n","protected":false},"excerpt":{"rendered":"<p>Asegurar la sustentabilidad ambiental, mediante la participaci\u00f3n juvenil que promueve acciones de protecci\u00f3n y conservaci\u00f3n al medio ambiente, cuidado animal y patrimonio natural. Restauraci\u00f3n de\u2026<\/p>\n","protected":false},"author":7,"featured_media":0,"parent":47,"menu_order":0,"comment_status":"closed","ping_status":"closed","template":"","meta":{"footnotes":""},"class_list":["post-67","page","type-page","status-publish","hentry"],"publishpress_future_action":{"enabled":false,"date":"2026-04-15 23:08:24","action":"change-status","newStatus":"draft","terms":[],"taxonomy":""},"_links":{"self":[{"href":"https:\/\/www.tamaulipas.gob.mx\/jovenes\/wp-json\/wp\/v2\/pages\/67"}],"collection":[{"href":"https:\/\/www.tamaulipas.gob.mx\/jovenes\/wp-json\/wp\/v2\/pages"}],"about":[{"href":"https:\/\/www.tamaulipas.gob.mx\/jovenes\/wp-json\/wp\/v2\/types\/page"}],"author":[{"embeddable":true,"href":"https:\/\/www.tamaulipas.gob.mx\/jovenes\/wp-json\/wp\/v2\/users\/7"}],"replies":[{"embeddable":true,"href":"https:\/\/www.tamaulipas.gob.mx\/jovenes\/wp-json\/wp\/v2\/comments?post=67"}],"version-history":[{"count":6,"href":"https:\/\/www.tamaulipas.gob.mx\/jovenes\/wp-json\/wp\/v2\/pages\/67\/revisions"}],"predecessor-version":[{"id":903,"href":"https:\/\/www.tamaulipas.gob.mx\/jovenes\/wp-json\/wp\/v2\/pages\/67\/revisions\/903"}],"up":[{"embeddable":true,"href":"https:\/\/www.tamaulipas.gob.mx\/jovenes\/wp-json\/wp\/v2\/pages\/47"}],"wp:attachment":[{"href":"https:\/\/www.tamaulipas.gob.mx\/jovenes\/wp-json\/wp\/v2\/media?parent=67"}],"curies":[{"name":"wp","href":"https:\/\/api.w.org\/{rel}","templated":true}]}}