{"id":63,"date":"2017-10-23T15:40:58","date_gmt":"2017-10-23T20:40:58","guid":{"rendered":"http:\/\/www.tamaulipas.gob.mx\/jovenes\/?page_id=63"},"modified":"2022-12-13T13:35:21","modified_gmt":"2022-12-13T19:35:21","slug":"desarrollo-saludable","status":"publish","type":"page","link":"https:\/\/www.tamaulipas.gob.mx\/jovenes\/ejes\/desarrollo-saludable\/","title":{"rendered":"Desarrollo Saludable"},"content":{"rendered":"<p>Promover conductas y estilos de vida saludables que contribuyan al bienestar f\u00edsico, mental y saludable de los j\u00f3venes, as\u00ed como la prevenci\u00f3n de adicciones, enfermedades, entre otros.<\/p>\n<ul>\n<li>Actividades f\u00edsicas.<\/li>\n<li>Platic\u00e1s y conferencias de salud general.<\/li>\n<li>Atenci\u00f3n psicol\u00f3gica.<\/li>\n<li>Mesas de debate en temas de sexualidad juvenil.<\/li>\n<li>Campa\u00f1as de higiene.<\/li>\n<li>Brigadas m\u00e9dicas.<\/li>\n<li>Donaciones farmac\u00e9uticas.<\/li>\n<\/ul>\n","protected":false},"excerpt":{"rendered":"<p>Promover conductas y estilos de vida saludables que contribuyan al bienestar f\u00edsico, mental y saludable de los j\u00f3venes, as\u00ed como la prevenci\u00f3n de adicciones, enfermedades,\u2026<\/p>\n","protected":false},"author":7,"featured_media":0,"parent":47,"menu_order":0,"comment_status":"closed","ping_status":"closed","template":"","meta":{"footnotes":""},"class_list":["post-63","page","type-page","status-publish","hentry"],"publishpress_future_action":{"enabled":false,"date":"2026-04-15 23:08:25","action":"change-status","newStatus":"draft","terms":[],"taxonomy":""},"_links":{"self":[{"href":"https:\/\/www.tamaulipas.gob.mx\/jovenes\/wp-json\/wp\/v2\/pages\/63"}],"collection":[{"href":"https:\/\/www.tamaulipas.gob.mx\/jovenes\/wp-json\/wp\/v2\/pages"}],"about":[{"href":"https:\/\/www.tamaulipas.gob.mx\/jovenes\/wp-json\/wp\/v2\/types\/page"}],"author":[{"embeddable":true,"href":"https:\/\/www.tamaulipas.gob.mx\/jovenes\/wp-json\/wp\/v2\/users\/7"}],"replies":[{"embeddable":true,"href":"https:\/\/www.tamaulipas.gob.mx\/jovenes\/wp-json\/wp\/v2\/comments?post=63"}],"version-history":[{"count":9,"href":"https:\/\/www.tamaulipas.gob.mx\/jovenes\/wp-json\/wp\/v2\/pages\/63\/revisions"}],"predecessor-version":[{"id":929,"href":"https:\/\/www.tamaulipas.gob.mx\/jovenes\/wp-json\/wp\/v2\/pages\/63\/revisions\/929"}],"up":[{"embeddable":true,"href":"https:\/\/www.tamaulipas.gob.mx\/jovenes\/wp-json\/wp\/v2\/pages\/47"}],"wp:attachment":[{"href":"https:\/\/www.tamaulipas.gob.mx\/jovenes\/wp-json\/wp\/v2\/media?parent=63"}],"curies":[{"name":"wp","href":"https:\/\/api.w.org\/{rel}","templated":true}]}}