{"id":32,"date":"2017-10-23T11:49:57","date_gmt":"2017-10-23T16:49:57","guid":{"rendered":"http:\/\/www.tamaulipas.gob.mx\/jovenes\/?page_id=32"},"modified":"2023-11-13T14:21:20","modified_gmt":"2023-11-13T20:21:20","slug":"conocenos","status":"publish","type":"page","link":"https:\/\/www.tamaulipas.gob.mx\/jovenes\/conocenos\/","title":{"rendered":"Con\u00f3cenos"},"content":{"rendered":"<p><strong>Presentaci\u00f3n<\/strong><\/p>\n<p>Somos un \u00f3rgano p\u00fablico descentralizado, de la Secretar\u00eda del Trabajo, que busca beneficiar principalmente a las personas j\u00f3venes de 12 a 29 a\u00f1os de Tamaulipas, a trav\u00e9s de programas que contribuyan a su desarrollo econ\u00f3mico, de salud, educativo, social y cultural, generando j\u00f3venes capaces y con valores para una inclusi\u00f3n en nuestro tejido social.<\/p>\n<p><strong>Misi\u00f3n<\/strong><\/p>\n<p>Generar pol\u00edticas por medio de las cuales las y los j\u00f3venes encuentren respuestas reales que les permitan acceder a los programas y proyectos instrumentados por el Gobierno del Estado para la soluci\u00f3n a sus problemas e intereses y que facilitan su inserci\u00f3n a la vida social y laboral, promoviendo as\u00ed su pleno desarrollo integral<\/p>\n<p><strong>Visi\u00f3n<\/strong><\/p>\n<p>Ser el v\u00ednculo id\u00f3neo entre las necesidades de las y los j\u00f3venes y las pol\u00edticas del Gobierno del Estado en materia de juventud, generando soluciones y alternativas mediante la participaci\u00f3n activa de los j\u00f3venes y fomentando en ellos valores e ideales que inserten su actuar en el desarrollo socio-econ\u00f3mico y cultural del Estado; generando adem\u00e1s, acciones sustentables que mejoren su calidad de vida.<\/p>\n<div class=\"panel-group\" id=\"custom-collapse-0\">\n<div class=\"panel panel-default\">\n\t\t\t\t<div class=\"panel-heading\">\n\t\t\t\t\t<h4 class=\"panel-title\">\n\t\t\t\t\t\t<a class=\"collapsed\" data-toggle=\"collapse\" data-parent=\"#custom-collapse-0\" href=\"#custom-collapse-0-0\">Objetivos<\/a>\n\t\t\t\t\t<\/h4>\n\t\t\t\t<\/div>\n\t\t\t\t<div id=\"custom-collapse-0-0\" class=\"panel-collapse collapse\">\n\t\t\t\t\t<div class=\"panel-body\">\n<p>De acuerdo a los objetivos se\u00f1alados en el art\u00edculo 3 del Decreto de Creaci\u00f3n del Instituto de la Juventud de Tamaulipas, publicado el 15 de abril de 2000, en el peri\u00f3dico oficial del Estado, el Instituto tendr\u00e1 como objetivos los siguientes:<\/p>\n<ol>\n<li>Ejecutar la pol\u00edtica estatal de la juventud, que permita incorporar plenamente a los j\u00f3venes al desarrollo del Estado, adecuando \u00e9sta a las caracter\u00edsticas y necesidades de la regi\u00f3n y la entidad;<\/li>\n<li>Asesorar al Ejecutivo Estatal en la planeaci\u00f3n y programaci\u00f3n de las pol\u00edticas y acciones relacionadas con el desarrollo de la juventud;<\/li>\n<li>Actuar como \u00f3rgano de consulta y asesor\u00eda de las dependencias y entidades de la Administraci\u00f3n P\u00fablica Estatal, as\u00ed como de las autoridades federales, municipales y de los sectores social y privado, cuando as\u00ed lo requieran;<\/li>\n<li>Promover coordinadamente con las dependencias y entidades de la Administraci\u00f3n P\u00fablica Estatal, as\u00ed como de las autoridades federales, municipales y de los sectores sociales y privado, cuando as\u00ed lo requieran;<\/li>\n<li>Fungir como representante del Gobierno estatal en materia de juventud, ante los Gobiernos Federal y Municipales, organizaciones privadas, sociales y organismos internacionales, as\u00ed como en foros, convenciones, encuentros y dem\u00e1s reuniones en las que el Ejecutivo solicite su participaci\u00f3n;<\/li>\n<li>Fomentar la pr\u00e1ctica de actividades diversas que propicien la superaci\u00f3n f\u00edsica, intelectual, cultural, profesional, y econ\u00f3mica de la juventud;<\/li>\n<li>Impulsar las acciones que concienticen a la juventud sobre la importancia de preservar el medio ambiente y la defensa de la ecolog\u00eda; as\u00ed como fortalecer la cultura sobre la libertad, equidad, la democracia y el respeto de los derechos humanos de los habitantes de nuestro Estado; e<\/li>\n<li>Impulsar la educaci\u00f3n integral de la Juventud y propiciar su inclusi\u00f3n en el \u00e1rea laboral.<\/li>\n<\/ol>\n<\/div>\n\t\t\t\t<\/div>\n\t\t\t<\/div>\n<div class=\"panel panel-default\">\n\t\t\t\t<div class=\"panel-heading\">\n\t\t\t\t\t<h4 class=\"panel-title\">\n\t\t\t\t\t\t<a class=\"collapsed\" data-toggle=\"collapse\" data-parent=\"#custom-collapse-0\" href=\"#custom-collapse-0-1\">Metas del Instituto de la Juventud de Tamaulipas<\/a>\n\t\t\t\t\t<\/h4>\n\t\t\t\t<\/div>\n\t\t\t\t<div id=\"custom-collapse-0-1\" class=\"panel-collapse collapse\">\n\t\t\t\t\t<div class=\"panel-body\">\n<p>Las metas institucionales corresponden a las l\u00edneas de acci\u00f3n para adolescentes y j\u00f3venes publicadas por el Gobernador Constitucional del Estado, Am\u00e9rico Villarreal Anaya, siendo \u00e9stas las siguientes:<\/p>\n<table>\n<tbody>\n<tr>\n<td colspan=\"2\"><span style=\"font-weight: 400;\">EJE 2 POL\u00cdTICA SOCIAL PARA EL BIENESTAR<\/span><\/td>\n<\/tr>\n<tr>\n<td colspan=\"2\"><span style=\"font-weight: 400;\">Marco estrat\u00e9gico: Impulso de las juventudes<\/span><\/td>\n<\/tr>\n<tr>\n<td><b>Objetivo:<\/b><\/td>\n<td><span style=\"font-weight: 400;\">B3.1 Contribuir a la reducci\u00f3n de los \u00edndices de violencia en contra de las y los j\u00f3venes de Tamaulipas, fomentando el desarrollo de la cultura de paz y la ejecuci\u00f3n eficaz de sus derechos humanos.<\/span><\/td>\n<\/tr>\n<tr>\n<td><b>Estrategia<\/b><\/td>\n<td><b>L\u00edneas de acci\u00f3n<\/b><\/td>\n<\/tr>\n<tr>\n<td><span style=\"font-weight: 400;\">B3.1.1 Desarrollar entornos familiares y comunitarios que promuevan comportamientos positivos en las y los j\u00f3venes tamaulipecos.<\/span><\/td>\n<td><span style=\"font-weight: 400;\">B3.1.1.1 Divulgar conocimientos te\u00f3ricos y pr\u00e1cticos para la promoci\u00f3n de estilos de vida sostenibles en la poblaci\u00f3n joven de Tamaulipas.<\/span><\/p>\n<p><span style=\"font-weight: 400;\">B3.1.1.2 Realizar cursos y talleres para la promoci\u00f3n de la cultura de paz y no violencia en ambientes familiares y educativos.<\/span><\/p>\n<p><span style=\"font-weight: 400;\">B3.1.1.3 Promover la intervenci\u00f3n oportuna de especialistas para la prevenci\u00f3n o atenci\u00f3n de eventos violentos hacia mujeres j\u00f3venes.<\/span><\/td>\n<\/tr>\n<tr>\n<td><span style=\"font-weight: 400;\">B3.1.2 Promover y reforzar normas y valores entre la poblaci\u00f3n adolescente y juvenil que fomenten relaciones positivas y equitativas en cuanto al g\u00e9nero.<\/span><\/td>\n<td><span style=\"font-weight: 400;\">B3.1.2.1 Impulsar la educaci\u00f3n e intervenci\u00f3n psicosocial en planteles educativos para la prevenci\u00f3n de violencia de pareja.<\/span><\/p>\n<p><span style=\"font-weight: 400;\">B3.1.2.2 Promover la concientizaci\u00f3n acerca de la importancia de la pr\u00e1ctica de comportamientos positivos y libres de discriminaci\u00f3n en planteles educativos y espacios laborales.<\/span><\/p>\n<p><span style=\"font-weight: 400;\">B3.1.2.3 Impartir capacitaciones y conferencias con expertos en materia de valores y cultura de paz para las familias, adolescentes y j\u00f3venes.<\/span><\/p>\n<p><span style=\"font-weight: 400;\">B3.1.2.4 Coadyuvar en la identificaci\u00f3n y seguimiento a casos espec\u00edficos de violencia entre adolescentes y j\u00f3venes para brindar acceso oportuno a su atenci\u00f3n y asesor\u00eda.<\/span><\/td>\n<\/tr>\n<tr>\n<td><b>Objetivo:<\/b><\/td>\n<td><span style=\"font-weight: 400;\">B3.2 Contribuir a la disminuci\u00f3n del rezago de estudiantes tamaulipecos del nivel secundaria y medio superior, a trav\u00e9s del impulso de una educaci\u00f3n incluyente.<\/span><\/td>\n<\/tr>\n<tr>\n<td><b>Estrategia<\/b><\/td>\n<td><b>L\u00edneas de acci\u00f3n<\/b><\/td>\n<\/tr>\n<tr>\n<td><span style=\"font-weight: 400;\">B3.2.1 Promover mecanismos educativos para el progreso acad\u00e9mico y el \u00f3ptimo aprendizaje en estudiantes de nivel secundaria y medio superior.<\/span><\/td>\n<td><span style=\"font-weight: 400;\">B3.2.1.1 Impulsar el desarrollo de herramientas de apoyo a estudiantes para fortalecer el aprendizaje de asignaturas o temas educativos espec\u00edficos.<\/span><\/p>\n<p><span style=\"font-weight: 400;\">B3.2.1.2 Promover la atenci\u00f3n psicol\u00f3gica-educativa de estudiantes j\u00f3venes que re quieran m\u00e9todos espec\u00edficos o particulares para la adquisici\u00f3n y desarrollo del aprendizaje.<\/span><\/td>\n<\/tr>\n<tr>\n<td><b>Objetivo:<\/b><\/td>\n<td><span style=\"font-weight: 400;\">B3.3 Promover mecanismos para la inclusi\u00f3n, formaci\u00f3n y equidad que permitan incrementar la inserci\u00f3n laboral de calidad de las personas j\u00f3venes de Tamaulipas.<\/span><\/td>\n<\/tr>\n<tr>\n<td><b>Estrategia<\/b><\/td>\n<td><b>L\u00edneas de acci\u00f3n<\/b><\/td>\n<\/tr>\n<tr>\n<td><span style=\"font-weight: 400;\">B3.3.1 Impulsar el emprendimiento y el autoempleo en j\u00f3venes de 17 a 29 a\u00f1os en el estado para facilitar su autosuficiencia econ\u00f3mica.<\/span><\/td>\n<td><span style=\"font-weight: 400;\">B3.3.1.1 Brindar asesor\u00edas en materia legal, fiscal, financiera, administrativa y de mercadotecnia a las y los j\u00f3venes en Tamaulipas para el impulso de procesos de emprendimiento eficientes.<\/span><\/p>\n<p><span style=\"font-weight: 400;\">B3.3.1.2 Gestionar el acceso al financiamiento y est\u00edmulos econ\u00f3micos para la creaci\u00f3n de micro, peque\u00f1as y medianas empresas de j\u00f3venes tamaulipecos.<\/span><\/td>\n<\/tr>\n<tr>\n<td><span style=\"font-weight: 400;\">B3.3.2 Promocionar pol\u00edticas de acceso al empleo con criterios equitativos e incluyentes, en colaboraci\u00f3n con otras instancias p\u00fablicas y empresariales, para facilitar el desarrollo de condiciones favorables de las y los j\u00f3venes.<\/span><\/td>\n<td><span style=\"font-weight: 400;\">B3.3.2.1 Promover reuniones colaborativas entre j\u00f3venes y sectores empresariales para lograr mayores oportunidades de empleo y mejores condiciones laborales.<\/span><\/p>\n<p><span style=\"font-weight: 400;\">B3.3.2.2 Contribuir en el dise\u00f1o de criterios sociales, incluyentes y de g\u00e9nero que faciliten el acceso al empleo de la juventud en condiciones favorables.<\/span><\/td>\n<\/tr>\n<tr>\n<td><b>Objetivo:<\/b><\/td>\n<td><span style=\"font-weight: 400;\">B3.4 Garantizar mecanismos de participaci\u00f3n que faciliten el desarrollo econ\u00f3mico y social entre las juventudes de Tamaulipas.<\/span><\/td>\n<\/tr>\n<tr>\n<td><b>Estrategia<\/b><\/td>\n<td><b>L\u00edneas de acci\u00f3n<\/b><\/td>\n<\/tr>\n<tr>\n<td><span style=\"font-weight: 400;\">B3.4.1 Contribuir al acceso igualitario, al bienestar social y al ejercicio de los derechos de las personas j\u00f3venes mediante mecanismos de participaci\u00f3n juvenil que faciliten el desarrollo econ\u00f3mico y social en su entorno.<\/span><\/td>\n<td><span style=\"font-weight: 400;\">B3.4.1.1 Promover proyectos de vinculaci\u00f3n para la construcci\u00f3n del tejido social.<\/span><\/p>\n<p><span style=\"font-weight: 400;\">B3.4.1.2 Difundir campa\u00f1as y foros de concientizaci\u00f3n para la prevenci\u00f3n de las diversas problem\u00e1ticas sociales.<\/span><\/p>\n<p><span style=\"font-weight: 400;\">B3.4.1.3 Impulsar proyectos de liderazgo, emprendimiento y de creaci\u00f3n de asociaciones civiles por parte de las personas j\u00f3venes en la entidad.<\/span><\/td>\n<\/tr>\n<\/tbody>\n<\/table>\n<p>&nbsp;<\/p>\n<p>Se espera cumplir con las metas institucionales antes de finalizar el periodo de la actual administraci\u00f3n 2022-2028, en el marco de las atribuciones del Instituto de la Juventud de Tamaulipas, determinadas en su Decreto de Creaci\u00f3n.<\/p>\n<\/div>\n\t\t\t\t<\/div>\n\t\t\t<\/div>\n<\/div>\n","protected":false},"excerpt":{"rendered":"<p>Presentaci\u00f3n Somos un \u00f3rgano p\u00fablico descentralizado, de la Secretar\u00eda del Trabajo, que busca beneficiar principalmente a las personas j\u00f3venes de 12 a 29 a\u00f1os de\u2026<\/p>\n","protected":false},"author":7,"featured_media":0,"parent":0,"menu_order":0,"comment_status":"closed","ping_status":"closed","template":"","meta":{"footnotes":""},"class_list":["post-32","page","type-page","status-publish","hentry"],"publishpress_future_action":{"enabled":false,"date":"2026-04-15 23:07:19","action":"change-status","newStatus":"draft","terms":[],"taxonomy":""},"_links":{"self":[{"href":"https:\/\/www.tamaulipas.gob.mx\/jovenes\/wp-json\/wp\/v2\/pages\/32"}],"collection":[{"href":"https:\/\/www.tamaulipas.gob.mx\/jovenes\/wp-json\/wp\/v2\/pages"}],"about":[{"href":"https:\/\/www.tamaulipas.gob.mx\/jovenes\/wp-json\/wp\/v2\/types\/page"}],"author":[{"embeddable":true,"href":"https:\/\/www.tamaulipas.gob.mx\/jovenes\/wp-json\/wp\/v2\/users\/7"}],"replies":[{"embeddable":true,"href":"https:\/\/www.tamaulipas.gob.mx\/jovenes\/wp-json\/wp\/v2\/comments?post=32"}],"version-history":[{"count":17,"href":"https:\/\/www.tamaulipas.gob.mx\/jovenes\/wp-json\/wp\/v2\/pages\/32\/revisions"}],"predecessor-version":[{"id":1400,"href":"https:\/\/www.tamaulipas.gob.mx\/jovenes\/wp-json\/wp\/v2\/pages\/32\/revisions\/1400"}],"wp:attachment":[{"href":"https:\/\/www.tamaulipas.gob.mx\/jovenes\/wp-json\/wp\/v2\/media?parent=32"}],"curies":[{"name":"wp","href":"https:\/\/api.w.org\/{rel}","templated":true}]}}