{"id":1830,"date":"2026-04-06T13:29:52","date_gmt":"2026-04-06T19:29:52","guid":{"rendered":"https:\/\/www.tamaulipas.gob.mx\/jovenes\/?page_id=1830"},"modified":"2026-04-06T17:57:02","modified_gmt":"2026-04-06T23:57:02","slug":"congreso-tamaulipeco-de-la-juventud-2026","status":"publish","type":"page","link":"https:\/\/www.tamaulipas.gob.mx\/jovenes\/congreso-tamaulipeco-de-la-juventud-2026\/","title":{"rendered":"Congreso Tamaulipeco de la Juventud 2026"},"content":{"rendered":"<p style=\"text-align: justify;\">El Congreso del Estado Libre y Soberano de Tamaulipas, a trav\u00e9s de las Comisiones de Participaci\u00f3n Ciudadana y de Ni\u00f1ez, Adolescencia y Juventud, en colaboraci\u00f3n con el Instituto de la Juventud de Tamaulipas, con fundamento en lo dispuesto por la Constituci\u00f3n Pol\u00edtica del Estado de Tamaulipas, la Ley sobre la Organizaci\u00f3n y Funcionamiento Internos del Congreso del Estado, la Ley de los Derechos de las Personas J\u00f3venes del Estado de Tamaulipas, el Decreto de Creaci\u00f3n del Instituto de la Juventud de Tamaulipas y dem\u00e1s disposiciones aplicables; con el prop\u00f3sito de generar un espacio plural, democr\u00e1tico y participativo para que las juventudes tamaulipecas expresen, analicen y presenten propuestas legislativas y de pol\u00edtica p\u00fablica en favor del desarrollo integral del Estado.<\/p>\n<p style=\"text-align: center;\">CONVOCAN<\/p>\n<p style=\"text-align: justify;\">A las y los j\u00f3venes de 18 a 29 a\u00f1os de edad, residentes en el Estado de Tamaulipas, a participar en el Congreso Tamaulipeco de la Juventud 2026, que se celebrar\u00e1 en el mes de mayo del a\u00f1o en curso.<\/p>\n<p style=\"text-align: center;\">En el siguiente enlace consulta las bases de la convocatoria:<\/p>\n<p style=\"text-align: center;\"><a href=\"https:\/\/www.tamaulipas.gob.mx\/jovenes\/wp-content\/uploads\/sites\/19\/2026\/04\/convocatoria-congreso-tamaulipeco-de-la-juventud-2026.pdf\">convocatoria-congreso-tamaulipeco-de-la-juventud-2026<\/a><\/p>\n<p><img decoding=\"async\" src=\"https:\/\/www.tamaulipas.gob.mx\/jovenes\/wp-content\/uploads\/sites\/19\/2026\/04\/banner-boletin.jpg.jpeg\" \/><\/p>\n","protected":false},"excerpt":{"rendered":"<p>El Congreso del Estado Libre y Soberano de Tamaulipas, a trav\u00e9s de las Comisiones de Participaci\u00f3n Ciudadana y de Ni\u00f1ez, Adolescencia y Juventud, en colaboraci\u00f3n\u2026<\/p>\n","protected":false},"author":387,"featured_media":0,"parent":0,"menu_order":0,"comment_status":"closed","ping_status":"closed","template":"","meta":{"footnotes":""},"class_list":["post-1830","page","type-page","status-publish","hentry"],"publishpress_future_action":{"enabled":false,"date":"2026-04-18 03:59:22","action":"change-status","newStatus":"draft","terms":[],"taxonomy":""},"_links":{"self":[{"href":"https:\/\/www.tamaulipas.gob.mx\/jovenes\/wp-json\/wp\/v2\/pages\/1830"}],"collection":[{"href":"https:\/\/www.tamaulipas.gob.mx\/jovenes\/wp-json\/wp\/v2\/pages"}],"about":[{"href":"https:\/\/www.tamaulipas.gob.mx\/jovenes\/wp-json\/wp\/v2\/types\/page"}],"author":[{"embeddable":true,"href":"https:\/\/www.tamaulipas.gob.mx\/jovenes\/wp-json\/wp\/v2\/users\/387"}],"replies":[{"embeddable":true,"href":"https:\/\/www.tamaulipas.gob.mx\/jovenes\/wp-json\/wp\/v2\/comments?post=1830"}],"version-history":[{"count":4,"href":"https:\/\/www.tamaulipas.gob.mx\/jovenes\/wp-json\/wp\/v2\/pages\/1830\/revisions"}],"predecessor-version":[{"id":1837,"href":"https:\/\/www.tamaulipas.gob.mx\/jovenes\/wp-json\/wp\/v2\/pages\/1830\/revisions\/1837"}],"wp:attachment":[{"href":"https:\/\/www.tamaulipas.gob.mx\/jovenes\/wp-json\/wp\/v2\/media?parent=1830"}],"curies":[{"name":"wp","href":"https:\/\/api.w.org\/{rel}","templated":true}]}}